{"id":8198,"date":"2023-05-03T12:43:04","date_gmt":"2023-05-03T10:43:04","guid":{"rendered":"https:\/\/bluecaribe.inol3.com\/tour\/cave-experience-private\/"},"modified":"2023-06-12T12:38:39","modified_gmt":"2023-06-12T10:38:39","slug":"cave-experience-private","status":"publish","type":"product","link":"https:\/\/www.bluecaribetours.com\/de\/tour\/cave-experience-private\/","title":{"rendered":"TOUR H\u00d6HLENABENTEUER"},"content":{"rendered":"\t\t<div data-elementor-type=\"wp-post\" data-elementor-id=\"8198\" class=\"elementor elementor-8198 elementor-4780\">\n\t\t\t\t\t\t<section class=\"elementor-section elementor-top-section elementor-element elementor-element-2c69d09 elementor-section-boxed elementor-section-height-default elementor-section-height-default\" data-id=\"2c69d09\" data-element_type=\"section\">\n\t\t\t\t\t\t<div class=\"elementor-container elementor-column-gap-default\">\n\t\t\t\t\t<div class=\"elementor-column elementor-col-100 elementor-top-column elementor-element elementor-element-6e0617a\" data-id=\"6e0617a\" data-element_type=\"column\">\n\t\t\t<div class=\"elementor-widget-wrap elementor-element-populated\">\n\t\t\t\t\t\t<div class=\"elementor-element elementor-element-ac3a611 elementor-widget elementor-widget-ovabrw_product_images\" data-id=\"ac3a611\" data-element_type=\"widget\" data-widget_type=\"ovabrw_product_images.default\">\n\t\t\t\t<div class=\"elementor-widget-container\">\n\t\t\t\t\t\t\t\t\t<div class=\"elementor-product-image ovabrw-modern-product\">\n\t\t\t\t\t\t<div class=\"ovabrw-product-images\">\n\t\t<div class=\"featured-img\">\n\t\t\t<a class=\"gallery-fancybox\" data-index='0' href=\"javascript:;\">\n\t\t\t\t<img decoding=\"async\" data-src=\"https:\/\/www.bluecaribetours.com\/wp-content\/uploads\/2023\/05\/caves.jpg\" alt=\"caves\" src=\"data:image\/svg+xml;base64,PHN2ZyB3aWR0aD0iMSIgaGVpZ2h0PSIxIiB4bWxucz0iaHR0cDovL3d3dy53My5vcmcvMjAwMC9zdmciPjwvc3ZnPg==\" class=\"lazyload\" style=\"--smush-placeholder-width: 2560px; --smush-placeholder-aspect-ratio: 2560\/1707;\">\n\t\t\t<\/a>\n\t\t<\/div>\n\t\t\t\t<div class=\"data-gallery\" data-gallery=\"[{&quot;src&quot;:&quot;https:\\\/\\\/www.bluecaribetours.com\\\/wp-content\\\/uploads\\\/2023\\\/05\\\/caves.jpg&quot;,&quot;caption&quot;:&quot;caves&quot;,&quot;thumb&quot;:&quot;https:\\\/\\\/www.bluecaribetours.com\\\/wp-content\\\/uploads\\\/2023\\\/05\\\/caves.jpg&quot;}]\"><\/div>\n\t<\/div>\n\t\t\t\t\t\n\t\t\t\t<\/div>\n\t\t\t\t\t\t\t<\/div>\n\t\t\t\t<\/div>\n\t\t\t\t\t<\/div>\n\t\t<\/div>\n\t\t\t\t\t<\/div>\n\t\t<\/section>\n\t\t\t\t<section class=\"elementor-section elementor-top-section elementor-element elementor-element-46975da elementor-section-boxed elementor-section-height-default elementor-section-height-default\" data-id=\"46975da\" data-element_type=\"section\">\n\t\t\t\t\t\t<div class=\"elementor-container elementor-column-gap-default\">\n\t\t\t\t\t<div class=\"elementor-column elementor-col-50 elementor-top-column elementor-element elementor-element-4853206\" data-id=\"4853206\" data-element_type=\"column\">\n\t\t\t<div class=\"elementor-widget-wrap elementor-element-populated\">\n\t\t\t\t\t\t<div class=\"elementor-element elementor-element-44b05e2 elementor-widget elementor-widget-ovabrw_product_features\" data-id=\"44b05e2\" data-element_type=\"widget\" data-widget_type=\"ovabrw_product_features.default\">\n\t\t\t\t<div class=\"elementor-widget-container\">\n\t\t\t\t\t\t\t\t\t<div class=\"ovabrw-modern-product\">\n\t\t\t\t\t\n\t\t\t\t<\/div>\n\t\t\t\t\t\t\t<\/div>\n\t\t\t\t<\/div>\n\t\t\t\t\t<\/div>\n\t\t<\/div>\n\t\t\t\t<div class=\"elementor-column elementor-col-50 elementor-top-column elementor-element elementor-element-449a13b\" data-id=\"449a13b\" data-element_type=\"column\">\n\t\t\t<div class=\"elementor-widget-wrap elementor-element-populated\">\n\t\t\t\t\t\t\t<\/div>\n\t\t<\/div>\n\t\t\t\t\t<\/div>\n\t\t<\/section>\n\t\t\t\t<section class=\"elementor-section elementor-top-section elementor-element elementor-element-564df59a elementor-section-boxed elementor-section-height-default elementor-section-height-default\" data-id=\"564df59a\" data-element_type=\"section\">\n\t\t\t\t\t\t<div class=\"elementor-container elementor-column-gap-default\">\n\t\t\t\t\t<div class=\"elementor-column elementor-col-100 elementor-top-column elementor-element elementor-element-6c794b4b\" data-id=\"6c794b4b\" data-element_type=\"column\">\n\t\t\t<div class=\"elementor-widget-wrap elementor-element-populated\">\n\t\t\t\t\t\t\t<\/div>\n\t\t<\/div>\n\t\t\t\t\t<\/div>\n\t\t<\/section>\n\t\t\t\t<section class=\"elementor-section elementor-top-section elementor-element elementor-element-2fc597c elementor-section-boxed elementor-section-height-default elementor-section-height-default\" data-id=\"2fc597c\" data-element_type=\"section\">\n\t\t\t\t\t\t<div class=\"elementor-container elementor-column-gap-default\">\n\t\t\t\t\t<div class=\"elementor-column elementor-col-100 elementor-top-column elementor-element elementor-element-71d3f7c\" data-id=\"71d3f7c\" data-element_type=\"column\">\n\t\t\t<div class=\"elementor-widget-wrap elementor-element-populated\">\n\t\t\t\t\t\t<div class=\"elementor-element elementor-element-fdf20ef elementor-widget elementor-widget-ovabrw_product_rating\" data-id=\"fdf20ef\" data-element_type=\"widget\" data-widget_type=\"ovabrw_product_rating.default\">\n\t\t\t\t<div class=\"elementor-widget-container\">\n\t\t\t\t\t\t\t\t\t<div class=\"ovabrw-modern-product\">\n\t\t\t\t\t<div class=\"pdfTour\">\n\t\n\t<button title=\"Add to Wishlist\" class=\"shopengine_add_to_list_action shopengine-wishlist badge inactive\" data-pid=\"8198\">\n\t\t\t\t<i class=\"shopengine-icon-add_to_favourite_1\"><\/i>\n\t\t\t<\/button>\n\n\t\t<\/div>\n\t\t\t\t<\/div>\n\t\t\t\t\t\t\t<\/div>\n\t\t\t\t<\/div>\n\t\t\t\t<div class=\"elementor-element elementor-element-028b9b3 elementor-widget elementor-widget-ovabrw_unavailable_time\" data-id=\"028b9b3\" data-element_type=\"widget\" data-widget_type=\"ovabrw_unavailable_time.default\">\n\t\t\t\t<div class=\"elementor-widget-container\">\n\t\t\t\t\t\t\t\t\t<div class=\"ovabrw-modern-product\">\n\t\t\t\t\t\t\t\t\t<\/div>\n\t\t\t\t\t\t\t<\/div>\n\t\t\t\t<\/div>\n\t\t\t\t<div class=\"elementor-element elementor-element-9387ccf elementor-widget elementor-widget-ovabrw_product_table_price\" data-id=\"9387ccf\" data-element_type=\"widget\" data-widget_type=\"ovabrw_product_table_price.default\">\n\t\t\t\t<div class=\"elementor-widget-container\">\n\t\t\t\t\t\t\t\t\t<div class=\"ovabrw-modern-product\">\n\t\t\t\t\t\t\t\t\t<\/div>\n\t\t\t\t\t\t\t<\/div>\n\t\t\t\t<\/div>\n\t\t\t\t<div class=\"elementor-element elementor-element-6a8a2f8 elementor-widget elementor-widget-ovabrw_product_price\" data-id=\"6a8a2f8\" data-element_type=\"widget\" data-widget_type=\"ovabrw_product_price.default\">\n\t\t\t\t<div class=\"elementor-widget-container\">\n\t\t\t\t\t\t\t\t\t<div class=\"ovabrw-modern-product\">\n\t\t\t\t\t<div class=\"ovabrw-product-price boxPrezzi\">\n\t<!-- modifica per prezzi scheda prodotto pubblici INOL3-->\n\t        <span class=\"unit textPrezzo\">Erwachsene<\/span>\n\t\t<span class=\"amount prezzo\"><span class=\"woocommerce-Price-amount amount\"><bdi><span class=\"custom-prc\">89.00<\/span><span class=\"woocommerce-Price-currencySymbol\">&#36;<\/span><\/bdi><\/span><\/span>\n\t<\/div>\t\t\t\t<\/div>\n\t\t\t\t\t\t\t<\/div>\n\t\t\t\t<\/div>\n\t\t\t\t<div class=\"elementor-element elementor-element-85f818e elementor-widget elementor-widget-ovabrw_product_booking_form\" data-id=\"85f818e\" data-element_type=\"widget\" data-widget_type=\"ovabrw_product_booking_form.default\">\n\t\t\t\t<div class=\"elementor-widget-container\">\n\t\t\t\t\t\t\t\t\t<div class=\"ovabrw-modern-product\">\n\t\t\t\t\t\t<div class=\"ovabrw-product-form-tabs\">\n\t\t<div class=\"ovabrw-tab-content\">\n\t\t\t\t\t\t<div class=\"item-content active ovabrw_booking_form\" id=\"modern-booking\">\n\t\t\t\t\t\n<style type=\"text\/css\">#booking-box .elementor-widget-text-editor { display: none !important; }<\/style><a class=\"btn_tran contact\" href=\"https:\/\/www.bluecaribetours.com\/contact\/\">KONTAKTIEREN SIE UNS<\/a><!-- PASSA DI QUI inol3-->\n\t\t\t\t<\/div>\n\t\t\t\t\t<\/div>\n\t<\/div>\n\t\t\t\t<\/div>\n\t\t\t\t\t\t\t<\/div>\n\t\t\t\t<\/div>\n\t\t\t\t\t<\/div>\n\t\t<\/div>\n\t\t\t\t\t<\/div>\n\t\t<\/section>\n\t\t\t\t<\/div>\n\t\t","protected":false},"excerpt":{"rendered":"<h6>DIE TOUR<\/h6>\n<p>Bei dieser Tour werden wir eine der Hauptattraktionen, die die Natur an  der Riviera Maya und der Halbinsel Yucatan geschaffen hat, erkunden: die Cenoten. Wir werden ein paar Meter tief unter die Erde gehen, um diese nat\u00fcrlichen Formationen zu betreten, die f\u00fcr die alten Mayas die Stra\u00dfen waren, die in die Unterwelt f\u00fchrten. Das Erstaunliche an dieser Exkursion ist, wie sich diese Konstruktionen aus Stalagmiten und Stalaktiten im Laufe von Millionen von Jahren gebildet haben \u2013 normalerweise wachsen sie nicht mehr als 10 cm alle tausend Jahre.<\/p>\n<p class=\"p1\">Wir werden die Gelegenheit haben, zwei unterirdische H\u00f6hlen zu besichtigen, von denen jede v\u00f6llig anders ist. Wenn man bedenkt, dass es mehrere Arten von Cenoten gibt, ist dies eine Erlebnis, das Sie nie vergessen werden.\n<\/p>\n<p>&nbsp;<\/p>\n<h6>VORGESCHLAGENE OPTIONEN<\/h6>\n<p>Chichen Itza + Cenote + Stadtbesichtigung von Valladolid<\/p>\n<p class=\"p1\">Gestalten Sie Ihre Tour ganz nach Ihren W\u00fcnschen. Wir bei Blue Caribe sind Experten f\u00fcr ma\u00dfgeschneiderte L\u00f6sungen, also z\u00f6gern Sie nicht, sich \u00fcber alle M\u00f6glichkeiten zu erkundigen, damit Ihr Programm mit der bestm\u00f6glichen Qualit\u00e4t und Sorgfalt ausgearbeitet werden kann.<\/p>\n<p>&nbsp;<\/p>\n<h6 class=\"p1\">TICKET-INFORMATIONEN<\/h6>\n<p class=\"p1\">Kleinkinder 0\u20133 Jahre alt: kostenlose Tour*<br \/>\nKinder 4\u201311 Jahre: erm\u00e4\u00dfigter Preis*<br \/>\nErwachsene 12 Jahre und \u00e4lter: voller Preis<\/p>\n<p class=\"p1\">*Erkundigen Sie sich bei den Blue Caribe ExpertInnen, ob die gew\u00e4hlte Tour f\u00fcr Kleinkinder und Kinder geeignet ist.<\/p>\n<p>&nbsp;<\/p>\n","protected":false},"featured_media":7803,"comment_status":"open","ping_status":"closed","template":"","meta":{"_acf_changed":false,"inline_featured_image":false},"product_cat":[213],"product_tag":[205,200],"operation-days":[186,188,189,187,185,198,248],"class_list":{"0":"post-8198","1":"product","2":"type-product","3":"status-publish","4":"has-post-thumbnail","6":"product_cat-private-touren","7":"product_tag-cenote-de","8":"product_tag-naturbesichtigung","9":"operation-days-dienstag","10":"operation-days-donnerstag","11":"operation-days-freitag","12":"operation-days-mittwoch","13":"operation-days-montag","14":"operation-days-samstag","15":"operation-days-sonntag","17":"first","18":"instock","19":"shipping-taxable","20":"purchasable","21":"product-type-ovabrw_car_rental"},"acf":[],"_links":{"self":[{"href":"https:\/\/www.bluecaribetours.com\/de\/wp-json\/wp\/v2\/product\/8198"}],"collection":[{"href":"https:\/\/www.bluecaribetours.com\/de\/wp-json\/wp\/v2\/product"}],"about":[{"href":"https:\/\/www.bluecaribetours.com\/de\/wp-json\/wp\/v2\/types\/product"}],"replies":[{"embeddable":true,"href":"https:\/\/www.bluecaribetours.com\/de\/wp-json\/wp\/v2\/comments?post=8198"}],"version-history":[{"count":0,"href":"https:\/\/www.bluecaribetours.com\/de\/wp-json\/wp\/v2\/product\/8198\/revisions"}],"wp:featuredmedia":[{"embeddable":true,"href":"https:\/\/www.bluecaribetours.com\/de\/wp-json\/wp\/v2\/media\/7803"}],"wp:attachment":[{"href":"https:\/\/www.bluecaribetours.com\/de\/wp-json\/wp\/v2\/media?parent=8198"}],"wp:term":[{"taxonomy":"product_cat","embeddable":true,"href":"https:\/\/www.bluecaribetours.com\/de\/wp-json\/wp\/v2\/product_cat?post=8198"},{"taxonomy":"product_tag","embeddable":true,"href":"https:\/\/www.bluecaribetours.com\/de\/wp-json\/wp\/v2\/product_tag?post=8198"},{"taxonomy":"operation-days","embeddable":true,"href":"https:\/\/www.bluecaribetours.com\/de\/wp-json\/wp\/v2\/operation-days?post=8198"}],"curies":[{"name":"wp","href":"https:\/\/api.w.org\/{rel}","templated":true}]}}