{"id":8202,"date":"2023-05-03T12:33:47","date_gmt":"2023-05-03T10:33:47","guid":{"rendered":"https:\/\/bluecaribe.inol3.com\/tour\/merida-izamal-private\/"},"modified":"2023-09-13T11:30:34","modified_gmt":"2023-09-13T09:30:34","slug":"merida-izamal-private","status":"publish","type":"product","link":"https:\/\/www.bluecaribetours.com\/de\/tour\/merida-izamal-private\/","title":{"rendered":"MERIDA &#038; IZAMAL"},"content":{"rendered":"\t\t<div data-elementor-type=\"wp-post\" data-elementor-id=\"8202\" class=\"elementor elementor-8202 elementor-4773\">\n\t\t\t\t\t\t<section class=\"elementor-section elementor-top-section elementor-element elementor-element-2c69d09 elementor-section-boxed elementor-section-height-default elementor-section-height-default\" data-id=\"2c69d09\" data-element_type=\"section\">\n\t\t\t\t\t\t<div class=\"elementor-container elementor-column-gap-default\">\n\t\t\t\t\t<div class=\"elementor-column elementor-col-100 elementor-top-column elementor-element elementor-element-6e0617a\" data-id=\"6e0617a\" data-element_type=\"column\">\n\t\t\t<div class=\"elementor-widget-wrap elementor-element-populated\">\n\t\t\t\t\t\t<div class=\"elementor-element elementor-element-ac3a611 elementor-widget elementor-widget-ovabrw_product_images\" data-id=\"ac3a611\" data-element_type=\"widget\" data-widget_type=\"ovabrw_product_images.default\">\n\t\t\t\t<div class=\"elementor-widget-container\">\n\t\t\t\t\t\t\t\t\t<div class=\"elementor-product-image ovabrw-modern-product\">\n\t\t\t\t\t\t<div class=\"ovabrw-product-images\">\n\t\t<div class=\"featured-img\">\n\t\t\t<a class=\"gallery-fancybox\" data-index='0' href=\"javascript:;\">\n\t\t\t\t<img decoding=\"async\" data-src=\"https:\/\/www.bluecaribetours.com\/wp-content\/uploads\/2023\/05\/merida.jpg\" alt=\"merida\" src=\"data:image\/svg+xml;base64,PHN2ZyB3aWR0aD0iMSIgaGVpZ2h0PSIxIiB4bWxucz0iaHR0cDovL3d3dy53My5vcmcvMjAwMC9zdmciPjwvc3ZnPg==\" class=\"lazyload\" style=\"--smush-placeholder-width: 2560px; --smush-placeholder-aspect-ratio: 2560\/1707;\" data-srcset=\"https:\/\/www.bluecaribetours.com\/wp-content\/uploads\/2023\/05\/merida.jpg 2560w, https:\/\/www.bluecaribetours.com\/wp-content\/uploads\/2023\/05\/merida-300x200.jpg 300w, https:\/\/www.bluecaribetours.com\/wp-content\/uploads\/2023\/05\/merida-1024x683.jpg 1024w, https:\/\/www.bluecaribetours.com\/wp-content\/uploads\/2023\/05\/merida-768x512.jpg 768w, https:\/\/www.bluecaribetours.com\/wp-content\/uploads\/2023\/05\/merida-1536x1024.jpg 1536w, https:\/\/www.bluecaribetours.com\/wp-content\/uploads\/2023\/05\/merida-2048x1366.jpg 2048w, https:\/\/www.bluecaribetours.com\/wp-content\/uploads\/2023\/05\/merida-20x13.jpg 20w, https:\/\/www.bluecaribetours.com\/wp-content\/uploads\/2023\/05\/merida-600x400.jpg 600w\" data-sizes=\"auto\" data-original-sizes=\"(max-width: 2560px) 100vw, 2560px\">\n\t\t\t<\/a>\n\t\t<\/div>\n\t\t\t\t<div class=\"data-gallery\" data-gallery=\"[{&quot;src&quot;:&quot;https:\\\/\\\/www.bluecaribetours.com\\\/wp-content\\\/uploads\\\/2023\\\/05\\\/merida.jpg&quot;,&quot;caption&quot;:&quot;merida&quot;,&quot;thumb&quot;:&quot;https:\\\/\\\/www.bluecaribetours.com\\\/wp-content\\\/uploads\\\/2023\\\/05\\\/merida.jpg&quot;}]\"><\/div>\n\t<\/div>\n\t\t\t\t\t\n\t\t\t\t<\/div>\n\t\t\t\t\t\t\t<\/div>\n\t\t\t\t<\/div>\n\t\t\t\t\t<\/div>\n\t\t<\/div>\n\t\t\t\t\t<\/div>\n\t\t<\/section>\n\t\t\t\t<section class=\"elementor-section elementor-top-section elementor-element elementor-element-46975da elementor-section-boxed elementor-section-height-default elementor-section-height-default\" data-id=\"46975da\" data-element_type=\"section\">\n\t\t\t\t\t\t<div class=\"elementor-container elementor-column-gap-default\">\n\t\t\t\t\t<div class=\"elementor-column elementor-col-50 elementor-top-column elementor-element elementor-element-4853206\" data-id=\"4853206\" data-element_type=\"column\">\n\t\t\t<div class=\"elementor-widget-wrap elementor-element-populated\">\n\t\t\t\t\t\t<div class=\"elementor-element elementor-element-44b05e2 elementor-widget elementor-widget-ovabrw_product_features\" data-id=\"44b05e2\" data-element_type=\"widget\" data-widget_type=\"ovabrw_product_features.default\">\n\t\t\t\t<div class=\"elementor-widget-container\">\n\t\t\t\t\t\t\t\t\t<div class=\"ovabrw-modern-product\">\n\t\t\t\t\t\n\t\t\t\t<\/div>\n\t\t\t\t\t\t\t<\/div>\n\t\t\t\t<\/div>\n\t\t\t\t\t<\/div>\n\t\t<\/div>\n\t\t\t\t<div class=\"elementor-column elementor-col-50 elementor-top-column elementor-element elementor-element-449a13b\" data-id=\"449a13b\" data-element_type=\"column\">\n\t\t\t<div class=\"elementor-widget-wrap elementor-element-populated\">\n\t\t\t\t\t\t\t<\/div>\n\t\t<\/div>\n\t\t\t\t\t<\/div>\n\t\t<\/section>\n\t\t\t\t<section class=\"elementor-section elementor-top-section elementor-element elementor-element-564df59a elementor-section-boxed elementor-section-height-default elementor-section-height-default\" data-id=\"564df59a\" data-element_type=\"section\">\n\t\t\t\t\t\t<div class=\"elementor-container elementor-column-gap-default\">\n\t\t\t\t\t<div class=\"elementor-column elementor-col-100 elementor-top-column elementor-element elementor-element-6c794b4b\" data-id=\"6c794b4b\" data-element_type=\"column\">\n\t\t\t<div class=\"elementor-widget-wrap elementor-element-populated\">\n\t\t\t\t\t\t\t<\/div>\n\t\t<\/div>\n\t\t\t\t\t<\/div>\n\t\t<\/section>\n\t\t\t\t<section class=\"elementor-section elementor-top-section elementor-element elementor-element-2fc597c elementor-section-boxed elementor-section-height-default elementor-section-height-default\" data-id=\"2fc597c\" data-element_type=\"section\">\n\t\t\t\t\t\t<div class=\"elementor-container elementor-column-gap-default\">\n\t\t\t\t\t<div class=\"elementor-column elementor-col-100 elementor-top-column elementor-element elementor-element-71d3f7c\" data-id=\"71d3f7c\" data-element_type=\"column\">\n\t\t\t<div class=\"elementor-widget-wrap elementor-element-populated\">\n\t\t\t\t\t\t<div class=\"elementor-element elementor-element-fdf20ef elementor-widget elementor-widget-ovabrw_product_rating\" data-id=\"fdf20ef\" data-element_type=\"widget\" data-widget_type=\"ovabrw_product_rating.default\">\n\t\t\t\t<div class=\"elementor-widget-container\">\n\t\t\t\t\t\t\t\t\t<div class=\"ovabrw-modern-product\">\n\t\t\t\t\t<div class=\"pdfTour\">\n\t\n\t<button title=\"Add to Wishlist\" class=\"shopengine_add_to_list_action shopengine-wishlist badge inactive\" data-pid=\"8202\">\n\t\t\t\t<i class=\"shopengine-icon-add_to_favourite_1\"><\/i>\n\t\t\t<\/button>\n\n\t\t<\/div>\n\t\t\t\t<\/div>\n\t\t\t\t\t\t\t<\/div>\n\t\t\t\t<\/div>\n\t\t\t\t<div class=\"elementor-element elementor-element-028b9b3 elementor-widget elementor-widget-ovabrw_unavailable_time\" data-id=\"028b9b3\" data-element_type=\"widget\" data-widget_type=\"ovabrw_unavailable_time.default\">\n\t\t\t\t<div class=\"elementor-widget-container\">\n\t\t\t\t\t\t\t\t\t<div class=\"ovabrw-modern-product\">\n\t\t\t\t\t\t\t\t\t<\/div>\n\t\t\t\t\t\t\t<\/div>\n\t\t\t\t<\/div>\n\t\t\t\t<div class=\"elementor-element elementor-element-9387ccf elementor-widget elementor-widget-ovabrw_product_table_price\" data-id=\"9387ccf\" data-element_type=\"widget\" data-widget_type=\"ovabrw_product_table_price.default\">\n\t\t\t\t<div class=\"elementor-widget-container\">\n\t\t\t\t\t\t\t\t\t<div class=\"ovabrw-modern-product\">\n\t\t\t\t\t\t\t\t\t<\/div>\n\t\t\t\t\t\t\t<\/div>\n\t\t\t\t<\/div>\n\t\t\t\t<div class=\"elementor-element elementor-element-6a8a2f8 elementor-widget elementor-widget-ovabrw_product_price\" data-id=\"6a8a2f8\" data-element_type=\"widget\" data-widget_type=\"ovabrw_product_price.default\">\n\t\t\t\t<div class=\"elementor-widget-container\">\n\t\t\t\t\t\t\t\t\t<div class=\"ovabrw-modern-product\">\n\t\t\t\t\t<div class=\"ovabrw-product-price boxPrezzi\">\n\t<!-- modifica per prezzi scheda prodotto pubblici INOL3-->\n\t        <span class=\"unit textPrezzo\">Erwachsene<\/span>\n\t\t<span class=\"amount prezzo\"><span class=\"woocommerce-Price-amount amount\"><bdi><span class=\"custom-prc\">129.00<\/span><span class=\"woocommerce-Price-currencySymbol\">&#36;<\/span><\/bdi><\/span><\/span>\n\t<\/div>\t\t\t\t<\/div>\n\t\t\t\t\t\t\t<\/div>\n\t\t\t\t<\/div>\n\t\t\t\t<div class=\"elementor-element elementor-element-85f818e elementor-widget elementor-widget-ovabrw_product_booking_form\" data-id=\"85f818e\" data-element_type=\"widget\" data-widget_type=\"ovabrw_product_booking_form.default\">\n\t\t\t\t<div class=\"elementor-widget-container\">\n\t\t\t\t\t\t\t\t\t<div class=\"ovabrw-modern-product\">\n\t\t\t\t\t\t<div class=\"ovabrw-product-form-tabs\">\n\t\t<div class=\"ovabrw-tab-content\">\n\t\t\t\t\t\t<div class=\"item-content active ovabrw_booking_form\" id=\"modern-booking\">\n\t\t\t\t\t\n<style type=\"text\/css\">#booking-box .elementor-widget-text-editor { display: none !important; }<\/style><a class=\"btn_tran contact\" href=\"https:\/\/www.bluecaribetours.com\/contact\/\">KONTAKTIEREN SIE UNS<\/a><!-- PASSA DI QUI inol3-->\n\t\t\t\t<\/div>\n\t\t\t\t\t<\/div>\n\t<\/div>\n\t\t\t\t<\/div>\n\t\t\t\t\t\t\t<\/div>\n\t\t\t\t<\/div>\n\t\t\t\t\t<\/div>\n\t\t<\/div>\n\t\t\t\t\t<\/div>\n\t\t<\/section>\n\t\t\t\t<\/div>\n\t\t","protected":false},"excerpt":{"rendered":"<h6>DIE TOUR<\/h6>\n<p>Merida, besser bekannt als die \u201ewei\u00dfe Stadt\u201c, zeichnet sich durch die Ruhe und Freundlichkeit seiner Einwohner aus. Es ist eine Stadt, in der man die kunstvoll gestaltete, detailreiche Architektur und die fein gearbeiteten Fassaden mit neoklassischem Einfluss bewundern kann. Die Kathedrale des historischen Zentrums, der Paseo Montejo und andere Geb\u00e4ude im europ\u00e4ischen Stil wie der Palacio Cant\u00f3n und die ehemaligen Haziendas von Henequ\u00e9n sind nur einige der Sehensw\u00fcrdigkeiten, die wir w\u00e4hrend unserer Tour durch das historische Zentrum der Stadt sehen werden.<\/p>\n<p>Im Rahmen dieser Tour werden wir auch die wundersch\u00f6ne Stadt Izamal besuchen, eine der \u00e4ltesten und bedeutendsten Maya-St\u00e4dte, die sich durch die Farbe ihrer Stra\u00dfen und ihre Bauten im Kolonialstil auszeichnet, die auf das 16. Jahrhundert zur\u00fcckgehen. In Izamal sind heute noch viele alte Stra\u00dfen, Viertel, M\u00e4rkte und H\u00e4user aus der Kolonialzeit erhalten.<\/p>\n<p class=\"p1\">Gestalten Sie Ihre Tour ganz nach Ihren W\u00fcnschen. Wir bei Blue Caribe sind Experten f\u00fcr ma\u00dfgeschneiderte L\u00f6sungen, also z\u00f6gern Sie nicht, sich \u00fcber alle M\u00f6glichkeiten zu erkundigen, damit Ihr Programm mit der bestm\u00f6glichen Qualit\u00e4t und Sorgfalt ausgearbeitet werden kann.<\/p>\n<p>&nbsp;<\/p>\n<h6 class=\"p1\">TICKET-INFORMATIONEN<\/h6>\n<p class=\"p1\">Kleinkinder 0\u20133 Jahre alt: kostenlose Tour*<br \/>\nKinder 4\u201311 Jahre: erm\u00e4\u00dfigter Preis*<br \/>\nErwachsene 12 Jahre und \u00e4lter: voller Preis<\/p>\n<p class=\"p1\">*Erkundigen Sie sich bei den Blue Caribe ExpertInnen, ob die gew\u00e4hlte Tour f\u00fcr Kleinkinder und Kinder geeignet ist.<\/p>\n<p>&nbsp;<\/p>\n","protected":false},"featured_media":7799,"comment_status":"open","ping_status":"closed","template":"","meta":{"_acf_changed":false,"inline_featured_image":false},"product_cat":[213],"product_tag":[206],"operation-days":[186,188,189,187,185,198,248],"class_list":{"0":"post-8202","1":"product","2":"type-product","3":"status-publish","4":"has-post-thumbnail","6":"product_cat-private-touren","7":"product_tag-kulturelles","8":"operation-days-dienstag","9":"operation-days-donnerstag","10":"operation-days-freitag","11":"operation-days-mittwoch","12":"operation-days-montag","13":"operation-days-samstag","14":"operation-days-sonntag","16":"first","17":"instock","18":"shipping-taxable","19":"purchasable","20":"product-type-ovabrw_car_rental"},"acf":[],"yoast_head":"<!-- This site is optimized with the Yoast SEO plugin v25.3 - https:\/\/yoast.com\/wordpress\/plugins\/seo\/ -->\n<title>MERIDA &amp; IZAMAL - Blue Caribe Tours<\/title>\n<meta name=\"robots\" content=\"index, follow, max-snippet:-1, max-image-preview:large, max-video-preview:-1\" \/>\n<link rel=\"canonical\" href=\"https:\/\/www.bluecaribetours.com\/de\/tour\/merida-izamal-private\/\" \/>\n<meta property=\"og:locale\" content=\"de_DE\" \/>\n<meta property=\"og:type\" content=\"article\" \/>\n<meta property=\"og:title\" content=\"MERIDA &amp; IZAMAL - Blue Caribe Tours\" \/>\n<meta property=\"og:description\" content=\"DIE TOUR Merida, besser bekannt als die \u201ewei\u00dfe Stadt\u201c, zeichnet sich durch die Ruhe und Freundlichkeit seiner Einwohner aus. Es ist eine Stadt, in der man die kunstvoll gestaltete, detailreiche Architektur und die fein gearbeiteten Fassaden mit neoklassischem Einfluss bewundern kann. Die Kathedrale des historischen Zentrums, der Paseo Montejo und andere Geb\u00e4ude im europ\u00e4ischen Stil wie der Palacio Cant\u00f3n und die ehemaligen Haziendas von Henequ\u00e9n sind nur einige der Sehensw\u00fcrdigkeiten, die wir w\u00e4hrend unserer Tour durch das historische Zentrum der Stadt sehen werden. Im Rahmen dieser Tour werden wir auch die wundersch\u00f6ne Stadt Izamal besuchen, eine der \u00e4ltesten und bedeutendsten Maya-St\u00e4dte, die sich durch die Farbe ihrer Stra\u00dfen und ihre Bauten im Kolonialstil auszeichnet, die auf das 16. Jahrhundert zur\u00fcckgehen. In Izamal sind heute noch viele alte Stra\u00dfen, Viertel, M\u00e4rkte und H\u00e4user aus der Kolonialzeit erhalten. Gestalten Sie Ihre Tour ganz nach Ihren W\u00fcnschen. Wir bei Blue Caribe sind Experten f\u00fcr ma\u00dfgeschneiderte L\u00f6sungen, also z\u00f6gern Sie nicht, sich \u00fcber alle M\u00f6glichkeiten zu erkundigen, damit Ihr Programm mit der bestm\u00f6glichen Qualit\u00e4t und Sorgfalt ausgearbeitet werden kann. &nbsp; TICKET-INFORMATIONEN Kleinkinder 0\u20133 Jahre alt: kostenlose Tour* Kinder 4\u201311 Jahre: erm\u00e4\u00dfigter Preis* Erwachsene 12 Jahre und \u00e4lter: voller Preis *Erkundigen Sie sich bei den Blue Caribe ExpertInnen, ob die gew\u00e4hlte Tour f\u00fcr Kleinkinder und Kinder geeignet ist. &nbsp;\" \/>\n<meta property=\"og:url\" content=\"https:\/\/www.bluecaribetours.com\/de\/tour\/merida-izamal-private\/\" \/>\n<meta property=\"og:site_name\" content=\"Blue Caribe Tours\" \/>\n<meta property=\"article:publisher\" content=\"https:\/\/www.facebook.com\/bluecaribe.mexico\" \/>\n<meta property=\"article:modified_time\" content=\"2023-09-13T09:30:34+00:00\" \/>\n<meta property=\"og:image\" content=\"https:\/\/www.bluecaribetours.com\/wp-content\/uploads\/2023\/05\/merida-1024x683.jpg\" \/>\n\t<meta property=\"og:image:width\" content=\"1024\" \/>\n\t<meta property=\"og:image:height\" content=\"683\" \/>\n\t<meta property=\"og:image:type\" content=\"image\/jpeg\" \/>\n<meta name=\"twitter:card\" content=\"summary_large_image\" \/>\n<script type=\"application\/ld+json\" class=\"yoast-schema-graph\">{\"@context\":\"https:\/\/schema.org\",\"@graph\":[{\"@type\":\"WebPage\",\"@id\":\"https:\/\/www.bluecaribetours.com\/de\/tour\/merida-izamal-private\/\",\"url\":\"https:\/\/www.bluecaribetours.com\/de\/tour\/merida-izamal-private\/\",\"name\":\"MERIDA & IZAMAL - Blue Caribe Tours\",\"isPartOf\":{\"@id\":\"https:\/\/www.bluecaribetours.com\/de\/#website\"},\"primaryImageOfPage\":{\"@id\":\"https:\/\/www.bluecaribetours.com\/de\/tour\/merida-izamal-private\/#primaryimage\"},\"image\":{\"@id\":\"https:\/\/www.bluecaribetours.com\/de\/tour\/merida-izamal-private\/#primaryimage\"},\"thumbnailUrl\":\"https:\/\/www.bluecaribetours.com\/wp-content\/uploads\/2023\/05\/merida.jpg\",\"datePublished\":\"2023-05-03T10:33:47+00:00\",\"dateModified\":\"2023-09-13T09:30:34+00:00\",\"breadcrumb\":{\"@id\":\"https:\/\/www.bluecaribetours.com\/de\/tour\/merida-izamal-private\/#breadcrumb\"},\"inLanguage\":\"de-DE\",\"potentialAction\":[{\"@type\":\"ReadAction\",\"target\":[\"https:\/\/www.bluecaribetours.com\/de\/tour\/merida-izamal-private\/\"]}]},{\"@type\":\"ImageObject\",\"inLanguage\":\"de-DE\",\"@id\":\"https:\/\/www.bluecaribetours.com\/de\/tour\/merida-izamal-private\/#primaryimage\",\"url\":\"https:\/\/www.bluecaribetours.com\/wp-content\/uploads\/2023\/05\/merida.jpg\",\"contentUrl\":\"https:\/\/www.bluecaribetours.com\/wp-content\/uploads\/2023\/05\/merida.jpg\",\"width\":2560,\"height\":1707},{\"@type\":\"BreadcrumbList\",\"@id\":\"https:\/\/www.bluecaribetours.com\/de\/tour\/merida-izamal-private\/#breadcrumb\",\"itemListElement\":[{\"@type\":\"ListItem\",\"position\":1,\"name\":\"Home\",\"item\":\"https:\/\/www.bluecaribetours.com\/\"},{\"@type\":\"ListItem\",\"position\":2,\"name\":\"Products\",\"item\":\"https:\/\/www.bluecaribetours.com\/shop\/\"},{\"@type\":\"ListItem\",\"position\":3,\"name\":\"MERIDA &#038; IZAMAL\"}]},{\"@type\":\"WebSite\",\"@id\":\"https:\/\/www.bluecaribetours.com\/de\/#website\",\"url\":\"https:\/\/www.bluecaribetours.com\/de\/\",\"name\":\"Blue Caribe Tours\",\"description\":\"Mehrsprachige Gruppen - und Privatreisen, Entdecken Sie die mexikanische Karibik\",\"publisher\":{\"@id\":\"https:\/\/www.bluecaribetours.com\/de\/#organization\"},\"potentialAction\":[{\"@type\":\"SearchAction\",\"target\":{\"@type\":\"EntryPoint\",\"urlTemplate\":\"https:\/\/www.bluecaribetours.com\/de\/?s={search_term_string}\"},\"query-input\":{\"@type\":\"PropertyValueSpecification\",\"valueRequired\":true,\"valueName\":\"search_term_string\"}}],\"inLanguage\":\"de-DE\"},{\"@type\":\"Organization\",\"@id\":\"https:\/\/www.bluecaribetours.com\/de\/#organization\",\"name\":\"Blue Caribe Tours\",\"url\":\"https:\/\/www.bluecaribetours.com\/de\/\",\"logo\":{\"@type\":\"ImageObject\",\"inLanguage\":\"de-DE\",\"@id\":\"https:\/\/www.bluecaribetours.com\/de\/#\/schema\/logo\/image\/\",\"url\":\"https:\/\/www.bluecaribetours.com\/wp-content\/uploads\/2025\/11\/logo-bluecaribe-2025.svg\",\"contentUrl\":\"https:\/\/www.bluecaribetours.com\/wp-content\/uploads\/2025\/11\/logo-bluecaribe-2025.svg\",\"width\":129,\"height\":73,\"caption\":\"Blue Caribe Tours\"},\"image\":{\"@id\":\"https:\/\/www.bluecaribetours.com\/de\/#\/schema\/logo\/image\/\"},\"sameAs\":[\"https:\/\/www.facebook.com\/bluecaribe.mexico\",\"https:\/\/www.instagram.com\/blue_caribe_\/?igshid=NTc4MTIwNjQ2YQ\"]}]}<\/script>\n<!-- \/ Yoast SEO plugin. -->","yoast_head_json":{"title":"MERIDA & IZAMAL - Blue Caribe Tours","robots":{"index":"index","follow":"follow","max-snippet":"max-snippet:-1","max-image-preview":"max-image-preview:large","max-video-preview":"max-video-preview:-1"},"canonical":"https:\/\/www.bluecaribetours.com\/de\/tour\/merida-izamal-private\/","og_locale":"de_DE","og_type":"article","og_title":"MERIDA & IZAMAL - Blue Caribe Tours","og_description":"DIE TOUR Merida, besser bekannt als die \u201ewei\u00dfe Stadt\u201c, zeichnet sich durch die Ruhe und Freundlichkeit seiner Einwohner aus. Es ist eine Stadt, in der man die kunstvoll gestaltete, detailreiche Architektur und die fein gearbeiteten Fassaden mit neoklassischem Einfluss bewundern kann. Die Kathedrale des historischen Zentrums, der Paseo Montejo und andere Geb\u00e4ude im europ\u00e4ischen Stil wie der Palacio Cant\u00f3n und die ehemaligen Haziendas von Henequ\u00e9n sind nur einige der Sehensw\u00fcrdigkeiten, die wir w\u00e4hrend unserer Tour durch das historische Zentrum der Stadt sehen werden. Im Rahmen dieser Tour werden wir auch die wundersch\u00f6ne Stadt Izamal besuchen, eine der \u00e4ltesten und bedeutendsten Maya-St\u00e4dte, die sich durch die Farbe ihrer Stra\u00dfen und ihre Bauten im Kolonialstil auszeichnet, die auf das 16. Jahrhundert zur\u00fcckgehen. In Izamal sind heute noch viele alte Stra\u00dfen, Viertel, M\u00e4rkte und H\u00e4user aus der Kolonialzeit erhalten. Gestalten Sie Ihre Tour ganz nach Ihren W\u00fcnschen. Wir bei Blue Caribe sind Experten f\u00fcr ma\u00dfgeschneiderte L\u00f6sungen, also z\u00f6gern Sie nicht, sich \u00fcber alle M\u00f6glichkeiten zu erkundigen, damit Ihr Programm mit der bestm\u00f6glichen Qualit\u00e4t und Sorgfalt ausgearbeitet werden kann. &nbsp; TICKET-INFORMATIONEN Kleinkinder 0\u20133 Jahre alt: kostenlose Tour* Kinder 4\u201311 Jahre: erm\u00e4\u00dfigter Preis* Erwachsene 12 Jahre und \u00e4lter: voller Preis *Erkundigen Sie sich bei den Blue Caribe ExpertInnen, ob die gew\u00e4hlte Tour f\u00fcr Kleinkinder und Kinder geeignet ist. &nbsp;","og_url":"https:\/\/www.bluecaribetours.com\/de\/tour\/merida-izamal-private\/","og_site_name":"Blue Caribe Tours","article_publisher":"https:\/\/www.facebook.com\/bluecaribe.mexico","article_modified_time":"2023-09-13T09:30:34+00:00","og_image":[{"width":1024,"height":683,"url":"https:\/\/www.bluecaribetours.com\/wp-content\/uploads\/2023\/05\/merida-1024x683.jpg","type":"image\/jpeg"}],"twitter_card":"summary_large_image","schema":{"@context":"https:\/\/schema.org","@graph":[{"@type":"WebPage","@id":"https:\/\/www.bluecaribetours.com\/de\/tour\/merida-izamal-private\/","url":"https:\/\/www.bluecaribetours.com\/de\/tour\/merida-izamal-private\/","name":"MERIDA & IZAMAL - Blue Caribe Tours","isPartOf":{"@id":"https:\/\/www.bluecaribetours.com\/de\/#website"},"primaryImageOfPage":{"@id":"https:\/\/www.bluecaribetours.com\/de\/tour\/merida-izamal-private\/#primaryimage"},"image":{"@id":"https:\/\/www.bluecaribetours.com\/de\/tour\/merida-izamal-private\/#primaryimage"},"thumbnailUrl":"https:\/\/www.bluecaribetours.com\/wp-content\/uploads\/2023\/05\/merida.jpg","datePublished":"2023-05-03T10:33:47+00:00","dateModified":"2023-09-13T09:30:34+00:00","breadcrumb":{"@id":"https:\/\/www.bluecaribetours.com\/de\/tour\/merida-izamal-private\/#breadcrumb"},"inLanguage":"de-DE","potentialAction":[{"@type":"ReadAction","target":["https:\/\/www.bluecaribetours.com\/de\/tour\/merida-izamal-private\/"]}]},{"@type":"ImageObject","inLanguage":"de-DE","@id":"https:\/\/www.bluecaribetours.com\/de\/tour\/merida-izamal-private\/#primaryimage","url":"https:\/\/www.bluecaribetours.com\/wp-content\/uploads\/2023\/05\/merida.jpg","contentUrl":"https:\/\/www.bluecaribetours.com\/wp-content\/uploads\/2023\/05\/merida.jpg","width":2560,"height":1707},{"@type":"BreadcrumbList","@id":"https:\/\/www.bluecaribetours.com\/de\/tour\/merida-izamal-private\/#breadcrumb","itemListElement":[{"@type":"ListItem","position":1,"name":"Home","item":"https:\/\/www.bluecaribetours.com\/"},{"@type":"ListItem","position":2,"name":"Products","item":"https:\/\/www.bluecaribetours.com\/shop\/"},{"@type":"ListItem","position":3,"name":"MERIDA &#038; IZAMAL"}]},{"@type":"WebSite","@id":"https:\/\/www.bluecaribetours.com\/de\/#website","url":"https:\/\/www.bluecaribetours.com\/de\/","name":"Blue Caribe Tours","description":"Mehrsprachige Gruppen - und Privatreisen, Entdecken Sie die mexikanische Karibik","publisher":{"@id":"https:\/\/www.bluecaribetours.com\/de\/#organization"},"potentialAction":[{"@type":"SearchAction","target":{"@type":"EntryPoint","urlTemplate":"https:\/\/www.bluecaribetours.com\/de\/?s={search_term_string}"},"query-input":{"@type":"PropertyValueSpecification","valueRequired":true,"valueName":"search_term_string"}}],"inLanguage":"de-DE"},{"@type":"Organization","@id":"https:\/\/www.bluecaribetours.com\/de\/#organization","name":"Blue Caribe Tours","url":"https:\/\/www.bluecaribetours.com\/de\/","logo":{"@type":"ImageObject","inLanguage":"de-DE","@id":"https:\/\/www.bluecaribetours.com\/de\/#\/schema\/logo\/image\/","url":"https:\/\/www.bluecaribetours.com\/wp-content\/uploads\/2025\/11\/logo-bluecaribe-2025.svg","contentUrl":"https:\/\/www.bluecaribetours.com\/wp-content\/uploads\/2025\/11\/logo-bluecaribe-2025.svg","width":129,"height":73,"caption":"Blue Caribe Tours"},"image":{"@id":"https:\/\/www.bluecaribetours.com\/de\/#\/schema\/logo\/image\/"},"sameAs":["https:\/\/www.facebook.com\/bluecaribe.mexico","https:\/\/www.instagram.com\/blue_caribe_\/?igshid=NTc4MTIwNjQ2YQ"]}]}},"_links":{"self":[{"href":"https:\/\/www.bluecaribetours.com\/de\/wp-json\/wp\/v2\/product\/8202"}],"collection":[{"href":"https:\/\/www.bluecaribetours.com\/de\/wp-json\/wp\/v2\/product"}],"about":[{"href":"https:\/\/www.bluecaribetours.com\/de\/wp-json\/wp\/v2\/types\/product"}],"replies":[{"embeddable":true,"href":"https:\/\/www.bluecaribetours.com\/de\/wp-json\/wp\/v2\/comments?post=8202"}],"wp:featuredmedia":[{"embeddable":true,"href":"https:\/\/www.bluecaribetours.com\/de\/wp-json\/wp\/v2\/media\/7799"}],"wp:attachment":[{"href":"https:\/\/www.bluecaribetours.com\/de\/wp-json\/wp\/v2\/media?parent=8202"}],"wp:term":[{"taxonomy":"product_cat","embeddable":true,"href":"https:\/\/www.bluecaribetours.com\/de\/wp-json\/wp\/v2\/product_cat?post=8202"},{"taxonomy":"product_tag","embeddable":true,"href":"https:\/\/www.bluecaribetours.com\/de\/wp-json\/wp\/v2\/product_tag?post=8202"},{"taxonomy":"operation-days","embeddable":true,"href":"https:\/\/www.bluecaribetours.com\/de\/wp-json\/wp\/v2\/operation-days?post=8202"}],"curies":[{"name":"wp","href":"https:\/\/api.w.org\/{rel}","templated":true}]}}