{"id":9456,"date":"2023-09-22T11:53:51","date_gmt":"2023-09-22T09:53:51","guid":{"rendered":"https:\/\/www.bluecaribetours.com\/terminos-y-condiciones\/"},"modified":"2024-09-03T22:11:38","modified_gmt":"2024-09-03T20:11:38","slug":"terms-conditions","status":"publish","type":"page","link":"https:\/\/www.bluecaribetours.com\/es\/terms-conditions\/","title":{"rendered":"T\u00e9rminos y condiciones"},"content":{"rendered":"\t\t<div data-elementor-type=\"wp-page\" data-elementor-id=\"9456\" class=\"elementor elementor-9456 elementor-9414\">\n\t\t\t\t\t\t<section class=\"elementor-section elementor-top-section elementor-element elementor-element-9546982 elementor-section-boxed elementor-section-height-default elementor-section-height-default\" data-id=\"9546982\" data-element_type=\"section\">\n\t\t\t\t\t\t<div class=\"elementor-container elementor-column-gap-default\">\n\t\t\t\t\t<div class=\"elementor-column elementor-col-100 elementor-top-column elementor-element elementor-element-4c3cafd\" data-id=\"4c3cafd\" data-element_type=\"column\" data-settings=\"{&quot;background_background&quot;:&quot;classic&quot;}\">\n\t\t\t<div class=\"elementor-widget-wrap elementor-element-populated\">\n\t\t\t\t<div class=\"elementor-element elementor-element-0c5385a e-flex e-con-boxed e-con e-parent\" data-id=\"0c5385a\" data-element_type=\"container\">\n\t\t\t\t\t<div class=\"e-con-inner\">\n\t\t\t\t<div class=\"elementor-element elementor-element-c4d7110 elementor-widget elementor-widget-heading\" data-id=\"c4d7110\" data-element_type=\"widget\" data-widget_type=\"heading.default\">\n\t\t\t\t<div class=\"elementor-widget-container\">\n\t\t\t\t\t<h2 class=\"elementor-heading-title elementor-size-default\">T\u00e9rminos y condiciones<\/h2>\t\t\t\t<\/div>\n\t\t\t\t<\/div>\n\t\t\t\t<div class=\"elementor-element elementor-element-6089635 elementor-widget elementor-widget-text-editor\" data-id=\"6089635\" data-element_type=\"widget\" data-widget_type=\"text-editor.default\">\n\t\t\t\t<div class=\"elementor-widget-container\">\n\t\t\t\t\t\t\t\t\t<p>Es muy importante que lea atentamente los t\u00e9rminos y condiciones antes de reservar con nosotros.<\/p>\n\t\t\t\t\t\t\t\t<\/div>\n\t\t\t\t<\/div>\n\t\t\t\t<div class=\"elementor-element elementor-element-0cc99f5 elementor-widget-divider--view-line elementor-widget elementor-widget-divider\" data-id=\"0cc99f5\" data-element_type=\"widget\" data-widget_type=\"divider.default\">\n\t\t\t\t<div class=\"elementor-widget-container\">\n\t\t\t\t\t\t\t<div class=\"elementor-divider\">\n\t\t\t<span class=\"elementor-divider-separator\">\n\t\t\t\t\t\t<\/span>\n\t\t<\/div>\n\t\t\t\t\t\t<\/div>\n\t\t\t\t<\/div>\n\t\t\t\t<div class=\"elementor-element elementor-element-75da37a elementor-widget elementor-widget-text-editor\" data-id=\"75da37a\" data-element_type=\"widget\" data-widget_type=\"text-editor.default\">\n\t\t\t\t<div class=\"elementor-widget-container\">\n\t\t\t\t\t\t\t\t\t<p><strong>1. PAGO<\/strong><\/p>\n<ul>\n<li>El 100% ser\u00e1 cargado a su tarjeta de cr\u00e9dito cuando reserve su expedici\u00f3n.<\/li>\n<li>Los pagos realizados con Visa o MasterCard se cargar\u00e1n en d\u00f3lares estadounidenses, cualquier conversi\u00f3n a otra moneda se realizar\u00e1 bajo el tipo de cambio actual de su banco.<\/li>\n<li>La declaraci\u00f3n mostrar\u00e1 el cargo bajo el nombre de Blue Caribe.<\/li>\n<\/ul>\n<p><strong>2. RESTRICCIONES<\/strong><\/p>\n<ul>\n<li>Los ni\u00f1os deben tener al menos 4 a\u00f1os de edad y deben estar acompa\u00f1ados por un adulto.<\/li>\n<li>Las mujeres embarazadas no pueden participar en expediciones que involucren actividades de lanchas o temazcal.<\/li>\n<li>No se permite la participaci\u00f3n a personas que se encuentren bajo influencia del alcohol o alguna sustancia t\u00f3xica<\/li>\n<\/ul>\n<p><strong>3. CABIOS Y MODIFICACIONES<\/strong><br \/>\nTodas las modificaciones deben hacerse por lo menos 48 horas antes de la expedici\u00f3n. Para cambiar su reservaci\u00f3n por favor env\u00edenos su n\u00famero de confirmaci\u00f3n y la nueva informaci\u00f3n a<br \/>\n<a href=\"mailto:booking@bluecaribetours.com\">booking@bluecaribetours.com<\/a> y nuestro personal de reservaciones se pondr\u00e1 en contacto con usted. De lo contrario, puede comunicarse con nosotros en los siguientes n\u00fameros:<\/p>\n<ul>\n<li>Mexico: <a href=\"tel:+9842420098\">(984) 242 0098<\/a><\/li>\n<li>Alrededor del mundo: <a href=\"tel:+529842420098\">+52 (984) 242 0098<\/a><\/li>\n<\/ul>\n<p><strong>4. CANCELACIONES<\/strong><\/p>\n<ul>\n<li>En caso de cancelaci\u00f3n y con el fin de recuperar su dinero, necesitamos que nos avise con al menos 72 horas de anticipaci\u00f3n, se cobrar\u00e1 el 6% del valor de la expedici\u00f3n (calculado en base al monto total pagado).<\/li>\n<li>No habr\u00e1n reembolsos por excursiones no realizadas o cancelaciones realizadas el mismo d\u00eda del tour.<\/li>\n<li>En el caso de no-show (no presentarse) el d\u00eda del tour, podr\u00e1 realizarse un reembolso del 50% del monto total pagado SOLO al mostrar un certificado m\u00e9dico que justifique de un hospital de la localidad el no haberse presentado.<\/li>\n<li>100% de re embolso en caso de cancelaci\u00f3n debido a condiciones clim\u00e1ticas en la regi\u00f3n.<\/li>\n<li>Cambios de fecha o modificaciones en el itinerario deber\u00e1n solicitarse con al menos 72 horas de anticipaci\u00f3n a la fecha del tour.<\/li>\n<li>Todas las cancelaciones, cambios de fecha y modificaciones en el itinerario deber\u00e1n solicitarse por tel\u00e9fono (<a href=\"tel:+529842420098\">984 242 00 98<\/a>) o correo electr\u00f3nico <a href=\"mailto:booking@bluecaribetours.com\">booking@bluecaribetours.com<\/a>.<\/li>\n<li>Cualquier reembolso que aplique y sea autorizado a su tarjeta de cr\u00e9dito o d\u00e9bito se procesar\u00e1 por completo en un lapso de 15 a 20 d\u00edas despu\u00e9s de la fecha de solicitud.<\/li>\n<\/ul>\n<p>Blue Caribe se reserva el derecho de cambiar o cancelar un tour debido a causas que est\u00e9n fuera de nuestro control, siempre teniendo en cuenta que la seguridad de nuestros pasajeros es nuestra principal prioridad. Los precios est\u00e1n sujetos a cambios sin previo aviso.<\/p>\n<p><strong>5. NO SE PRESENTA<\/strong><br \/>\nNo show no es reembolsable.<\/p>\n<p><strong>6. REQUISITOS<\/strong><br \/>\nBlue Caribe ofrece expediciones interactivas y seguras, que requieren la participaci\u00f3n f\u00edsica del visitante, quien debe estar en buena salud y ser capaz de entender y seguir las instrucciones de nuestros gu\u00edas. Si usted ha tenido recientemente una cirug\u00eda o una dolencia que puede limitar f\u00edsicamente sus habilidades, por favor h\u00e1gaselo saber a nuestro personal de reservas antes de hacer la reserva.<\/p>\n<p><strong>7. ASISTENCIA ESPECIAL<\/strong><br \/>\nBlue Caribe hace todo lo posible para nuestros visitantes con necesidades especiales. Sin embargo, usted debe contactar a nuestro personal de reservaciones antes de hacer su reservaci\u00f3n para explicarle qu\u00e9 tipo de asistencia se requiere y asegurarse de que podremos brind\u00e1rsela.<\/p>\n\t\t\t\t\t\t\t\t<\/div>\n\t\t\t\t<\/div>\n\t\t\t\t\t<\/div>\n\t\t\t\t<\/div>\n\t\t\t\t\t<\/div>\n\t\t<\/div>\n\t\t\t\t\t<\/div>\n\t\t<\/section>\n\t\t\t\t<\/div>\n\t\t","protected":false},"excerpt":{"rendered":"<p>T\u00e9rminos y condiciones Es muy importante que lea atentamente los t\u00e9rminos y condiciones antes de reservar con nosotros. 1. PAGO El 100% ser\u00e1 cargado a su tarjeta de cr\u00e9dito cuando reserve su expedici\u00f3n. Los pagos realizados con Visa o MasterCard se cargar\u00e1n en d\u00f3lares estadounidenses, cualquier conversi\u00f3n a otra moneda se realizar\u00e1 bajo el tipo de cambio actual de su banco. La declaraci\u00f3n mostrar\u00e1 el cargo bajo el nombre de Blue Caribe. 2. RESTRICCIONES Los ni\u00f1os deben tener al menos 4 a\u00f1os de edad y deben estar acompa\u00f1ados por un adulto. Las mujeres embarazadas no pueden participar en expediciones que involucren actividades de lanchas o temazcal. No se permite la participaci\u00f3n a personas que se encuentren bajo influencia del alcohol o alguna sustancia t\u00f3xica 3. CABIOS Y MODIFICACIONES Todas las modificaciones deben hacerse por lo menos 48 horas antes de la expedici\u00f3n. Para cambiar su reservaci\u00f3n por favor env\u00edenos su n\u00famero de confirmaci\u00f3n y la nueva informaci\u00f3n a booking@bluecaribetours.com y nuestro personal de reservaciones se pondr\u00e1 en contacto con usted. De lo contrario, puede comunicarse con nosotros en los siguientes n\u00fameros: Mexico: (984) 242 0098 Alrededor del mundo: +52 (984) 242 0098 4. CANCELACIONES En caso de cancelaci\u00f3n y con el fin de recuperar su dinero, necesitamos que nos avise con al menos 72 horas de anticipaci\u00f3n, se cobrar\u00e1 el 6% del valor de la expedici\u00f3n (calculado en base al monto total pagado). No habr\u00e1n reembolsos por excursiones no realizadas o cancelaciones realizadas el mismo d\u00eda del tour. En el caso de no-show (no presentarse) el d\u00eda del tour, podr\u00e1 realizarse un reembolso del 50% del monto total pagado SOLO al mostrar un certificado m\u00e9dico que justifique de un hospital de la localidad el no haberse presentado. 100% de re embolso en caso de cancelaci\u00f3n debido a condiciones clim\u00e1ticas en la regi\u00f3n. Cambios de fecha o modificaciones en el itinerario deber\u00e1n solicitarse con al menos 72 horas de anticipaci\u00f3n a la fecha del tour. Todas las cancelaciones, cambios de fecha y modificaciones en el itinerario deber\u00e1n solicitarse por tel\u00e9fono (984 242 00 98) o correo electr\u00f3nico booking@bluecaribetours.com. Cualquier reembolso que aplique y sea autorizado a su tarjeta de cr\u00e9dito o d\u00e9bito se procesar\u00e1 por completo en un lapso de 15 a 20 d\u00edas despu\u00e9s de la fecha de solicitud. Blue Caribe se reserva el derecho de cambiar o cancelar un tour debido a causas que est\u00e9n fuera de nuestro control, siempre teniendo en cuenta que la seguridad de nuestros pasajeros es nuestra principal prioridad. Los precios est\u00e1n sujetos a cambios sin previo aviso. 5. NO SE PRESENTA No show no es reembolsable. 6. REQUISITOS Blue Caribe ofrece expediciones interactivas y seguras, que requieren la participaci\u00f3n f\u00edsica del visitante, quien debe estar en buena salud y ser capaz de entender y seguir las instrucciones de nuestros gu\u00edas. Si usted ha tenido recientemente una cirug\u00eda o una dolencia que puede limitar f\u00edsicamente sus habilidades, por favor h\u00e1gaselo saber a nuestro personal de reservas antes de hacer la reserva. 7. ASISTENCIA ESPECIAL Blue Caribe hace todo lo posible para nuestros visitantes con necesidades especiales. Sin embargo, usted debe contactar a nuestro personal de reservaciones antes de hacer su reservaci\u00f3n para explicarle qu\u00e9 tipo de asistencia se requiere y asegurarse de que podremos brind\u00e1rsela.<\/p>\n","protected":false},"author":2,"featured_media":0,"parent":0,"menu_order":0,"comment_status":"closed","ping_status":"closed","template":"","meta":{"_acf_changed":false,"inline_featured_image":false,"footnotes":""},"class_list":["post-9456","page","type-page","status-publish","hentry"],"acf":[],"_links":{"self":[{"href":"https:\/\/www.bluecaribetours.com\/es\/wp-json\/wp\/v2\/pages\/9456"}],"collection":[{"href":"https:\/\/www.bluecaribetours.com\/es\/wp-json\/wp\/v2\/pages"}],"about":[{"href":"https:\/\/www.bluecaribetours.com\/es\/wp-json\/wp\/v2\/types\/page"}],"author":[{"embeddable":true,"href":"https:\/\/www.bluecaribetours.com\/es\/wp-json\/wp\/v2\/users\/2"}],"replies":[{"embeddable":true,"href":"https:\/\/www.bluecaribetours.com\/es\/wp-json\/wp\/v2\/comments?post=9456"}],"version-history":[{"count":2,"href":"https:\/\/www.bluecaribetours.com\/es\/wp-json\/wp\/v2\/pages\/9456\/revisions"}],"predecessor-version":[{"id":11510,"href":"https:\/\/www.bluecaribetours.com\/es\/wp-json\/wp\/v2\/pages\/9456\/revisions\/11510"}],"wp:attachment":[{"href":"https:\/\/www.bluecaribetours.com\/es\/wp-json\/wp\/v2\/media?parent=9456"}],"curies":[{"name":"wp","href":"https:\/\/api.w.org\/{rel}","templated":true}]}}