{"id":8146,"date":"2023-05-03T12:26:06","date_gmt":"2023-05-03T10:26:06","guid":{"rendered":"https:\/\/bluecaribe.inol3.com\/tour\/tulum-snorkel\/"},"modified":"2023-09-13T11:30:36","modified_gmt":"2023-09-13T09:30:36","slug":"tulum-snorkel-private","status":"publish","type":"product","link":"https:\/\/www.bluecaribetours.com\/es\/tour\/tulum-snorkel-private\/","title":{"rendered":"TULUM SNORKEL"},"content":{"rendered":"\t\t<div data-elementor-type=\"wp-post\" data-elementor-id=\"8146\" class=\"elementor elementor-8146 elementor-4739\">\n\t\t\t\t\t\t<section class=\"elementor-section elementor-top-section elementor-element elementor-element-2c69d09 elementor-section-boxed elementor-section-height-default elementor-section-height-default\" data-id=\"2c69d09\" data-element_type=\"section\">\n\t\t\t\t\t\t<div class=\"elementor-container elementor-column-gap-default\">\n\t\t\t\t\t<div class=\"elementor-column elementor-col-100 elementor-top-column elementor-element elementor-element-6e0617a\" data-id=\"6e0617a\" data-element_type=\"column\">\n\t\t\t<div class=\"elementor-widget-wrap elementor-element-populated\">\n\t\t\t\t\t\t<div class=\"elementor-element elementor-element-ac3a611 elementor-widget elementor-widget-ovabrw_product_images\" data-id=\"ac3a611\" data-element_type=\"widget\" data-widget_type=\"ovabrw_product_images.default\">\n\t\t\t\t<div class=\"elementor-widget-container\">\n\t\t\t\t\t\t\t\t\t<div class=\"elementor-product-image ovabrw-modern-product\">\n\t\t\t\t\t\t<div class=\"ovabrw-product-images\">\n\t\t<div class=\"featured-img\">\n\t\t\t<a class=\"gallery-fancybox\" data-index='0' href=\"javascript:;\">\n\t\t\t\t<img decoding=\"async\" data-src=\"https:\/\/www.bluecaribetours.com\/wp-content\/uploads\/2023\/04\/Tulum_5.jpg\" alt=\"Tulum_5\" src=\"data:image\/svg+xml;base64,PHN2ZyB3aWR0aD0iMSIgaGVpZ2h0PSIxIiB4bWxucz0iaHR0cDovL3d3dy53My5vcmcvMjAwMC9zdmciPjwvc3ZnPg==\" class=\"lazyload\" style=\"--smush-placeholder-width: 2560px; --smush-placeholder-aspect-ratio: 2560\/1707;\" data-srcset=\"https:\/\/www.bluecaribetours.com\/wp-content\/uploads\/2023\/04\/Tulum_5.jpg 2560w, https:\/\/www.bluecaribetours.com\/wp-content\/uploads\/2023\/04\/Tulum_5-300x200.jpg 300w, https:\/\/www.bluecaribetours.com\/wp-content\/uploads\/2023\/04\/Tulum_5-1024x683.jpg 1024w, https:\/\/www.bluecaribetours.com\/wp-content\/uploads\/2023\/04\/Tulum_5-768x512.jpg 768w, https:\/\/www.bluecaribetours.com\/wp-content\/uploads\/2023\/04\/Tulum_5-1536x1024.jpg 1536w, https:\/\/www.bluecaribetours.com\/wp-content\/uploads\/2023\/04\/Tulum_5-2048x1366.jpg 2048w, https:\/\/www.bluecaribetours.com\/wp-content\/uploads\/2023\/04\/Tulum_5-20x13.jpg 20w, https:\/\/www.bluecaribetours.com\/wp-content\/uploads\/2023\/04\/Tulum_5-600x400.jpg 600w\" data-sizes=\"auto\" data-original-sizes=\"(max-width: 2560px) 100vw, 2560px\">\n\t\t\t<\/a>\n\t\t<\/div>\n\t\t\t\t<div class=\"data-gallery\" data-gallery=\"[{&quot;src&quot;:&quot;https:\\\/\\\/www.bluecaribetours.com\\\/wp-content\\\/uploads\\\/2023\\\/04\\\/Tulum_5.jpg&quot;,&quot;caption&quot;:&quot;Tulum_5&quot;,&quot;thumb&quot;:&quot;https:\\\/\\\/www.bluecaribetours.com\\\/wp-content\\\/uploads\\\/2023\\\/04\\\/Tulum_5.jpg&quot;}]\"><\/div>\n\t<\/div>\n\t\t\t\t\t\n\t\t\t\t<\/div>\n\t\t\t\t\t\t\t<\/div>\n\t\t\t\t<\/div>\n\t\t\t\t\t<\/div>\n\t\t<\/div>\n\t\t\t\t\t<\/div>\n\t\t<\/section>\n\t\t\t\t<section class=\"elementor-section elementor-top-section elementor-element elementor-element-46975da elementor-section-boxed elementor-section-height-default elementor-section-height-default\" data-id=\"46975da\" data-element_type=\"section\">\n\t\t\t\t\t\t<div class=\"elementor-container elementor-column-gap-default\">\n\t\t\t\t\t<div class=\"elementor-column elementor-col-50 elementor-top-column elementor-element elementor-element-4853206\" data-id=\"4853206\" data-element_type=\"column\">\n\t\t\t<div class=\"elementor-widget-wrap elementor-element-populated\">\n\t\t\t\t\t\t<div class=\"elementor-element elementor-element-44b05e2 elementor-widget elementor-widget-ovabrw_product_features\" data-id=\"44b05e2\" data-element_type=\"widget\" data-widget_type=\"ovabrw_product_features.default\">\n\t\t\t\t<div class=\"elementor-widget-container\">\n\t\t\t\t\t\t\t\t\t<div class=\"ovabrw-modern-product\">\n\t\t\t\t\t\n\t\t\t\t<\/div>\n\t\t\t\t\t\t\t<\/div>\n\t\t\t\t<\/div>\n\t\t\t\t\t<\/div>\n\t\t<\/div>\n\t\t\t\t<div class=\"elementor-column elementor-col-50 elementor-top-column elementor-element elementor-element-449a13b\" data-id=\"449a13b\" data-element_type=\"column\">\n\t\t\t<div class=\"elementor-widget-wrap elementor-element-populated\">\n\t\t\t\t\t\t\t<\/div>\n\t\t<\/div>\n\t\t\t\t\t<\/div>\n\t\t<\/section>\n\t\t\t\t<section class=\"elementor-section elementor-top-section elementor-element elementor-element-564df59a elementor-section-boxed elementor-section-height-default elementor-section-height-default\" data-id=\"564df59a\" data-element_type=\"section\">\n\t\t\t\t\t\t<div class=\"elementor-container elementor-column-gap-default\">\n\t\t\t\t\t<div class=\"elementor-column elementor-col-100 elementor-top-column elementor-element elementor-element-6c794b4b\" data-id=\"6c794b4b\" data-element_type=\"column\">\n\t\t\t<div class=\"elementor-widget-wrap elementor-element-populated\">\n\t\t\t\t\t\t\t<\/div>\n\t\t<\/div>\n\t\t\t\t\t<\/div>\n\t\t<\/section>\n\t\t\t\t<section class=\"elementor-section elementor-top-section elementor-element elementor-element-2fc597c elementor-section-boxed elementor-section-height-default elementor-section-height-default\" data-id=\"2fc597c\" data-element_type=\"section\">\n\t\t\t\t\t\t<div class=\"elementor-container elementor-column-gap-default\">\n\t\t\t\t\t<div class=\"elementor-column elementor-col-100 elementor-top-column elementor-element elementor-element-71d3f7c\" data-id=\"71d3f7c\" data-element_type=\"column\">\n\t\t\t<div class=\"elementor-widget-wrap elementor-element-populated\">\n\t\t\t\t\t\t<div class=\"elementor-element elementor-element-fdf20ef elementor-widget elementor-widget-ovabrw_product_rating\" data-id=\"fdf20ef\" data-element_type=\"widget\" data-widget_type=\"ovabrw_product_rating.default\">\n\t\t\t\t<div class=\"elementor-widget-container\">\n\t\t\t\t\t\t\t\t\t<div class=\"ovabrw-modern-product\">\n\t\t\t\t\t<div class=\"pdfTour\">\n\t\n\t<button title=\"Add to Wishlist\" class=\"shopengine_add_to_list_action shopengine-wishlist badge inactive\" data-pid=\"8146\">\n\t\t\t\t<i class=\"shopengine-icon-add_to_favourite_1\"><\/i>\n\t\t\t<\/button>\n\n\t\t<\/div>\n\t\t\t\t<\/div>\n\t\t\t\t\t\t\t<\/div>\n\t\t\t\t<\/div>\n\t\t\t\t<div class=\"elementor-element elementor-element-028b9b3 elementor-widget elementor-widget-ovabrw_unavailable_time\" data-id=\"028b9b3\" data-element_type=\"widget\" data-widget_type=\"ovabrw_unavailable_time.default\">\n\t\t\t\t<div class=\"elementor-widget-container\">\n\t\t\t\t\t\t\t\t\t<div class=\"ovabrw-modern-product\">\n\t\t\t\t\t\t\t\t\t<\/div>\n\t\t\t\t\t\t\t<\/div>\n\t\t\t\t<\/div>\n\t\t\t\t<div class=\"elementor-element elementor-element-9387ccf elementor-widget elementor-widget-ovabrw_product_table_price\" data-id=\"9387ccf\" data-element_type=\"widget\" data-widget_type=\"ovabrw_product_table_price.default\">\n\t\t\t\t<div class=\"elementor-widget-container\">\n\t\t\t\t\t\t\t\t\t<div class=\"ovabrw-modern-product\">\n\t\t\t\t\t\t\t\t\t<\/div>\n\t\t\t\t\t\t\t<\/div>\n\t\t\t\t<\/div>\n\t\t\t\t<div class=\"elementor-element elementor-element-6a8a2f8 elementor-widget elementor-widget-ovabrw_product_price\" data-id=\"6a8a2f8\" data-element_type=\"widget\" data-widget_type=\"ovabrw_product_price.default\">\n\t\t\t\t<div class=\"elementor-widget-container\">\n\t\t\t\t\t\t\t\t\t<div class=\"ovabrw-modern-product\">\n\t\t\t\t\t<div class=\"ovabrw-product-price boxPrezzi\">\n\t<!-- modifica per prezzi scheda prodotto pubblici INOL3-->\n\t        <span class=\"unit textPrezzo\">Adultos<\/span>\n\t\t<span class=\"amount prezzo\"><span class=\"woocommerce-Price-amount amount\"><bdi><span class=\"custom-prc\">89.00<\/span><span class=\"woocommerce-Price-currencySymbol\">&#36;<\/span><\/bdi><\/span><\/span>\n\t<\/div>\t\t\t\t<\/div>\n\t\t\t\t\t\t\t<\/div>\n\t\t\t\t<\/div>\n\t\t\t\t<div class=\"elementor-element elementor-element-85f818e elementor-widget elementor-widget-ovabrw_product_booking_form\" data-id=\"85f818e\" data-element_type=\"widget\" data-widget_type=\"ovabrw_product_booking_form.default\">\n\t\t\t\t<div class=\"elementor-widget-container\">\n\t\t\t\t\t\t\t\t\t<div class=\"ovabrw-modern-product\">\n\t\t\t\t\t\t<div class=\"ovabrw-product-form-tabs\">\n\t\t<div class=\"ovabrw-tab-content\">\n\t\t\t\t\t\t<div class=\"item-content active ovabrw_booking_form\" id=\"modern-booking\">\n\t\t\t\t\t\n<style type=\"text\/css\">#booking-box .elementor-widget-text-editor { display: none !important; }<\/style><a class=\"btn_tran contact\" href=\"https:\/\/www.bluecaribetours.com\/contact\/\">Contacto<\/a><!-- PASSA DI QUI inol3-->\n\t\t\t\t<\/div>\n\t\t\t\t\t<\/div>\n\t<\/div>\n\t\t\t\t<\/div>\n\t\t\t\t\t\t\t<\/div>\n\t\t\t\t<\/div>\n\t\t\t\t\t<\/div>\n\t\t<\/div>\n\t\t\t\t\t<\/div>\n\t\t<\/section>\n\t\t\t\t<\/div>\n\t\t","protected":false},"excerpt":{"rendered":"<h6>EL TOUR<\/h6>\n<p>Tulum, una incre\u00edble zona arqueol\u00f3gica edificada frente al mar Caribe, las \u00fanicas ruinas en M\u00e9xico que ofrecen un paisaje \u00fanico en su categor\u00eda. Realizaremos una visita guiada para conocer algunos de los detalles m\u00e1s importantes de la historia y construcci\u00f3n de este lugar. Gracias a su ubicaci\u00f3n privilegiada y la excelente conservaci\u00f3n de sus edificios y murales, hacen de estas ruinas un lugar \u00fanico en su categor\u00eda.<\/p>\n<p>&nbsp;<\/p>\n<h6 class=\"p1\">INFORMACI\u00d3N SOBRE ENTRADAS<\/h6>\n<p class=\"p1\">Beb\u00e9s de 0 a 3 a\u00f1os: Visita gratuita*<br \/>\nNi\u00f1os de 4-11 a\u00f1os: Entrada reducida*<br \/>\nAdultos a partir de 12 a\u00f1os: Billete completo<\/p>\n<p class=\"p1\">*Compruebe con un experto de Blue Caribe si la excursi\u00f3n elegida es adecuada para beb\u00e9s y ni\u00f1os.<\/p>\n<p>&nbsp;<\/p>\n","protected":false},"featured_media":4178,"comment_status":"open","ping_status":"closed","template":"","meta":{"_acf_changed":false,"inline_featured_image":false},"product_cat":[157],"product_tag":[146,164],"operation-days":[247,244,241,242,243,246,245],"class_list":{"0":"post-8146","1":"product","2":"type-product","3":"status-publish","4":"has-post-thumbnail","6":"product_cat-tours-privados","7":"product_tag-buceo","8":"product_tag-pueblo-maya","9":"operation-days-domingo","10":"operation-days-jueves","11":"operation-days-lunes","12":"operation-days-martes","13":"operation-days-miercoles","14":"operation-days-sabado","15":"operation-days-viernes","17":"first","18":"instock","19":"shipping-taxable","20":"purchasable","21":"product-type-ovabrw_car_rental"},"acf":[],"yoast_head":"<!-- This site is optimized with the Yoast SEO plugin v25.3 - https:\/\/yoast.com\/wordpress\/plugins\/seo\/ -->\n<title>TULUM SNORKEL - Blue Caribe Tours<\/title>\n<meta name=\"robots\" content=\"index, follow, max-snippet:-1, max-image-preview:large, max-video-preview:-1\" \/>\n<link rel=\"canonical\" href=\"https:\/\/www.bluecaribetours.com\/es\/tour\/tulum-snorkel-private\/\" \/>\n<meta property=\"og:locale\" content=\"es_ES\" \/>\n<meta property=\"og:type\" content=\"article\" \/>\n<meta property=\"og:title\" content=\"TULUM SNORKEL - Blue Caribe Tours\" \/>\n<meta property=\"og:description\" content=\"EL TOUR Tulum, una incre\u00edble zona arqueol\u00f3gica edificada frente al mar Caribe, las \u00fanicas ruinas en M\u00e9xico que ofrecen un paisaje \u00fanico en su categor\u00eda. Realizaremos una visita guiada para conocer algunos de los detalles m\u00e1s importantes de la historia y construcci\u00f3n de este lugar. Gracias a su ubicaci\u00f3n privilegiada y la excelente conservaci\u00f3n de sus edificios y murales, hacen de estas ruinas un lugar \u00fanico en su categor\u00eda.  &nbsp; INFORMACI\u00d3N SOBRE ENTRADAS Beb\u00e9s de 0 a 3 a\u00f1os: Visita gratuita* Ni\u00f1os de 4-11 a\u00f1os: Entrada reducida* Adultos a partir de 12 a\u00f1os: Billete completo *Compruebe con un experto de Blue Caribe si la excursi\u00f3n elegida es adecuada para beb\u00e9s y ni\u00f1os. &nbsp;\" \/>\n<meta property=\"og:url\" content=\"https:\/\/www.bluecaribetours.com\/es\/tour\/tulum-snorkel-private\/\" \/>\n<meta property=\"og:site_name\" content=\"Blue Caribe Tours\" \/>\n<meta property=\"article:publisher\" content=\"https:\/\/www.facebook.com\/bluecaribe.mexico\" \/>\n<meta property=\"article:modified_time\" content=\"2023-09-13T09:30:36+00:00\" \/>\n<meta property=\"og:image\" content=\"https:\/\/www.bluecaribetours.com\/wp-content\/uploads\/2023\/04\/Tulum_5-1024x683.jpg\" \/>\n\t<meta property=\"og:image:width\" content=\"1024\" \/>\n\t<meta property=\"og:image:height\" content=\"683\" \/>\n\t<meta property=\"og:image:type\" content=\"image\/jpeg\" \/>\n<meta name=\"twitter:card\" content=\"summary_large_image\" \/>\n<script type=\"application\/ld+json\" class=\"yoast-schema-graph\">{\"@context\":\"https:\/\/schema.org\",\"@graph\":[{\"@type\":\"WebPage\",\"@id\":\"https:\/\/www.bluecaribetours.com\/es\/tour\/tulum-snorkel-private\/\",\"url\":\"https:\/\/www.bluecaribetours.com\/es\/tour\/tulum-snorkel-private\/\",\"name\":\"TULUM SNORKEL - Blue Caribe Tours\",\"isPartOf\":{\"@id\":\"https:\/\/www.bluecaribetours.com\/de\/#website\"},\"primaryImageOfPage\":{\"@id\":\"https:\/\/www.bluecaribetours.com\/es\/tour\/tulum-snorkel-private\/#primaryimage\"},\"image\":{\"@id\":\"https:\/\/www.bluecaribetours.com\/es\/tour\/tulum-snorkel-private\/#primaryimage\"},\"thumbnailUrl\":\"https:\/\/www.bluecaribetours.com\/wp-content\/uploads\/2023\/04\/Tulum_5.jpg\",\"datePublished\":\"2023-05-03T10:26:06+00:00\",\"dateModified\":\"2023-09-13T09:30:36+00:00\",\"breadcrumb\":{\"@id\":\"https:\/\/www.bluecaribetours.com\/es\/tour\/tulum-snorkel-private\/#breadcrumb\"},\"inLanguage\":\"es\",\"potentialAction\":[{\"@type\":\"ReadAction\",\"target\":[\"https:\/\/www.bluecaribetours.com\/es\/tour\/tulum-snorkel-private\/\"]}]},{\"@type\":\"ImageObject\",\"inLanguage\":\"es\",\"@id\":\"https:\/\/www.bluecaribetours.com\/es\/tour\/tulum-snorkel-private\/#primaryimage\",\"url\":\"https:\/\/www.bluecaribetours.com\/wp-content\/uploads\/2023\/04\/Tulum_5.jpg\",\"contentUrl\":\"https:\/\/www.bluecaribetours.com\/wp-content\/uploads\/2023\/04\/Tulum_5.jpg\",\"width\":2560,\"height\":1707},{\"@type\":\"BreadcrumbList\",\"@id\":\"https:\/\/www.bluecaribetours.com\/es\/tour\/tulum-snorkel-private\/#breadcrumb\",\"itemListElement\":[{\"@type\":\"ListItem\",\"position\":1,\"name\":\"Home\",\"item\":\"https:\/\/www.bluecaribetours.com\/\"},{\"@type\":\"ListItem\",\"position\":2,\"name\":\"Products\",\"item\":\"https:\/\/www.bluecaribetours.com\/shop\/\"},{\"@type\":\"ListItem\",\"position\":3,\"name\":\"TULUM SNORKEL\"}]},{\"@type\":\"WebSite\",\"@id\":\"https:\/\/www.bluecaribetours.com\/de\/#website\",\"url\":\"https:\/\/www.bluecaribetours.com\/de\/\",\"name\":\"Blue Caribe Tours\",\"description\":\"Excursiones multiling\u00fces en grupo y privadas, Descubra el Caribe mexicano\",\"publisher\":{\"@id\":\"https:\/\/www.bluecaribetours.com\/de\/#organization\"},\"potentialAction\":[{\"@type\":\"SearchAction\",\"target\":{\"@type\":\"EntryPoint\",\"urlTemplate\":\"https:\/\/www.bluecaribetours.com\/de\/?s={search_term_string}\"},\"query-input\":{\"@type\":\"PropertyValueSpecification\",\"valueRequired\":true,\"valueName\":\"search_term_string\"}}],\"inLanguage\":\"es\"},{\"@type\":\"Organization\",\"@id\":\"https:\/\/www.bluecaribetours.com\/de\/#organization\",\"name\":\"Blue Caribe Tours\",\"url\":\"https:\/\/www.bluecaribetours.com\/de\/\",\"logo\":{\"@type\":\"ImageObject\",\"inLanguage\":\"es\",\"@id\":\"https:\/\/www.bluecaribetours.com\/de\/#\/schema\/logo\/image\/\",\"url\":\"https:\/\/www.bluecaribetours.com\/wp-content\/uploads\/2025\/11\/logo-bluecaribe-2025.svg\",\"contentUrl\":\"https:\/\/www.bluecaribetours.com\/wp-content\/uploads\/2025\/11\/logo-bluecaribe-2025.svg\",\"width\":129,\"height\":73,\"caption\":\"Blue Caribe Tours\"},\"image\":{\"@id\":\"https:\/\/www.bluecaribetours.com\/de\/#\/schema\/logo\/image\/\"},\"sameAs\":[\"https:\/\/www.facebook.com\/bluecaribe.mexico\",\"https:\/\/www.instagram.com\/blue_caribe_\/?igshid=NTc4MTIwNjQ2YQ\"]}]}<\/script>\n<!-- \/ Yoast SEO plugin. -->","yoast_head_json":{"title":"TULUM SNORKEL - Blue Caribe Tours","robots":{"index":"index","follow":"follow","max-snippet":"max-snippet:-1","max-image-preview":"max-image-preview:large","max-video-preview":"max-video-preview:-1"},"canonical":"https:\/\/www.bluecaribetours.com\/es\/tour\/tulum-snorkel-private\/","og_locale":"es_ES","og_type":"article","og_title":"TULUM SNORKEL - Blue Caribe Tours","og_description":"EL TOUR Tulum, una incre\u00edble zona arqueol\u00f3gica edificada frente al mar Caribe, las \u00fanicas ruinas en M\u00e9xico que ofrecen un paisaje \u00fanico en su categor\u00eda. Realizaremos una visita guiada para conocer algunos de los detalles m\u00e1s importantes de la historia y construcci\u00f3n de este lugar. Gracias a su ubicaci\u00f3n privilegiada y la excelente conservaci\u00f3n de sus edificios y murales, hacen de estas ruinas un lugar \u00fanico en su categor\u00eda.  &nbsp; INFORMACI\u00d3N SOBRE ENTRADAS Beb\u00e9s de 0 a 3 a\u00f1os: Visita gratuita* Ni\u00f1os de 4-11 a\u00f1os: Entrada reducida* Adultos a partir de 12 a\u00f1os: Billete completo *Compruebe con un experto de Blue Caribe si la excursi\u00f3n elegida es adecuada para beb\u00e9s y ni\u00f1os. &nbsp;","og_url":"https:\/\/www.bluecaribetours.com\/es\/tour\/tulum-snorkel-private\/","og_site_name":"Blue Caribe Tours","article_publisher":"https:\/\/www.facebook.com\/bluecaribe.mexico","article_modified_time":"2023-09-13T09:30:36+00:00","og_image":[{"width":1024,"height":683,"url":"https:\/\/www.bluecaribetours.com\/wp-content\/uploads\/2023\/04\/Tulum_5-1024x683.jpg","type":"image\/jpeg"}],"twitter_card":"summary_large_image","schema":{"@context":"https:\/\/schema.org","@graph":[{"@type":"WebPage","@id":"https:\/\/www.bluecaribetours.com\/es\/tour\/tulum-snorkel-private\/","url":"https:\/\/www.bluecaribetours.com\/es\/tour\/tulum-snorkel-private\/","name":"TULUM SNORKEL - Blue Caribe Tours","isPartOf":{"@id":"https:\/\/www.bluecaribetours.com\/de\/#website"},"primaryImageOfPage":{"@id":"https:\/\/www.bluecaribetours.com\/es\/tour\/tulum-snorkel-private\/#primaryimage"},"image":{"@id":"https:\/\/www.bluecaribetours.com\/es\/tour\/tulum-snorkel-private\/#primaryimage"},"thumbnailUrl":"https:\/\/www.bluecaribetours.com\/wp-content\/uploads\/2023\/04\/Tulum_5.jpg","datePublished":"2023-05-03T10:26:06+00:00","dateModified":"2023-09-13T09:30:36+00:00","breadcrumb":{"@id":"https:\/\/www.bluecaribetours.com\/es\/tour\/tulum-snorkel-private\/#breadcrumb"},"inLanguage":"es","potentialAction":[{"@type":"ReadAction","target":["https:\/\/www.bluecaribetours.com\/es\/tour\/tulum-snorkel-private\/"]}]},{"@type":"ImageObject","inLanguage":"es","@id":"https:\/\/www.bluecaribetours.com\/es\/tour\/tulum-snorkel-private\/#primaryimage","url":"https:\/\/www.bluecaribetours.com\/wp-content\/uploads\/2023\/04\/Tulum_5.jpg","contentUrl":"https:\/\/www.bluecaribetours.com\/wp-content\/uploads\/2023\/04\/Tulum_5.jpg","width":2560,"height":1707},{"@type":"BreadcrumbList","@id":"https:\/\/www.bluecaribetours.com\/es\/tour\/tulum-snorkel-private\/#breadcrumb","itemListElement":[{"@type":"ListItem","position":1,"name":"Home","item":"https:\/\/www.bluecaribetours.com\/"},{"@type":"ListItem","position":2,"name":"Products","item":"https:\/\/www.bluecaribetours.com\/shop\/"},{"@type":"ListItem","position":3,"name":"TULUM SNORKEL"}]},{"@type":"WebSite","@id":"https:\/\/www.bluecaribetours.com\/de\/#website","url":"https:\/\/www.bluecaribetours.com\/de\/","name":"Blue Caribe Tours","description":"Excursiones multiling\u00fces en grupo y privadas, Descubra el Caribe mexicano","publisher":{"@id":"https:\/\/www.bluecaribetours.com\/de\/#organization"},"potentialAction":[{"@type":"SearchAction","target":{"@type":"EntryPoint","urlTemplate":"https:\/\/www.bluecaribetours.com\/de\/?s={search_term_string}"},"query-input":{"@type":"PropertyValueSpecification","valueRequired":true,"valueName":"search_term_string"}}],"inLanguage":"es"},{"@type":"Organization","@id":"https:\/\/www.bluecaribetours.com\/de\/#organization","name":"Blue Caribe Tours","url":"https:\/\/www.bluecaribetours.com\/de\/","logo":{"@type":"ImageObject","inLanguage":"es","@id":"https:\/\/www.bluecaribetours.com\/de\/#\/schema\/logo\/image\/","url":"https:\/\/www.bluecaribetours.com\/wp-content\/uploads\/2025\/11\/logo-bluecaribe-2025.svg","contentUrl":"https:\/\/www.bluecaribetours.com\/wp-content\/uploads\/2025\/11\/logo-bluecaribe-2025.svg","width":129,"height":73,"caption":"Blue Caribe Tours"},"image":{"@id":"https:\/\/www.bluecaribetours.com\/de\/#\/schema\/logo\/image\/"},"sameAs":["https:\/\/www.facebook.com\/bluecaribe.mexico","https:\/\/www.instagram.com\/blue_caribe_\/?igshid=NTc4MTIwNjQ2YQ"]}]}},"_links":{"self":[{"href":"https:\/\/www.bluecaribetours.com\/es\/wp-json\/wp\/v2\/product\/8146"}],"collection":[{"href":"https:\/\/www.bluecaribetours.com\/es\/wp-json\/wp\/v2\/product"}],"about":[{"href":"https:\/\/www.bluecaribetours.com\/es\/wp-json\/wp\/v2\/types\/product"}],"replies":[{"embeddable":true,"href":"https:\/\/www.bluecaribetours.com\/es\/wp-json\/wp\/v2\/comments?post=8146"}],"wp:featuredmedia":[{"embeddable":true,"href":"https:\/\/www.bluecaribetours.com\/es\/wp-json\/wp\/v2\/media\/4178"}],"wp:attachment":[{"href":"https:\/\/www.bluecaribetours.com\/es\/wp-json\/wp\/v2\/media?parent=8146"}],"wp:term":[{"taxonomy":"product_cat","embeddable":true,"href":"https:\/\/www.bluecaribetours.com\/es\/wp-json\/wp\/v2\/product_cat?post=8146"},{"taxonomy":"product_tag","embeddable":true,"href":"https:\/\/www.bluecaribetours.com\/es\/wp-json\/wp\/v2\/product_tag?post=8146"},{"taxonomy":"operation-days","embeddable":true,"href":"https:\/\/www.bluecaribetours.com\/es\/wp-json\/wp\/v2\/operation-days?post=8146"}],"curies":[{"name":"wp","href":"https:\/\/api.w.org\/{rel}","templated":true}]}}