{"id":8735,"date":"2023-05-03T16:34:28","date_gmt":"2023-05-03T14:34:28","guid":{"rendered":"https:\/\/www.bluecaribetours.com\/faq\/"},"modified":"2023-09-28T11:39:26","modified_gmt":"2023-09-28T09:39:26","slug":"faq","status":"publish","type":"page","link":"https:\/\/www.bluecaribetours.com\/fr\/faq\/","title":{"rendered":"Faq"},"content":{"rendered":"\t\t<div data-elementor-type=\"wp-page\" data-elementor-id=\"8735\" class=\"elementor elementor-8735 elementor-4872\">\n\t\t\t\t\t\t<section class=\"elementor-section elementor-top-section elementor-element elementor-element-5a56b0e elementor-section-boxed elementor-section-height-default elementor-section-height-default\" data-id=\"5a56b0e\" data-element_type=\"section\">\n\t\t\t\t\t\t<div class=\"elementor-container elementor-column-gap-default\">\n\t\t\t\t\t<div class=\"elementor-column elementor-col-100 elementor-top-column elementor-element elementor-element-927ba2d\" data-id=\"927ba2d\" data-element_type=\"column\" data-settings=\"{&quot;background_background&quot;:&quot;classic&quot;}\">\n\t\t\t<div class=\"elementor-widget-wrap elementor-element-populated\">\n\t\t\t\t<div class=\"elementor-element elementor-element-5c1fc82 e-flex e-con-boxed e-con e-parent\" data-id=\"5c1fc82\" data-element_type=\"container\">\n\t\t\t\t\t<div class=\"e-con-inner\">\n\t\t\t\t<div class=\"elementor-element elementor-element-8937119 elementor-widget elementor-widget-heading\" data-id=\"8937119\" data-element_type=\"widget\" data-widget_type=\"heading.default\">\n\t\t\t\t<div class=\"elementor-widget-container\">\n\t\t\t\t\t<h2 class=\"elementor-heading-title elementor-size-default\">Foire aux questions (FAQ)<\/h2>\t\t\t\t<\/div>\n\t\t\t\t<\/div>\n\t\t\t\t<div class=\"elementor-element elementor-element-95fee5b elementor-widget elementor-widget-text-editor\" data-id=\"95fee5b\" data-element_type=\"widget\" data-widget_type=\"text-editor.default\">\n\t\t\t\t<div class=\"elementor-widget-container\">\n\t\t\t\t\t\t\t\t\t<p>Vous avez des questions \u00e0 nous poser ? <a href=\"https:\/\/www.bluecaribetours.com\/fr\/contacts\/\">Contactez-nous<\/a>, nous nous ferons un plaisir de vous aider !<\/p>\n\t\t\t\t\t\t\t\t<\/div>\n\t\t\t\t<\/div>\n\t\t\t\t<div class=\"elementor-element elementor-element-8192f83 elementor-widget-divider--view-line elementor-widget elementor-widget-divider\" data-id=\"8192f83\" data-element_type=\"widget\" data-widget_type=\"divider.default\">\n\t\t\t\t<div class=\"elementor-widget-container\">\n\t\t\t\t\t\t\t<div class=\"elementor-divider\">\n\t\t\t<span class=\"elementor-divider-separator\">\n\t\t\t\t\t\t<\/span>\n\t\t<\/div>\n\t\t\t\t\t\t<\/div>\n\t\t\t\t<\/div>\n\t\t\t\t<div class=\"elementor-element elementor-element-a7f13ca elementor-widget elementor-widget-accordion\" data-id=\"a7f13ca\" data-element_type=\"widget\" data-widget_type=\"accordion.default\">\n\t\t\t\t<div class=\"elementor-widget-container\">\n\t\t\t\t\t\t\t<div class=\"elementor-accordion\">\n\t\t\t\t\t\t\t<div class=\"elementor-accordion-item\">\n\t\t\t\t\t<div id=\"elementor-tab-title-1761\" class=\"elementor-tab-title\" data-tab=\"1\" role=\"button\" aria-controls=\"elementor-tab-content-1761\" aria-expanded=\"false\">\n\t\t\t\t\t\t\t\t\t\t\t\t\t<span class=\"elementor-accordion-icon elementor-accordion-icon-right\" aria-hidden=\"true\">\n\t\t\t\t\t\t\t\t\t\t\t\t\t\t\t<span class=\"elementor-accordion-icon-closed\"><i class=\"fas fa-plus\"><\/i><\/span>\n\t\t\t\t\t\t\t\t<span class=\"elementor-accordion-icon-opened\"><i class=\"fas fa-minus\"><\/i><\/span>\n\t\t\t\t\t\t\t\t\t\t\t\t\t\t<\/span>\n\t\t\t\t\t\t\t\t\t\t\t\t<a class=\"elementor-accordion-title\" tabindex=\"0\">D'o\u00f9 partent les visites?<\/a>\n\t\t\t\t\t<\/div>\n\t\t\t\t\t<div id=\"elementor-tab-content-1761\" class=\"elementor-tab-content elementor-clearfix\" data-tab=\"1\" role=\"region\" aria-labelledby=\"elementor-tab-title-1761\"><p>Certains circuits partent de diff\u00e9rents endroits, par exemple Cancun ou Riviera Maya, veuillez s\u00e9lectionner celui que vous pr\u00e9f\u00e9rez dans la liste des circuits.<br \/>\nUne fois que vous aurez r\u00e9serv\u00e9 votre circuit, vous serez contact\u00e9 par notre \u00e9quipe afin de d\u00e9terminer ensemble le point de d\u00e9part id\u00e9al pour vous, avec la possibilit\u00e9 de partir directement de votre h\u00f4tel\/airbnb ou d&rsquo;un autre lieu de r\u00e9sidence. Vous pouvez \u00e9galement partir de points de rencontre pr\u00e9d\u00e9termin\u00e9s.<\/p>\n<\/div>\n\t\t\t\t<\/div>\n\t\t\t\t\t\t\t<div class=\"elementor-accordion-item\">\n\t\t\t\t\t<div id=\"elementor-tab-title-1762\" class=\"elementor-tab-title\" data-tab=\"2\" role=\"button\" aria-controls=\"elementor-tab-content-1762\" aria-expanded=\"false\">\n\t\t\t\t\t\t\t\t\t\t\t\t\t<span class=\"elementor-accordion-icon elementor-accordion-icon-right\" aria-hidden=\"true\">\n\t\t\t\t\t\t\t\t\t\t\t\t\t\t\t<span class=\"elementor-accordion-icon-closed\"><i class=\"fas fa-plus\"><\/i><\/span>\n\t\t\t\t\t\t\t\t<span class=\"elementor-accordion-icon-opened\"><i class=\"fas fa-minus\"><\/i><\/span>\n\t\t\t\t\t\t\t\t\t\t\t\t\t\t<\/span>\n\t\t\t\t\t\t\t\t\t\t\t\t<a class=\"elementor-accordion-title\" tabindex=\"0\">S\u00e9curit\u00e9 du voyage<\/a>\n\t\t\t\t\t<\/div>\n\t\t\t\t\t<div id=\"elementor-tab-content-1762\" class=\"elementor-tab-content elementor-clearfix\" data-tab=\"2\" role=\"region\" aria-labelledby=\"elementor-tab-title-1762\"><p>Notre principal objectif est d&rsquo;offrir un service \u00e0 la hauteur des attentes, en garantissant des normes \u00e9lev\u00e9es de s\u00e9curit\u00e9 et de qualit\u00e9. Les fiches des circuits indiquent si le circuit est adapt\u00e9 aux enfants, aux femmes enceintes ou aux personnes \u00e0 mobilit\u00e9 r\u00e9duite. Si vous avez des questions, n&rsquo;h\u00e9sitez pas \u00e0 nous contacter.<\/p>\n<\/div>\n\t\t\t\t<\/div>\n\t\t\t\t\t\t\t<div class=\"elementor-accordion-item\">\n\t\t\t\t\t<div id=\"elementor-tab-title-1763\" class=\"elementor-tab-title\" data-tab=\"3\" role=\"button\" aria-controls=\"elementor-tab-content-1763\" aria-expanded=\"false\">\n\t\t\t\t\t\t\t\t\t\t\t\t\t<span class=\"elementor-accordion-icon elementor-accordion-icon-right\" aria-hidden=\"true\">\n\t\t\t\t\t\t\t\t\t\t\t\t\t\t\t<span class=\"elementor-accordion-icon-closed\"><i class=\"fas fa-plus\"><\/i><\/span>\n\t\t\t\t\t\t\t\t<span class=\"elementor-accordion-icon-opened\"><i class=\"fas fa-minus\"><\/i><\/span>\n\t\t\t\t\t\t\t\t\t\t\t\t\t\t<\/span>\n\t\t\t\t\t\t\t\t\t\t\t\t<a class=\"elementor-accordion-title\" tabindex=\"0\">Dans quelle langue se d\u00e9roulera la visite ?<\/a>\n\t\t\t\t\t<\/div>\n\t\t\t\t\t<div id=\"elementor-tab-content-1763\" class=\"elementor-tab-content elementor-clearfix\" data-tab=\"3\" role=\"region\" aria-labelledby=\"elementor-tab-title-1763\"><p>Notre \u00e9quipe peut compter sur de nombreux guides hautement qualifi\u00e9s et multilingues. Nous garantissons des visites quotidiennes en italien, anglais, allemand, espagnol et fran\u00e7ais. Vous pouvez \u00e9galement demander une visite dans une autre langue, nous ferons de notre mieux pour r\u00e9pondre \u00e0 votre demande.<\/p>\n<\/div>\n\t\t\t\t<\/div>\n\t\t\t\t\t\t\t<div class=\"elementor-accordion-item\">\n\t\t\t\t\t<div id=\"elementor-tab-title-1764\" class=\"elementor-tab-title\" data-tab=\"4\" role=\"button\" aria-controls=\"elementor-tab-content-1764\" aria-expanded=\"false\">\n\t\t\t\t\t\t\t\t\t\t\t\t\t<span class=\"elementor-accordion-icon elementor-accordion-icon-right\" aria-hidden=\"true\">\n\t\t\t\t\t\t\t\t\t\t\t\t\t\t\t<span class=\"elementor-accordion-icon-closed\"><i class=\"fas fa-plus\"><\/i><\/span>\n\t\t\t\t\t\t\t\t<span class=\"elementor-accordion-icon-opened\"><i class=\"fas fa-minus\"><\/i><\/span>\n\t\t\t\t\t\t\t\t\t\t\t\t\t\t<\/span>\n\t\t\t\t\t\t\t\t\t\t\t\t<a class=\"elementor-accordion-title\" tabindex=\"0\">Quelle est la diff\u00e9rence entre les visites guid\u00e9es et les visites priv\u00e9es?<\/a>\n\t\t\t\t\t<\/div>\n\t\t\t\t\t<div id=\"elementor-tab-content-1764\" class=\"elementor-tab-content elementor-clearfix\" data-tab=\"4\" role=\"region\" aria-labelledby=\"elementor-tab-title-1764\"><p>Les visites sont effectu\u00e9es \u00e0 des jours pr\u00e9cis, selon des itin\u00e9raires pr\u00e9cis.<\/p>\n<p>Les visites priv\u00e9es sont convenues avec le client et peuvent \u00eatre personnalis\u00e9es \u00e0 100 %, que ce soit par type d&rsquo;activit\u00e9, par dur\u00e9e, par jour, etc.<\/p>\n<\/div>\n\t\t\t\t<\/div>\n\t\t\t\t\t\t\t<div class=\"elementor-accordion-item\">\n\t\t\t\t\t<div id=\"elementor-tab-title-1765\" class=\"elementor-tab-title\" data-tab=\"5\" role=\"button\" aria-controls=\"elementor-tab-content-1765\" aria-expanded=\"false\">\n\t\t\t\t\t\t\t\t\t\t\t\t\t<span class=\"elementor-accordion-icon elementor-accordion-icon-right\" aria-hidden=\"true\">\n\t\t\t\t\t\t\t\t\t\t\t\t\t\t\t<span class=\"elementor-accordion-icon-closed\"><i class=\"fas fa-plus\"><\/i><\/span>\n\t\t\t\t\t\t\t\t<span class=\"elementor-accordion-icon-opened\"><i class=\"fas fa-minus\"><\/i><\/span>\n\t\t\t\t\t\t\t\t\t\t\t\t\t\t<\/span>\n\t\t\t\t\t\t\t\t\t\t\t\t<a class=\"elementor-accordion-title\" tabindex=\"0\">Qui peut participer aux visites?<\/a>\n\t\t\t\t\t<\/div>\n\t\t\t\t\t<div id=\"elementor-tab-content-1765\" class=\"elementor-tab-content elementor-clearfix\" data-tab=\"5\" role=\"region\" aria-labelledby=\"elementor-tab-title-1765\"><p>Dans chaque fiche de visite, il est pr\u00e9cis\u00e9 quelles sont les personnes \u00e0 qui il est d\u00e9conseill\u00e9 de participer \u00e0 certaines visites. Certaines visites ne peuvent pas \u00eatre effectu\u00e9es par des personnes \u00e0 mobilit\u00e9 r\u00e9duite ou ayant des difficult\u00e9s respiratoires, les enfants de moins de 3 ans ou les femmes enceintes ne peuvent pas y participer.<\/p>\n<p>Afin d&rsquo;assurer la s\u00e9curit\u00e9 de tous, nous vous demandons d&rsquo;\u00eatre attentifs \u00e0 ces indications.<\/p>\n<\/div>\n\t\t\t\t<\/div>\n\t\t\t\t\t\t\t<div class=\"elementor-accordion-item\">\n\t\t\t\t\t<div id=\"elementor-tab-title-1766\" class=\"elementor-tab-title\" data-tab=\"6\" role=\"button\" aria-controls=\"elementor-tab-content-1766\" aria-expanded=\"false\">\n\t\t\t\t\t\t\t\t\t\t\t\t\t<span class=\"elementor-accordion-icon elementor-accordion-icon-right\" aria-hidden=\"true\">\n\t\t\t\t\t\t\t\t\t\t\t\t\t\t\t<span class=\"elementor-accordion-icon-closed\"><i class=\"fas fa-plus\"><\/i><\/span>\n\t\t\t\t\t\t\t\t<span class=\"elementor-accordion-icon-opened\"><i class=\"fas fa-minus\"><\/i><\/span>\n\t\t\t\t\t\t\t\t\t\t\t\t\t\t<\/span>\n\t\t\t\t\t\t\t\t\t\t\t\t<a class=\"elementor-accordion-title\" tabindex=\"0\">Quelle est la dur\u00e9e des visites?<\/a>\n\t\t\t\t\t<\/div>\n\t\t\t\t\t<div id=\"elementor-tab-content-1766\" class=\"elementor-tab-content elementor-clearfix\" data-tab=\"6\" role=\"region\" aria-labelledby=\"elementor-tab-title-1766\"><p>Les circuits indiqu\u00e9s comme \u00ab\u00a0journ\u00e9e compl\u00e8te\u00a0\u00bb impliquent un d\u00e9part t\u00f4t le matin et un retour en milieu d&rsquo;apr\u00e8s-midi (l&rsquo;heure peut varier en fonction du lieu choisi). Les circuits d&rsquo;une demi-journ\u00e9e ont g\u00e9n\u00e9ralement lieu le matin.<\/p>\n<\/div>\n\t\t\t\t<\/div>\n\t\t\t\t\t\t\t<div class=\"elementor-accordion-item\">\n\t\t\t\t\t<div id=\"elementor-tab-title-1767\" class=\"elementor-tab-title\" data-tab=\"7\" role=\"button\" aria-controls=\"elementor-tab-content-1767\" aria-expanded=\"false\">\n\t\t\t\t\t\t\t\t\t\t\t\t\t<span class=\"elementor-accordion-icon elementor-accordion-icon-right\" aria-hidden=\"true\">\n\t\t\t\t\t\t\t\t\t\t\t\t\t\t\t<span class=\"elementor-accordion-icon-closed\"><i class=\"fas fa-plus\"><\/i><\/span>\n\t\t\t\t\t\t\t\t<span class=\"elementor-accordion-icon-opened\"><i class=\"fas fa-minus\"><\/i><\/span>\n\t\t\t\t\t\t\t\t\t\t\t\t\t\t<\/span>\n\t\t\t\t\t\t\t\t\t\t\t\t<a class=\"elementor-accordion-title\" tabindex=\"0\">Que dois-je apporter le jour de la visite?<\/a>\n\t\t\t\t\t<\/div>\n\t\t\t\t\t<div id=\"elementor-tab-content-1767\" class=\"elementor-tab-content elementor-clearfix\" data-tab=\"7\" role=\"region\" aria-labelledby=\"elementor-tab-title-1767\"><p>Sur chaque fiche de visite, vous trouverez la liste des \u00e9l\u00e9ments essentiels \u00e0 apporter en fonction de l&rsquo;exp\u00e9rience choisie. Lors de la r\u00e9servation, indiquez les noms des participants \u00e0 la visite, pr\u00e9sentez-vous \u00e0 la visite avec vos documents (ou une copie) et l&rsquo;e-mail (num\u00e9rique ou imprim\u00e9) avec votre r\u00e9servation.<\/p>\n<\/div>\n\t\t\t\t<\/div>\n\t\t\t\t\t\t\t<div class=\"elementor-accordion-item\">\n\t\t\t\t\t<div id=\"elementor-tab-title-1768\" class=\"elementor-tab-title\" data-tab=\"8\" role=\"button\" aria-controls=\"elementor-tab-content-1768\" aria-expanded=\"false\">\n\t\t\t\t\t\t\t\t\t\t\t\t\t<span class=\"elementor-accordion-icon elementor-accordion-icon-right\" aria-hidden=\"true\">\n\t\t\t\t\t\t\t\t\t\t\t\t\t\t\t<span class=\"elementor-accordion-icon-closed\"><i class=\"fas fa-plus\"><\/i><\/span>\n\t\t\t\t\t\t\t\t<span class=\"elementor-accordion-icon-opened\"><i class=\"fas fa-minus\"><\/i><\/span>\n\t\t\t\t\t\t\t\t\t\t\t\t\t\t<\/span>\n\t\t\t\t\t\t\t\t\t\t\t\t<a class=\"elementor-accordion-title\" tabindex=\"0\">Quels sont les moyens de paiement accept\u00e9s?<\/a>\n\t\t\t\t\t<\/div>\n\t\t\t\t\t<div id=\"elementor-tab-content-1768\" class=\"elementor-tab-content elementor-clearfix\" data-tab=\"8\" role=\"region\" aria-labelledby=\"elementor-tab-title-1768\"><p>Les visites peuvent \u00eatre pay\u00e9es par carte de cr\u00e9dit, PayPal et virement bancaire.<\/p>\n<p>Les visites priv\u00e9es ne peuvent \u00eatre pay\u00e9es que par virement bancaire.<\/p>\n<\/div>\n\t\t\t\t<\/div>\n\t\t\t\t\t\t\t<div class=\"elementor-accordion-item\">\n\t\t\t\t\t<div id=\"elementor-tab-title-1769\" class=\"elementor-tab-title\" data-tab=\"9\" role=\"button\" aria-controls=\"elementor-tab-content-1769\" aria-expanded=\"false\">\n\t\t\t\t\t\t\t\t\t\t\t\t\t<span class=\"elementor-accordion-icon elementor-accordion-icon-right\" aria-hidden=\"true\">\n\t\t\t\t\t\t\t\t\t\t\t\t\t\t\t<span class=\"elementor-accordion-icon-closed\"><i class=\"fas fa-plus\"><\/i><\/span>\n\t\t\t\t\t\t\t\t<span class=\"elementor-accordion-icon-opened\"><i class=\"fas fa-minus\"><\/i><\/span>\n\t\t\t\t\t\t\t\t\t\t\t\t\t\t<\/span>\n\t\t\t\t\t\t\t\t\t\t\t\t<a class=\"elementor-accordion-title\" tabindex=\"0\">Que se passe-t-il en cas de mauvais temps?<\/a>\n\t\t\t\t\t<\/div>\n\t\t\t\t\t<div id=\"elementor-tab-content-1769\" class=\"elementor-tab-content elementor-clearfix\" data-tab=\"9\" role=\"region\" aria-labelledby=\"elementor-tab-title-1769\"><p>Si Blue Caribe d\u00e9termine qu&rsquo;il est impossible de r\u00e9aliser une activit\u00e9 (en raison du mauvais temps ou pour d&rsquo;autres raisons), l&rsquo;excursion sera report\u00e9e et reprogramm\u00e9e. Notre \u00e9quipe s&rsquo;efforcera de trouver une solution adapt\u00e9e \u00e0 chaque client. En cas d&rsquo;impossibilit\u00e9 de reporter l&rsquo;excursion, le client sera rembours\u00e9.<\/p>\n<p>Si le client ne se pr\u00e9sente pas \u00e0 l&rsquo;excursion r\u00e9serv\u00e9e ou choisit de ne pas effectuer certaines exp\u00e9riences, cette derni\u00e8re ne peut garantir le droit \u00e0 un remboursement.<\/p>\n<\/div>\n\t\t\t\t<\/div>\n\t\t\t\t\t\t\t\t<\/div>\n\t\t\t\t\t\t<\/div>\n\t\t\t\t<\/div>\n\t\t\t\t\t<\/div>\n\t\t\t\t<\/div>\n\t\t\t\t\t<\/div>\n\t\t<\/div>\n\t\t\t\t\t<\/div>\n\t\t<\/section>\n\t\t\t\t<\/div>\n\t\t","protected":false},"excerpt":{"rendered":"<p>Foire aux questions (FAQ) Vous avez des questions \u00e0 nous poser ? Contactez-nous, nous nous ferons un plaisir de vous aider ! D&rsquo;o\u00f9 partent les visites? Certains circuits partent de diff\u00e9rents endroits, par exemple Cancun ou Riviera Maya, veuillez s\u00e9lectionner celui que vous pr\u00e9f\u00e9rez dans la liste des circuits. Une fois que vous aurez r\u00e9serv\u00e9 votre circuit, vous serez contact\u00e9 par notre \u00e9quipe afin de d\u00e9terminer ensemble le point de d\u00e9part id\u00e9al pour vous, avec la possibilit\u00e9 de partir directement de votre h\u00f4tel\/airbnb ou d&#8217;un autre lieu de r\u00e9sidence. Vous pouvez \u00e9galement partir de points de rencontre pr\u00e9d\u00e9termin\u00e9s. S\u00e9curit\u00e9 du voyage Notre principal objectif est d&#8217;offrir un service \u00e0 la hauteur des attentes, en garantissant des normes \u00e9lev\u00e9es de s\u00e9curit\u00e9 et de qualit\u00e9. Les fiches des circuits indiquent si le circuit est adapt\u00e9 aux enfants, aux femmes enceintes ou aux personnes \u00e0 mobilit\u00e9 r\u00e9duite. Si vous avez des questions, n&#8217;h\u00e9sitez pas \u00e0 nous contacter. Dans quelle langue se d\u00e9roulera la visite ? Notre \u00e9quipe peut compter sur de nombreux guides hautement qualifi\u00e9s et multilingues. Nous garantissons des visites quotidiennes en italien, anglais, allemand, espagnol et fran\u00e7ais. Vous pouvez \u00e9galement demander une visite dans une autre langue, nous ferons de notre mieux pour r\u00e9pondre \u00e0 votre demande. Quelle est la diff\u00e9rence entre les visites guid\u00e9es et les visites priv\u00e9es? Les visites sont effectu\u00e9es \u00e0 des jours pr\u00e9cis, selon des itin\u00e9raires pr\u00e9cis. Les visites priv\u00e9es sont convenues avec le client et peuvent \u00eatre personnalis\u00e9es \u00e0 100 %, que ce soit par type d&#8217;activit\u00e9, par dur\u00e9e, par jour, etc. Qui peut participer aux visites? Dans chaque fiche de visite, il est pr\u00e9cis\u00e9 quelles sont les personnes \u00e0 qui il est d\u00e9conseill\u00e9 de participer \u00e0 certaines visites. Certaines visites ne peuvent pas \u00eatre effectu\u00e9es par des personnes \u00e0 mobilit\u00e9 r\u00e9duite ou ayant des difficult\u00e9s respiratoires, les enfants de moins de 3 ans ou les femmes enceintes ne peuvent pas y participer. Afin d&#8217;assurer la s\u00e9curit\u00e9 de tous, nous vous demandons d&#8217;\u00eatre attentifs \u00e0 ces indications. Quelle est la dur\u00e9e des visites? Les circuits indiqu\u00e9s comme &#8220;journ\u00e9e compl\u00e8te&#8221; impliquent un d\u00e9part t\u00f4t le matin et un retour en milieu d&#8217;apr\u00e8s-midi (l&#8217;heure peut varier en fonction du lieu choisi). Les circuits d&#8217;une demi-journ\u00e9e ont g\u00e9n\u00e9ralement lieu le matin. Que dois-je apporter le jour de la visite? Sur chaque fiche de visite, vous trouverez la liste des \u00e9l\u00e9ments essentiels \u00e0 apporter en fonction de l&#8217;exp\u00e9rience choisie. Lors de la r\u00e9servation, indiquez les noms des participants \u00e0 la visite, pr\u00e9sentez-vous \u00e0 la visite avec vos documents (ou une copie) et l&#8217;e-mail (num\u00e9rique ou imprim\u00e9) avec votre r\u00e9servation. Quels sont les moyens de paiement accept\u00e9s? Les visites peuvent \u00eatre pay\u00e9es par carte de cr\u00e9dit, PayPal et virement bancaire. Les visites priv\u00e9es ne peuvent \u00eatre pay\u00e9es que par virement bancaire. Que se passe-t-il en cas de mauvais temps? Si Blue Caribe d\u00e9termine qu&#8217;il est impossible de r\u00e9aliser une activit\u00e9 (en raison du mauvais temps ou pour d&#8217;autres raisons), l&#8217;excursion sera report\u00e9e et reprogramm\u00e9e. Notre \u00e9quipe s&#8217;efforcera de trouver une solution adapt\u00e9e \u00e0 chaque client. En cas d&#8217;impossibilit\u00e9 de reporter l&#8217;excursion, le client sera rembours\u00e9. Si le client ne se pr\u00e9sente pas \u00e0 l&#8217;excursion r\u00e9serv\u00e9e ou choisit de ne pas effectuer certaines exp\u00e9riences, cette derni\u00e8re ne peut garantir le droit \u00e0 un remboursement.<\/p>\n","protected":false},"author":2,"featured_media":0,"parent":0,"menu_order":0,"comment_status":"closed","ping_status":"closed","template":"elementor_header_footer","meta":{"_acf_changed":false,"inline_featured_image":false,"footnotes":""},"class_list":["post-8735","page","type-page","status-publish","hentry"],"acf":[],"_links":{"self":[{"href":"https:\/\/www.bluecaribetours.com\/fr\/wp-json\/wp\/v2\/pages\/8735"}],"collection":[{"href":"https:\/\/www.bluecaribetours.com\/fr\/wp-json\/wp\/v2\/pages"}],"about":[{"href":"https:\/\/www.bluecaribetours.com\/fr\/wp-json\/wp\/v2\/types\/page"}],"author":[{"embeddable":true,"href":"https:\/\/www.bluecaribetours.com\/fr\/wp-json\/wp\/v2\/users\/2"}],"replies":[{"embeddable":true,"href":"https:\/\/www.bluecaribetours.com\/fr\/wp-json\/wp\/v2\/comments?post=8735"}],"version-history":[{"count":0,"href":"https:\/\/www.bluecaribetours.com\/fr\/wp-json\/wp\/v2\/pages\/8735\/revisions"}],"wp:attachment":[{"href":"https:\/\/www.bluecaribetours.com\/fr\/wp-json\/wp\/v2\/media?parent=8735"}],"curies":[{"name":"wp","href":"https:\/\/api.w.org\/{rel}","templated":true}]}}