{"id":9891,"date":"2023-09-22T14:29:43","date_gmt":"2023-09-22T12:29:43","guid":{"rendered":"https:\/\/www.bluecaribetours.com\/politique-de-confidentialite\/"},"modified":"2023-10-06T17:05:21","modified_gmt":"2023-10-06T15:05:21","slug":"politique-de-confidentialite","status":"publish","type":"page","link":"https:\/\/www.bluecaribetours.com\/fr\/politique-de-confidentialite\/","title":{"rendered":"Politique de confidentialit\u00e9"},"content":{"rendered":"\t\t<div data-elementor-type=\"wp-page\" data-elementor-id=\"9891\" class=\"elementor elementor-9891 elementor-9461\">\n\t\t\t\t\t\t<section class=\"elementor-section elementor-top-section elementor-element elementor-element-945d964 elementor-section-boxed elementor-section-height-default elementor-section-height-default\" data-id=\"945d964\" data-element_type=\"section\">\n\t\t\t\t\t\t<div class=\"elementor-container elementor-column-gap-default\">\n\t\t\t\t\t<div class=\"elementor-column elementor-col-100 elementor-top-column elementor-element elementor-element-679bf48\" data-id=\"679bf48\" data-element_type=\"column\" data-settings=\"{&quot;background_background&quot;:&quot;classic&quot;}\">\n\t\t\t<div class=\"elementor-widget-wrap elementor-element-populated\">\n\t\t\t\t<div class=\"elementor-element elementor-element-c3afa86 e-flex e-con-boxed e-con e-parent\" data-id=\"c3afa86\" data-element_type=\"container\">\n\t\t\t\t\t<div class=\"e-con-inner\">\n\t\t\t\t<div class=\"elementor-element elementor-element-385cd33 elementor-widget elementor-widget-heading\" data-id=\"385cd33\" data-element_type=\"widget\" data-widget_type=\"heading.default\">\n\t\t\t\t<div class=\"elementor-widget-container\">\n\t\t\t\t\t<h2 class=\"elementor-heading-title elementor-size-default\">Politique de confidentialit\u00e9<\/h2>\t\t\t\t<\/div>\n\t\t\t\t<\/div>\n\t\t\t\t<div class=\"elementor-element elementor-element-3aed227 elementor-widget-divider--view-line elementor-widget elementor-widget-divider\" data-id=\"3aed227\" data-element_type=\"widget\" data-widget_type=\"divider.default\">\n\t\t\t\t<div class=\"elementor-widget-container\">\n\t\t\t\t\t\t\t<div class=\"elementor-divider\">\n\t\t\t<span class=\"elementor-divider-separator\">\n\t\t\t\t\t\t<\/span>\n\t\t<\/div>\n\t\t\t\t\t\t<\/div>\n\t\t\t\t<\/div>\n\t\t\t\t<div class=\"elementor-element elementor-element-818f2d0 elementor-widget elementor-widget-text-editor\" data-id=\"818f2d0\" data-element_type=\"widget\" data-widget_type=\"text-editor.default\">\n\t\t\t\t<div class=\"elementor-widget-container\">\n\t\t\t\t\t\t\t\t\t<p>Conform\u00e9ment aux articles 8, 15, 16 et 17 de la Loi F\u00e9d\u00e9rale Mexicaine sur la protection des Donn\u00e9es \u00e0 caract\u00e8re personnel d\u00e9tenues par des personnes physiques, nous vous informons que Blue Caribe de M\u00e9xico S de RL de CV est responsable de la collecte de vos donn\u00e9es \u00e0 caract\u00e8re personnel, de leur utilisation et de leur protection.<\/p>\n<p>Vos donn\u00e9es \u00e0 caract\u00e8re personnel seront utilis\u00e9es pour les finalit\u00e9s suivantes\u00a0: fournir les services et les produits que vous avez demand\u00e9s\u00a0; vous informer sur les nouveaux services ou produits li\u00e9s \u00e0 ceux d\u00e9j\u00e0 contract\u00e9s ou achet\u00e9s\u00a0; vous informer d&rsquo;\u00e9ventuels changements\u00a0; d\u00e9velopper des \u00e9tudes et des programmes n\u00e9cessaires pour d\u00e9terminer les habitudes des consommateurs\u00a0; effectuer des \u00e9valuations p\u00e9riodiques de nos produits et services afin d&rsquo;en am\u00e9liorer la qualit\u00e9\u00a0; \u00e9valuer la qualit\u00e9 du service offert et, en g\u00e9n\u00e9ral, remplir les obligations que nous avons contract\u00e9es avec vous\u00a0; mener des \u00e9tudes de march\u00e9 \u00e0 des fins de marketing, de publicit\u00e9 et\/ou d&rsquo;enqu\u00eates commerciales.<\/p>\n<p>Pour les finalit\u00e9s susmentionn\u00e9es, nous demandons les donn\u00e9es \u00e0 caract\u00e8re personnel suivantes\u00a0:<\/p>\n<ul>\n<li>Pr\u00e9nom et nom<\/li>\n<li>\u00c2ge<\/li>\n<li>Sexe<\/li>\n<li>Num\u00e9ro de t\u00e9l\u00e9phone et\/ou portable<\/li>\n<li>Adresse e-mail<\/li>\n<li>Signature autographe<\/li>\n<\/ul>\n<p>Le consentement au traitement des donn\u00e9es \u00e0 caract\u00e8re personnel est r\u00e9put\u00e9 donn\u00e9 selon les termes et conditions d\u00e9crits dans la Politique lorsque\u00a0: la Personne concern\u00e9e n&rsquo;exprime aucune opposition\u00a0; manifeste un int\u00e9r\u00eat \u00e0 participer aux promotions marketing et\/ou \u00e0 l&rsquo;image de marque de BLUE CARIBE\u00a0; et\/ou a une relation juridique en cours avec le Responsable.<\/p>\n<p>Les donn\u00e9es \u00e0 caract\u00e8re personnel de la personne concern\u00e9e peuvent \u00eatre envoy\u00e9es \u00e0 des entit\u00e9s nationales ou \u00e9trang\u00e8res avec lesquelles le responsable du traitement a conclu des contrats ou des accords\u00a0; par cons\u00e9quent, ces entit\u00e9s auront toujours le r\u00f4le de pr\u00e9pos\u00e9s (tel que ce terme est d\u00e9fini \u00e0 la section IX de l&rsquo;article 3 de la\u00a0 Loi F\u00e9d\u00e9rale Mexicaine sur la protection des donn\u00e9es \u00e0 caract\u00e8re personnel d\u00e9tenues par des particuliers) dans le traitement des donn\u00e9es \u00e0 caract\u00e8re personnel et devront respecter les dispositions de la politique.<\/p>\n<p>Il est rappel\u00e9 que l&rsquo;utilisateur a le droit d&rsquo;acc\u00e9der, de rectifier et de supprimer ses donn\u00e9es \u00e0 caract\u00e8re personnel, de s&rsquo;opposer \u00e0 leur traitement ou de r\u00e9voquer le consentement donn\u00e9 \u00e0 cet effet.<\/p>\n<p>\u00c0 cette fin, conform\u00e9ment \u00e0 la Loi susmentionn\u00e9e, dans son article 29, il est n\u00e9cessaire que l\u2019utilisateur communique sa demande \u00e0 la direction op\u00e9rationnelle, responsable de notre d\u00e9partement de protection des donn\u00e9es \u00e0 caract\u00e8re personnel, par t\u00e9l\u00e9phone <a href=\"tel:+529842420098\">(984) 2420098<\/a> ou par courrier \u00e9lectronique \u00e0 l&rsquo;adresse <a href=\"mailto:booking@bluecaribetours.com\">booking@bluecaribetours.com<\/a>, auquel cas il doit \u00e9galement la confirmer par t\u00e9l\u00e9phone pour en assurer la bonne r\u00e9ception.<\/p>\n<p>De m\u00eame, si vous ne souhaitez pas recevoir de messages promotionnels de notre part, vous devez nous envoyer la demande correspondante par e-mail \u00e0 l&rsquo;adresse <a href=\"mailto:booking@bluecaribetours.com\">booking@bluecaribetours.com<\/a><\/p>\n\t\t\t\t\t\t\t\t<\/div>\n\t\t\t\t<\/div>\n\t\t\t\t\t<\/div>\n\t\t\t\t<\/div>\n\t\t\t\t\t<\/div>\n\t\t<\/div>\n\t\t\t\t\t<\/div>\n\t\t<\/section>\n\t\t\t\t<\/div>\n\t\t","protected":false},"excerpt":{"rendered":"<p>Politique de confidentialit\u00e9 Conform\u00e9ment aux articles 8, 15, 16 et 17 de la Loi F\u00e9d\u00e9rale Mexicaine sur la protection des Donn\u00e9es \u00e0 caract\u00e8re personnel d\u00e9tenues par des personnes physiques, nous vous informons que Blue Caribe de M\u00e9xico S de RL de CV est responsable de la collecte de vos donn\u00e9es \u00e0 caract\u00e8re personnel, de leur utilisation et de leur protection. Vos donn\u00e9es \u00e0 caract\u00e8re personnel seront utilis\u00e9es pour les finalit\u00e9s suivantes\u00a0: fournir les services et les produits que vous avez demand\u00e9s\u00a0; vous informer sur les nouveaux services ou produits li\u00e9s \u00e0 ceux d\u00e9j\u00e0 contract\u00e9s ou achet\u00e9s\u00a0; vous informer d&rsquo;\u00e9ventuels changements\u00a0; d\u00e9velopper des \u00e9tudes et des programmes n\u00e9cessaires pour d\u00e9terminer les habitudes des consommateurs\u00a0; effectuer des \u00e9valuations p\u00e9riodiques de nos produits et services afin d&rsquo;en am\u00e9liorer la qualit\u00e9\u00a0; \u00e9valuer la qualit\u00e9 du service offert et, en g\u00e9n\u00e9ral, remplir les obligations que nous avons contract\u00e9es avec vous\u00a0; mener des \u00e9tudes de march\u00e9 \u00e0 des fins de marketing, de publicit\u00e9 et\/ou d&rsquo;enqu\u00eates commerciales. Pour les finalit\u00e9s susmentionn\u00e9es, nous demandons les donn\u00e9es \u00e0 caract\u00e8re personnel suivantes\u00a0: Pr\u00e9nom et nom \u00c2ge Sexe Num\u00e9ro de t\u00e9l\u00e9phone et\/ou portable Adresse e-mail Signature autographe Le consentement au traitement des donn\u00e9es \u00e0 caract\u00e8re personnel est r\u00e9put\u00e9 donn\u00e9 selon les termes et conditions d\u00e9crits dans la Politique lorsque\u00a0: la Personne concern\u00e9e n&rsquo;exprime aucune opposition\u00a0; manifeste un int\u00e9r\u00eat \u00e0 participer aux promotions marketing et\/ou \u00e0 l&rsquo;image de marque de BLUE CARIBE\u00a0; et\/ou a une relation juridique en cours avec le Responsable. Les donn\u00e9es \u00e0 caract\u00e8re personnel de la personne concern\u00e9e peuvent \u00eatre envoy\u00e9es \u00e0 des entit\u00e9s nationales ou \u00e9trang\u00e8res avec lesquelles le responsable du traitement a conclu des contrats ou des accords\u00a0; par cons\u00e9quent, ces entit\u00e9s auront toujours le r\u00f4le de pr\u00e9pos\u00e9s (tel que ce terme est d\u00e9fini \u00e0 la section IX de l&rsquo;article 3 de la\u00a0 Loi F\u00e9d\u00e9rale Mexicaine sur la protection des donn\u00e9es \u00e0 caract\u00e8re personnel d\u00e9tenues par des particuliers) dans le traitement des donn\u00e9es \u00e0 caract\u00e8re personnel et devront respecter les dispositions de la politique. Il est rappel\u00e9 que l&rsquo;utilisateur a le droit d&rsquo;acc\u00e9der, de rectifier et de supprimer ses donn\u00e9es \u00e0 caract\u00e8re personnel, de s&rsquo;opposer \u00e0 leur traitement ou de r\u00e9voquer le consentement donn\u00e9 \u00e0 cet effet. \u00c0 cette fin, conform\u00e9ment \u00e0 la Loi susmentionn\u00e9e, dans son article 29, il est n\u00e9cessaire que l\u2019utilisateur communique sa demande \u00e0 la direction op\u00e9rationnelle, responsable de notre d\u00e9partement de protection des donn\u00e9es \u00e0 caract\u00e8re personnel, par t\u00e9l\u00e9phone (984) 2420098 ou par courrier \u00e9lectronique \u00e0 l&rsquo;adresse booking@bluecaribetours.com, auquel cas il doit \u00e9galement la confirmer par t\u00e9l\u00e9phone pour en assurer la bonne r\u00e9ception. De m\u00eame, si vous ne souhaitez pas recevoir de messages promotionnels de notre part, vous devez nous envoyer la demande correspondante par e-mail \u00e0 l&rsquo;adresse booking@bluecaribetours.com<\/p>\n","protected":false},"author":2,"featured_media":0,"parent":0,"menu_order":0,"comment_status":"closed","ping_status":"closed","template":"","meta":{"_acf_changed":false,"inline_featured_image":false,"footnotes":""},"class_list":["post-9891","page","type-page","status-publish","hentry"],"acf":[],"_links":{"self":[{"href":"https:\/\/www.bluecaribetours.com\/fr\/wp-json\/wp\/v2\/pages\/9891"}],"collection":[{"href":"https:\/\/www.bluecaribetours.com\/fr\/wp-json\/wp\/v2\/pages"}],"about":[{"href":"https:\/\/www.bluecaribetours.com\/fr\/wp-json\/wp\/v2\/types\/page"}],"author":[{"embeddable":true,"href":"https:\/\/www.bluecaribetours.com\/fr\/wp-json\/wp\/v2\/users\/2"}],"replies":[{"embeddable":true,"href":"https:\/\/www.bluecaribetours.com\/fr\/wp-json\/wp\/v2\/comments?post=9891"}],"version-history":[{"count":0,"href":"https:\/\/www.bluecaribetours.com\/fr\/wp-json\/wp\/v2\/pages\/9891\/revisions"}],"wp:attachment":[{"href":"https:\/\/www.bluecaribetours.com\/fr\/wp-json\/wp\/v2\/media?parent=9891"}],"curies":[{"name":"wp","href":"https:\/\/api.w.org\/{rel}","templated":true}]}}