{"id":8191,"date":"2023-05-03T12:19:32","date_gmt":"2023-05-03T10:19:32","guid":{"rendered":"https:\/\/bluecaribe.inol3.com\/tour\/tulum-private\/"},"modified":"2023-09-13T11:30:37","modified_gmt":"2023-09-13T09:30:37","slug":"tulum-private","status":"publish","type":"product","link":"https:\/\/www.bluecaribetours.com\/fr\/tour\/tulum-private\/","title":{"rendered":"TULUM"},"content":{"rendered":"\t\t<div data-elementor-type=\"wp-post\" data-elementor-id=\"8191\" class=\"elementor elementor-8191 elementor-4738\">\n\t\t\t\t\t\t<section class=\"elementor-section elementor-top-section elementor-element elementor-element-2c69d09 elementor-section-boxed elementor-section-height-default elementor-section-height-default\" data-id=\"2c69d09\" data-element_type=\"section\">\n\t\t\t\t\t\t<div class=\"elementor-container elementor-column-gap-default\">\n\t\t\t\t\t<div class=\"elementor-column elementor-col-100 elementor-top-column elementor-element elementor-element-6e0617a\" data-id=\"6e0617a\" data-element_type=\"column\">\n\t\t\t<div class=\"elementor-widget-wrap elementor-element-populated\">\n\t\t\t\t\t\t<div class=\"elementor-element elementor-element-ac3a611 elementor-widget elementor-widget-ovabrw_product_images\" data-id=\"ac3a611\" data-element_type=\"widget\" data-widget_type=\"ovabrw_product_images.default\">\n\t\t\t\t<div class=\"elementor-widget-container\">\n\t\t\t\t\t\t\t\t\t<div class=\"elementor-product-image ovabrw-modern-product\">\n\t\t\t\t\t\t<div class=\"ovabrw-product-images\">\n\t\t<div class=\"featured-img\">\n\t\t\t<a class=\"gallery-fancybox\" data-index='0' href=\"javascript:;\">\n\t\t\t\t<img decoding=\"async\" data-src=\"https:\/\/www.bluecaribetours.com\/wp-content\/uploads\/2023\/04\/Tulum_1.jpg\" alt=\"Tulum_1\" src=\"data:image\/svg+xml;base64,PHN2ZyB3aWR0aD0iMSIgaGVpZ2h0PSIxIiB4bWxucz0iaHR0cDovL3d3dy53My5vcmcvMjAwMC9zdmciPjwvc3ZnPg==\" class=\"lazyload\" style=\"--smush-placeholder-width: 2560px; --smush-placeholder-aspect-ratio: 2560\/1707;\">\n\t\t\t<\/a>\n\t\t<\/div>\n\t\t\t\t<div class=\"gallery\">\n\t\t\t<div class=\"product-gallery owl-carousel owl-theme\" \n\t\t\t\tdata-options=\"{&quot;items&quot;:3,&quot;items_tablet&quot;:2,&quot;items_mobile&quot;:2,&quot;slideBy&quot;:1,&quot;margin&quot;:25,&quot;autoWidth&quot;:false,&quot;autoplayHoverPause&quot;:true,&quot;loop&quot;:true,&quot;autoplay&quot;:true,&quot;autoplayTimeout&quot;:3000,&quot;smartSpeed&quot;:500,&quot;nav&quot;:false,&quot;rtl&quot;:false}\">\n\t\t\t\t\t\t\t\t\t<div class=\"gallery-item\">\n\t\t\t\t\t\t<a class=\"gallery-fancybox\" data-index=\"1\" href=\"javascript:;\">\n\t\t  \t\t\t\t\t<img decoding=\"async\" data-src=\"https:\/\/www.bluecaribetours.com\/wp-content\/uploads\/2023\/04\/Tulum_2.jpg\" alt=\"Tulum_2\" src=\"data:image\/svg+xml;base64,PHN2ZyB3aWR0aD0iMSIgaGVpZ2h0PSIxIiB4bWxucz0iaHR0cDovL3d3dy53My5vcmcvMjAwMC9zdmciPjwvc3ZnPg==\" class=\"lazyload\" style=\"--smush-placeholder-width: 2560px; --smush-placeholder-aspect-ratio: 2560\/1707;\">\n\t\t  \t\t\t\t<\/a>\n\t\t\t\t\t<\/div>\n\t\t\t\t\t\t\t\t\t<div class=\"gallery-item\">\n\t\t\t\t\t\t<a class=\"gallery-fancybox\" data-index=\"2\" href=\"javascript:;\">\n\t\t  \t\t\t\t\t<img decoding=\"async\" data-src=\"https:\/\/www.bluecaribetours.com\/wp-content\/uploads\/2023\/04\/Tulum_3.jpg\" alt=\"Tulum_3\" src=\"data:image\/svg+xml;base64,PHN2ZyB3aWR0aD0iMSIgaGVpZ2h0PSIxIiB4bWxucz0iaHR0cDovL3d3dy53My5vcmcvMjAwMC9zdmciPjwvc3ZnPg==\" class=\"lazyload\" style=\"--smush-placeholder-width: 2560px; --smush-placeholder-aspect-ratio: 2560\/1707;\">\n\t\t  \t\t\t\t<\/a>\n\t\t\t\t\t<\/div>\n\t\t\t\t\t\t\t\t\t<div class=\"gallery-item\">\n\t\t\t\t\t\t<a class=\"gallery-fancybox\" data-index=\"3\" href=\"javascript:;\">\n\t\t  \t\t\t\t\t<img decoding=\"async\" data-src=\"https:\/\/www.bluecaribetours.com\/wp-content\/uploads\/2023\/04\/Tulum_4.jpg\" alt=\"Tulum_4\" src=\"data:image\/svg+xml;base64,PHN2ZyB3aWR0aD0iMSIgaGVpZ2h0PSIxIiB4bWxucz0iaHR0cDovL3d3dy53My5vcmcvMjAwMC9zdmciPjwvc3ZnPg==\" class=\"lazyload\" style=\"--smush-placeholder-width: 2560px; --smush-placeholder-aspect-ratio: 2560\/1707;\">\n\t\t  \t\t\t\t<\/a>\n\t\t\t\t\t<\/div>\n\t\t\t\t\t\t\t\t\t<div class=\"gallery-item\">\n\t\t\t\t\t\t<a class=\"gallery-fancybox\" data-index=\"4\" href=\"javascript:;\">\n\t\t  \t\t\t\t\t<img decoding=\"async\" data-src=\"https:\/\/www.bluecaribetours.com\/wp-content\/uploads\/2023\/04\/Tulum_5.jpg\" alt=\"Tulum_5\" src=\"data:image\/svg+xml;base64,PHN2ZyB3aWR0aD0iMSIgaGVpZ2h0PSIxIiB4bWxucz0iaHR0cDovL3d3dy53My5vcmcvMjAwMC9zdmciPjwvc3ZnPg==\" class=\"lazyload\" style=\"--smush-placeholder-width: 2560px; --smush-placeholder-aspect-ratio: 2560\/1707;\">\n\t\t  \t\t\t\t<\/a>\n\t\t\t\t\t<\/div>\n\t\t\t\t\t\t\t\t\t<div class=\"gallery-item\">\n\t\t\t\t\t\t<a class=\"gallery-fancybox\" data-index=\"5\" href=\"javascript:;\">\n\t\t  \t\t\t\t\t<img decoding=\"async\" data-src=\"https:\/\/www.bluecaribetours.com\/wp-content\/uploads\/2023\/04\/Tulum_6.jpg\" alt=\"Tulum_6\" src=\"data:image\/svg+xml;base64,PHN2ZyB3aWR0aD0iMSIgaGVpZ2h0PSIxIiB4bWxucz0iaHR0cDovL3d3dy53My5vcmcvMjAwMC9zdmciPjwvc3ZnPg==\" class=\"lazyload\" style=\"--smush-placeholder-width: 2560px; --smush-placeholder-aspect-ratio: 2560\/1707;\">\n\t\t  \t\t\t\t<\/a>\n\t\t\t\t\t<\/div>\n\t\t\t\t\t\t\t\t\t<div class=\"gallery-item\">\n\t\t\t\t\t\t<a class=\"gallery-fancybox\" data-index=\"6\" href=\"javascript:;\">\n\t\t  \t\t\t\t\t<img decoding=\"async\" data-src=\"https:\/\/www.bluecaribetours.com\/wp-content\/uploads\/2023\/04\/Tulum_7.jpg\" alt=\"Tulum_7\" src=\"data:image\/svg+xml;base64,PHN2ZyB3aWR0aD0iMSIgaGVpZ2h0PSIxIiB4bWxucz0iaHR0cDovL3d3dy53My5vcmcvMjAwMC9zdmciPjwvc3ZnPg==\" class=\"lazyload\" style=\"--smush-placeholder-width: 2560px; --smush-placeholder-aspect-ratio: 2560\/1707;\">\n\t\t  \t\t\t\t<\/a>\n\t\t\t\t\t<\/div>\n\t\t\t\t\t\t\t\t\t<div class=\"gallery-item\">\n\t\t\t\t\t\t<a class=\"gallery-fancybox\" data-index=\"7\" href=\"javascript:;\">\n\t\t  \t\t\t\t\t<img decoding=\"async\" data-src=\"https:\/\/www.bluecaribetours.com\/wp-content\/uploads\/2023\/04\/Tulum_8.jpg\" alt=\"Tulum_8\" src=\"data:image\/svg+xml;base64,PHN2ZyB3aWR0aD0iMSIgaGVpZ2h0PSIxIiB4bWxucz0iaHR0cDovL3d3dy53My5vcmcvMjAwMC9zdmciPjwvc3ZnPg==\" class=\"lazyload\" style=\"--smush-placeholder-width: 2560px; --smush-placeholder-aspect-ratio: 2560\/1707;\">\n\t\t  \t\t\t\t<\/a>\n\t\t\t\t\t<\/div>\n\t\t\t\t\t\t\t\t\t<div class=\"gallery-item\">\n\t\t\t\t\t\t<a class=\"gallery-fancybox\" data-index=\"8\" href=\"javascript:;\">\n\t\t  \t\t\t\t\t<img decoding=\"async\" data-src=\"https:\/\/www.bluecaribetours.com\/wp-content\/uploads\/2023\/04\/Tulum_9.jpg\" alt=\"Tulum_9\" src=\"data:image\/svg+xml;base64,PHN2ZyB3aWR0aD0iMSIgaGVpZ2h0PSIxIiB4bWxucz0iaHR0cDovL3d3dy53My5vcmcvMjAwMC9zdmciPjwvc3ZnPg==\" class=\"lazyload\" style=\"--smush-placeholder-width: 2560px; --smush-placeholder-aspect-ratio: 2560\/1707;\">\n\t\t  \t\t\t\t<\/a>\n\t\t\t\t\t<\/div>\n\t\t\t\t\t\t\t<\/div>\n\t\t<\/div>\n\t\t\t\t<div class=\"data-gallery\" data-gallery=\"[{&quot;src&quot;:&quot;https:\\\/\\\/www.bluecaribetours.com\\\/wp-content\\\/uploads\\\/2023\\\/04\\\/Tulum_1.jpg&quot;,&quot;caption&quot;:&quot;Tulum_1&quot;,&quot;thumb&quot;:&quot;https:\\\/\\\/www.bluecaribetours.com\\\/wp-content\\\/uploads\\\/2023\\\/04\\\/Tulum_1.jpg&quot;},{&quot;src&quot;:&quot;https:\\\/\\\/www.bluecaribetours.com\\\/wp-content\\\/uploads\\\/2023\\\/04\\\/Tulum_2.jpg&quot;,&quot;caption&quot;:&quot;Tulum_2&quot;,&quot;thumb&quot;:&quot;https:\\\/\\\/www.bluecaribetours.com\\\/wp-content\\\/uploads\\\/2023\\\/04\\\/Tulum_2.jpg&quot;},{&quot;src&quot;:&quot;https:\\\/\\\/www.bluecaribetours.com\\\/wp-content\\\/uploads\\\/2023\\\/04\\\/Tulum_3.jpg&quot;,&quot;caption&quot;:&quot;Tulum_3&quot;,&quot;thumb&quot;:&quot;https:\\\/\\\/www.bluecaribetours.com\\\/wp-content\\\/uploads\\\/2023\\\/04\\\/Tulum_3.jpg&quot;},{&quot;src&quot;:&quot;https:\\\/\\\/www.bluecaribetours.com\\\/wp-content\\\/uploads\\\/2023\\\/04\\\/Tulum_4.jpg&quot;,&quot;caption&quot;:&quot;Tulum_4&quot;,&quot;thumb&quot;:&quot;https:\\\/\\\/www.bluecaribetours.com\\\/wp-content\\\/uploads\\\/2023\\\/04\\\/Tulum_4.jpg&quot;},{&quot;src&quot;:&quot;https:\\\/\\\/www.bluecaribetours.com\\\/wp-content\\\/uploads\\\/2023\\\/04\\\/Tulum_5.jpg&quot;,&quot;caption&quot;:&quot;Tulum_5&quot;,&quot;thumb&quot;:&quot;https:\\\/\\\/www.bluecaribetours.com\\\/wp-content\\\/uploads\\\/2023\\\/04\\\/Tulum_5.jpg&quot;},{&quot;src&quot;:&quot;https:\\\/\\\/www.bluecaribetours.com\\\/wp-content\\\/uploads\\\/2023\\\/04\\\/Tulum_6.jpg&quot;,&quot;caption&quot;:&quot;Tulum_6&quot;,&quot;thumb&quot;:&quot;https:\\\/\\\/www.bluecaribetours.com\\\/wp-content\\\/uploads\\\/2023\\\/04\\\/Tulum_6.jpg&quot;},{&quot;src&quot;:&quot;https:\\\/\\\/www.bluecaribetours.com\\\/wp-content\\\/uploads\\\/2023\\\/04\\\/Tulum_7.jpg&quot;,&quot;caption&quot;:&quot;Tulum_7&quot;,&quot;thumb&quot;:&quot;https:\\\/\\\/www.bluecaribetours.com\\\/wp-content\\\/uploads\\\/2023\\\/04\\\/Tulum_7.jpg&quot;},{&quot;src&quot;:&quot;https:\\\/\\\/www.bluecaribetours.com\\\/wp-content\\\/uploads\\\/2023\\\/04\\\/Tulum_8.jpg&quot;,&quot;caption&quot;:&quot;Tulum_8&quot;,&quot;thumb&quot;:&quot;https:\\\/\\\/www.bluecaribetours.com\\\/wp-content\\\/uploads\\\/2023\\\/04\\\/Tulum_8.jpg&quot;},{&quot;src&quot;:&quot;https:\\\/\\\/www.bluecaribetours.com\\\/wp-content\\\/uploads\\\/2023\\\/04\\\/Tulum_9.jpg&quot;,&quot;caption&quot;:&quot;Tulum_9&quot;,&quot;thumb&quot;:&quot;https:\\\/\\\/www.bluecaribetours.com\\\/wp-content\\\/uploads\\\/2023\\\/04\\\/Tulum_9.jpg&quot;}]\"><\/div>\n\t<\/div>\n\t\t\t\t\t\n\t\t\t\t<\/div>\n\t\t\t\t\t\t\t<\/div>\n\t\t\t\t<\/div>\n\t\t\t\t\t<\/div>\n\t\t<\/div>\n\t\t\t\t\t<\/div>\n\t\t<\/section>\n\t\t\t\t<section class=\"elementor-section elementor-top-section elementor-element elementor-element-46975da elementor-section-boxed elementor-section-height-default elementor-section-height-default\" data-id=\"46975da\" data-element_type=\"section\">\n\t\t\t\t\t\t<div class=\"elementor-container elementor-column-gap-default\">\n\t\t\t\t\t<div class=\"elementor-column elementor-col-50 elementor-top-column elementor-element elementor-element-4853206\" data-id=\"4853206\" data-element_type=\"column\">\n\t\t\t<div class=\"elementor-widget-wrap elementor-element-populated\">\n\t\t\t\t\t\t<div class=\"elementor-element elementor-element-44b05e2 elementor-widget elementor-widget-ovabrw_product_features\" data-id=\"44b05e2\" data-element_type=\"widget\" data-widget_type=\"ovabrw_product_features.default\">\n\t\t\t\t<div class=\"elementor-widget-container\">\n\t\t\t\t\t\t\t\t\t<div class=\"ovabrw-modern-product\">\n\t\t\t\t\t\n\t\t\t\t<\/div>\n\t\t\t\t\t\t\t<\/div>\n\t\t\t\t<\/div>\n\t\t\t\t\t<\/div>\n\t\t<\/div>\n\t\t\t\t<div class=\"elementor-column elementor-col-50 elementor-top-column elementor-element elementor-element-449a13b\" data-id=\"449a13b\" data-element_type=\"column\">\n\t\t\t<div class=\"elementor-widget-wrap elementor-element-populated\">\n\t\t\t\t\t\t<div class=\"elementor-element elementor-element-bf6b491 elementor-widget elementor-widget-heading\" data-id=\"bf6b491\" data-element_type=\"widget\" data-widget_type=\"heading.default\">\n\t\t\t\t<div class=\"elementor-widget-container\">\n\t\t\t\t\t<h2 class=\"elementor-heading-title elementor-size-default\"><p><br data-mce-bogus=\"1\"><\/p><\/h2>\t\t\t\t<\/div>\n\t\t\t\t<\/div>\n\t\t\t\t<div class=\"elementor-element elementor-element-8c9b687 elementor-widget elementor-widget-shortcode\" data-id=\"8c9b687\" data-element_type=\"widget\" data-widget_type=\"shortcode.default\">\n\t\t\t\t<div class=\"elementor-widget-container\">\n\t\t\t\t\t\t\t<div class=\"elementor-shortcode\"><p><br data-mce-bogus=\"1\"><\/p><\/div>\n\t\t\t\t\t\t<\/div>\n\t\t\t\t<\/div>\n\t\t\t\t\t<\/div>\n\t\t<\/div>\n\t\t\t\t\t<\/div>\n\t\t<\/section>\n\t\t\t\t<section class=\"elementor-section elementor-top-section elementor-element elementor-element-564df59a elementor-section-boxed elementor-section-height-default elementor-section-height-default\" data-id=\"564df59a\" data-element_type=\"section\">\n\t\t\t\t\t\t<div class=\"elementor-container elementor-column-gap-default\">\n\t\t\t\t\t<div class=\"elementor-column elementor-col-100 elementor-top-column elementor-element elementor-element-6c794b4b\" data-id=\"6c794b4b\" data-element_type=\"column\">\n\t\t\t<div class=\"elementor-widget-wrap elementor-element-populated\">\n\t\t\t\t\t\t\t<\/div>\n\t\t<\/div>\n\t\t\t\t\t<\/div>\n\t\t<\/section>\n\t\t\t\t<section class=\"elementor-section elementor-top-section elementor-element elementor-element-2fc597c elementor-section-boxed elementor-section-height-default elementor-section-height-default\" data-id=\"2fc597c\" data-element_type=\"section\">\n\t\t\t\t\t\t<div class=\"elementor-container elementor-column-gap-default\">\n\t\t\t\t\t<div class=\"elementor-column elementor-col-100 elementor-top-column elementor-element elementor-element-71d3f7c\" data-id=\"71d3f7c\" data-element_type=\"column\">\n\t\t\t<div class=\"elementor-widget-wrap elementor-element-populated\">\n\t\t\t\t\t\t<div class=\"elementor-element elementor-element-fdf20ef elementor-widget elementor-widget-ovabrw_product_rating\" data-id=\"fdf20ef\" data-element_type=\"widget\" data-widget_type=\"ovabrw_product_rating.default\">\n\t\t\t\t<div class=\"elementor-widget-container\">\n\t\t\t\t\t\t\t\t\t<div class=\"ovabrw-modern-product\">\n\t\t\t\t\t<div class=\"pdfTour\">\n\t\n\t<button title=\"Ajouter \u00e0 la liste de souhaits\" class=\"shopengine_add_to_list_action shopengine-wishlist badge inactive\" data-pid=\"8191\">\n\t\t\t\t<i class=\"shopengine-icon-add_to_favourite_1\"><\/i>\n\t\t\t<\/button>\n\n\t\t<\/div>\n\t\t\t\t<\/div>\n\t\t\t\t\t\t\t<\/div>\n\t\t\t\t<\/div>\n\t\t\t\t<div class=\"elementor-element elementor-element-028b9b3 elementor-widget elementor-widget-ovabrw_unavailable_time\" data-id=\"028b9b3\" data-element_type=\"widget\" data-widget_type=\"ovabrw_unavailable_time.default\">\n\t\t\t\t<div class=\"elementor-widget-container\">\n\t\t\t\t\t\t\t\t\t<div class=\"ovabrw-modern-product\">\n\t\t\t\t\t\t\t\t\t<\/div>\n\t\t\t\t\t\t\t<\/div>\n\t\t\t\t<\/div>\n\t\t\t\t<div class=\"elementor-element elementor-element-9387ccf elementor-widget elementor-widget-ovabrw_product_table_price\" data-id=\"9387ccf\" data-element_type=\"widget\" data-widget_type=\"ovabrw_product_table_price.default\">\n\t\t\t\t<div class=\"elementor-widget-container\">\n\t\t\t\t\t\t\t\t\t<div class=\"ovabrw-modern-product\">\n\t\t\t\t\t\t\t\t\t<\/div>\n\t\t\t\t\t\t\t<\/div>\n\t\t\t\t<\/div>\n\t\t\t\t<div class=\"elementor-element elementor-element-6a8a2f8 elementor-widget elementor-widget-ovabrw_product_price\" data-id=\"6a8a2f8\" data-element_type=\"widget\" data-widget_type=\"ovabrw_product_price.default\">\n\t\t\t\t<div class=\"elementor-widget-container\">\n\t\t\t\t\t\t\t\t\t<div class=\"ovabrw-modern-product\">\n\t\t\t\t\t<div class=\"ovabrw-product-price boxPrezzi\">\n\t<!-- modifica per prezzi scheda prodotto pubblici INOL3-->\n\t        <span class=\"unit textPrezzo\">Adulte<\/span>\n\t\t<span class=\"amount prezzo\"><span class=\"woocommerce-Price-amount amount\"><bdi><span class=\"custom-prc\">89.00<\/span><span class=\"woocommerce-Price-currencySymbol\">&#36;<\/span><\/bdi><\/span><\/span>\n\t<\/div>\t\t\t\t<\/div>\n\t\t\t\t\t\t\t<\/div>\n\t\t\t\t<\/div>\n\t\t\t\t<div class=\"elementor-element elementor-element-85f818e elementor-widget elementor-widget-ovabrw_product_booking_form\" data-id=\"85f818e\" data-element_type=\"widget\" data-widget_type=\"ovabrw_product_booking_form.default\">\n\t\t\t\t<div class=\"elementor-widget-container\">\n\t\t\t\t\t\t\t\t\t<div class=\"ovabrw-modern-product\">\n\t\t\t\t\t\t<div class=\"ovabrw-product-form-tabs\">\n\t\t<div class=\"ovabrw-tab-content\">\n\t\t\t\t\t\t<div class=\"item-content active ovabrw_booking_form\" id=\"modern-booking\">\n\t\t\t\t\t\n<style type=\"text\/css\">#booking-box .elementor-widget-text-editor { display: none !important; }<\/style><a class=\"btn_tran contact\" href=\"https:\/\/www.bluecaribetours.com\/contact\/\">CONTACTS<\/a><!-- PASSA DI QUI inol3-->\n\t\t\t\t<\/div>\n\t\t\t\t\t<\/div>\n\t<\/div>\n\t\t\t\t<\/div>\n\t\t\t\t\t\t\t<\/div>\n\t\t\t\t<\/div>\n\t\t\t\t\t<\/div>\n\t\t<\/div>\n\t\t\t\t\t<\/div>\n\t\t<\/section>\n\t\t\t\t<\/div>\n\t\t","protected":false},"excerpt":{"rendered":"<h6>L&rsquo;EXCURSION<\/h6>\n<p>Tulum est un site arch\u00e9ologique incontournable qui surplombe la mer des Cara\u00efbes. Ce sont les seules ruines au Mexique qui offrent une vue exceptionnelle sur les eaux turquoise. Au cours de notre visite guid\u00e9e, nous aurons l\u2019occasion de d\u00e9couvrir l\u2019histoire et la construction de ce site arch\u00e9ologique. Gr\u00e2ce \u00e0 sa situation privil\u00e9gi\u00e9e et \u00e0 l\u2019excellente conservation de ses \u00e9difices et peintures murales, ces ruines sont absolument uniques en leur genre.\n<\/p>\n<p>&nbsp;<\/p>\n<h6>OPTIONS SUGG\u00c9R\u00c9ES<\/h6>\n<p>Site arch\u00e9ologique de Tulum + snorkeling<\/p>\n<p>Site arch\u00e9ologique de Tulum + Beach Club + Visite de la ville de Tulum<\/p>\n<p>Site arch\u00e9ologique de Tulum + ruines arch\u00e9ologiques de Coba<\/p>\n<p class=\"p1\">Personnalisez votre excursion en fonction de vos besoins. Blue Caribe est sp\u00e9cialis\u00e9 dans les solutions sur mesure, n\u2019h\u00e9sitez pas \u00e0 vous renseigner sur les options disponibles pour personnaliser votre excursion et vivre une exp\u00e9rience unique!<\/p>\n<p>&nbsp;<\/p>\n<h6 class=\"p1\">INFORMATIONS SUR LES BILLETS<\/h6>\n<p class=\"p1\">Enfants de 0 \u00e0 3 ans : Gratuit*<br \/>\nEnfants de 4 \u00e0 11 ans : Tarif r\u00e9duit*<br \/>\nAdultes &#8211; \u00e0 partir de 12 ans : Plein tarif <\/p>\n<p class=\"p1\">*V\u00e9rifiez avec un conseiller Blue Caribe si l\u2019excursion choisie est adapt\u00e9e aux b\u00e9b\u00e9s et enfants.<\/p>\n<p>&nbsp;<\/p>\n","protected":false},"featured_media":7660,"comment_status":"open","ping_status":"closed","template":"","meta":{"_acf_changed":false,"inline_featured_image":false},"product_cat":[212],"product_tag":[209,183,208],"operation-days":[240,179,176,177,178,194,180],"class_list":{"0":"post-8191","1":"product","2":"type-product","3":"status-publish","4":"has-post-thumbnail","6":"product_cat-excursions-privees","7":"product_tag-cenote-fr","8":"product_tag-snorkeling-fr","9":"product_tag-village-maya","10":"operation-days-dimanche","11":"operation-days-jeudi","12":"operation-days-lundi","13":"operation-days-mardi","14":"operation-days-mercredi","15":"operation-days-samedi","16":"operation-days-vendredi","18":"first","19":"instock","20":"shipping-taxable","21":"purchasable","22":"product-type-ovabrw_car_rental"},"acf":[],"_links":{"self":[{"href":"https:\/\/www.bluecaribetours.com\/fr\/wp-json\/wp\/v2\/product\/8191"}],"collection":[{"href":"https:\/\/www.bluecaribetours.com\/fr\/wp-json\/wp\/v2\/product"}],"about":[{"href":"https:\/\/www.bluecaribetours.com\/fr\/wp-json\/wp\/v2\/types\/product"}],"replies":[{"embeddable":true,"href":"https:\/\/www.bluecaribetours.com\/fr\/wp-json\/wp\/v2\/comments?post=8191"}],"version-history":[{"count":0,"href":"https:\/\/www.bluecaribetours.com\/fr\/wp-json\/wp\/v2\/product\/8191\/revisions"}],"wp:featuredmedia":[{"embeddable":true,"href":"https:\/\/www.bluecaribetours.com\/fr\/wp-json\/wp\/v2\/media\/7660"}],"wp:attachment":[{"href":"https:\/\/www.bluecaribetours.com\/fr\/wp-json\/wp\/v2\/media?parent=8191"}],"wp:term":[{"taxonomy":"product_cat","embeddable":true,"href":"https:\/\/www.bluecaribetours.com\/fr\/wp-json\/wp\/v2\/product_cat?post=8191"},{"taxonomy":"product_tag","embeddable":true,"href":"https:\/\/www.bluecaribetours.com\/fr\/wp-json\/wp\/v2\/product_tag?post=8191"},{"taxonomy":"operation-days","embeddable":true,"href":"https:\/\/www.bluecaribetours.com\/fr\/wp-json\/wp\/v2\/operation-days?post=8191"}],"curies":[{"name":"wp","href":"https:\/\/api.w.org\/{rel}","templated":true}]}}