{"id":11839,"date":"2024-01-12T10:43:53","date_gmt":"2024-01-12T09:43:53","guid":{"rendered":"https:\/\/www.bluecaribetours.com\/tour-di-cancun\/"},"modified":"2024-09-17T09:26:09","modified_gmt":"2024-09-17T07:26:09","slug":"tour-di-cancun","status":"publish","type":"page","link":"https:\/\/www.bluecaribetours.com\/it\/tour-di-cancun\/","title":{"rendered":"Tour di Cancun"},"content":{"rendered":"\t\t<div data-elementor-type=\"wp-page\" data-elementor-id=\"11839\" class=\"elementor elementor-11839 elementor-10924\">\n\t\t\t\t<div class=\"elementor-element elementor-element-b47cb48 landingPage e-flex e-con-boxed e-con e-parent\" data-id=\"b47cb48\" data-element_type=\"container\">\n\t\t\t\t\t<div class=\"e-con-inner\">\n\t\t<div class=\"elementor-element elementor-element-5677f2e e-con-full e-flex e-con e-child\" data-id=\"5677f2e\" data-element_type=\"container\" data-settings=\"{&quot;background_background&quot;:&quot;classic&quot;}\">\n\t\t\t\t<div class=\"elementor-element elementor-element-6362b08 wpr-promo-box-style-cover elementor-widget elementor-widget-wpr-promo-box\" data-id=\"6362b08\" data-element_type=\"widget\" data-widget_type=\"wpr-promo-box.default\">\n\t\t\t\t<div class=\"elementor-widget-container\">\n\t\t\t\t\t\n\t\t<div class=\"wpr-promo-box wpr-animation-wrap\">\n\n\t\t\t\t\t\t\t\n\t\t\t\t\t\t\t<div class=\"wpr-promo-box-image\">\n\t\t\t\t\t<div class=\"wpr-promo-box-bg-image wpr-bg-anim-zoom-in wpr-anim-timing-ease-default lazyload\" style=\"background-image:inherit;\" data-bg-image=\"url(https:\/\/www.bluecaribetours.com\/wp-content\/uploads\/2023\/04\/HOLBOX-9-1-scaled.jpg)\"><\/div>\n\t\t\t\t\t<div class=\"wpr-promo-box-bg-overlay wpr-border-anim-chicho\"><\/div>\n\t\t\t\t<\/div>\n\t\t\t\t\t\t\n\t\t\t<div class=\"wpr-promo-box-content\">\n\n\t\t\t\t\t\t\t\t<div class=\"wpr-promo-box-icon\">\n\t\t\t\t\t\t\t\t\t<\/div>\n\t\t\t\t\n\t\t\t\t<h1 class=\"wpr-promo-box-title\"><span>Pacchetti turistici per Cancun<\/span><\/h1>\n\t\t\t\t\t\t\t\t\t<div class=\"wpr-promo-box-description\">\n\t\t\t\t\t\t<p><p>Blue Caribe Tours<\/p><\/p>\t\n\t\t\t\t\t<\/div>\t\t\t\t\t\t\n\t\t\t\t\n\t\t\t\t\t\t\t<\/div>\n\n\t\t\t\r\n\t\t\t<div class=\"wpr-promo-box-badge wpr-promo-box-badge-corner wpr-promo-box-badge-right\">\r\n\t\t\t\t<div class=\"wpr-promo-box-badge-inner\">Hot<\/div>\r\n\t\t\t<\/div>\r\n\t\t\t\t<\/div>\n\n\t\t\t\t\t\t<\/div>\n\t\t\t\t<\/div>\n\t\t\t\t<div class=\"elementor-element elementor-element-52dfe0d elementor-widget elementor-widget-text-editor\" data-id=\"52dfe0d\" data-element_type=\"widget\" data-widget_type=\"text-editor.default\">\n\t\t\t\t<div class=\"elementor-widget-container\">\n\t\t\t\t\t\t\t\t\t<p>I nostri <strong>pacchetti turistici per Cancun<\/strong> offrono l&#8217;esperienza di viaggio definitiva, combinando lusso, avventura ed esplorazione culturale. Adattati per soddisfare diverse preferenze, questi pacchetti includono visite a <strong>luoghi iconici, escursioni avventurose e giornate di relax in spiaggia.<\/strong><\/p>\n<p>Che tu stia cercando una vacanza adatta alle famiglie o una fuga romantica, i nostri <strong>pacchetti turistici per Cancun<\/strong> offrono un modo completo e senza stress per godere della destinazione pi\u00f9 vivace del Messico.<\/p>\n\t\t\t\t\t\t\t\t<\/div>\n\t\t\t\t<\/div>\n\t\t\t\t<div class=\"elementor-element elementor-element-3bbe864 elementor-align-center elementor-widget elementor-widget-shopengine-product-list\" data-id=\"3bbe864\" data-element_type=\"widget\" data-widget_type=\"shopengine-product-list.default\">\n\t\t\t\t<div class=\"elementor-widget-container\">\n\t\t\t\t\t<div class=\"shopengine shopengine-widget\"><\/div>\t\t\t\t<\/div>\n\t\t\t\t<\/div>\n\t\t\t\t<\/div>\n\t\t\t\t\t<\/div>\n\t\t\t\t<\/div>\n\t\t\t\t<\/div>\n\t\t","protected":false},"excerpt":{"rendered":"<p>Pacchetti turistici per Cancun Blue Caribe Tours Hot I nostri pacchetti turistici per Cancun offrono l&#8217;esperienza di viaggio definitiva, combinando lusso, avventura ed esplorazione culturale. Adattati per soddisfare diverse preferenze, questi pacchetti includono visite a luoghi iconici, escursioni avventurose e giornate di relax in spiaggia. Che tu stia cercando una vacanza adatta alle famiglie o una fuga romantica, i nostri pacchetti turistici per Cancun offrono un modo completo e senza stress per godere della destinazione pi\u00f9 vivace del Messico. Prenota Cenote From your hotel in Canc\u00fan EK BALAM Rated 0 out of 5(0) 139.00&#36; &#8211; 159.00&#36; Prenota Cenote From your hotel in Canc\u00fan BLUE COBA Rated 0 out of 5(0) 129.00&#36; &#8211; 139.00&#36; Prenota Nature sighting From your hotel in Canc\u00fan WHALE SHARK EXPEDITION Rated 0 out of 5(0) 199.00&#36; &#8211; 219.00&#36; Prenota Cenote From your hotel in Canc\u00fan TULUM AND VILLAGE Rated 0 out of 5(0) 79.00&#36; &#8211; 99.00&#36; Prenota Cenote From your hotel in Canc\u00fan UNDERWATER WORLD Rated 0 out of 5(0) 89.00&#36; &#8211; 109.00&#36; Prenota Boat Tour From your hotel in Canc\u00fan SIAN KAAN BOAT SAFARI TOUR Rated 0 out of 5(0) 209.00&#36; &#8211; 229.00&#36; Prenota Cenote From your hotel in Canc\u00fan MAYAN NIGHT TOUR Rated 0 out of 5(0) From 109.00&#36; Prenota Cenote From your hotel in Canc\u00fan CHICHEN ITZA Rated 0 out of 5(0) 89.00&#36; &#8211; 137.00&#36; Prenota Boat Tour From your hotel in Canc\u00fan HOLBOX TOUR Rated 0 out of 5(0) 169.00&#36; &#8211; 189.00&#36; Prenota Islands tour From your hotel in Canc\u00fan ISLA CONTOY &#038; ISLA MUJERE Rated 0 out of 5(0) 159.00&#36; &#8211; 169.00&#36;<\/p>\n","protected":false},"author":1,"featured_media":0,"parent":0,"menu_order":0,"comment_status":"closed","ping_status":"closed","template":"","meta":{"_acf_changed":false,"inline_featured_image":false,"footnotes":""},"class_list":["post-11839","page","type-page","status-publish","hentry"],"acf":[],"_links":{"self":[{"href":"https:\/\/www.bluecaribetours.com\/it\/wp-json\/wp\/v2\/pages\/11839"}],"collection":[{"href":"https:\/\/www.bluecaribetours.com\/it\/wp-json\/wp\/v2\/pages"}],"about":[{"href":"https:\/\/www.bluecaribetours.com\/it\/wp-json\/wp\/v2\/types\/page"}],"author":[{"embeddable":true,"href":"https:\/\/www.bluecaribetours.com\/it\/wp-json\/wp\/v2\/users\/1"}],"replies":[{"embeddable":true,"href":"https:\/\/www.bluecaribetours.com\/it\/wp-json\/wp\/v2\/comments?post=11839"}],"version-history":[{"count":1,"href":"https:\/\/www.bluecaribetours.com\/it\/wp-json\/wp\/v2\/pages\/11839\/revisions"}],"predecessor-version":[{"id":11840,"href":"https:\/\/www.bluecaribetours.com\/it\/wp-json\/wp\/v2\/pages\/11839\/revisions\/11840"}],"wp:attachment":[{"href":"https:\/\/www.bluecaribetours.com\/it\/wp-json\/wp\/v2\/media?parent=11839"}],"curies":[{"name":"wp","href":"https:\/\/api.w.org\/{rel}","templated":true}]}}