{"id":6303,"date":"2023-05-03T16:34:28","date_gmt":"2023-05-03T14:34:28","guid":{"rendered":"https:\/\/bluecaribe.inol3.com\/faq\/"},"modified":"2023-09-28T11:39:26","modified_gmt":"2023-09-28T09:39:26","slug":"faq","status":"publish","type":"page","link":"https:\/\/www.bluecaribetours.com\/it\/faq\/","title":{"rendered":"Faq"},"content":{"rendered":"\t\t<div data-elementor-type=\"wp-page\" data-elementor-id=\"6303\" class=\"elementor elementor-6303 elementor-4872\">\n\t\t\t\t\t\t<section class=\"elementor-section elementor-top-section elementor-element elementor-element-5a56b0e elementor-section-boxed elementor-section-height-default elementor-section-height-default\" data-id=\"5a56b0e\" data-element_type=\"section\">\n\t\t\t\t\t\t<div class=\"elementor-container elementor-column-gap-default\">\n\t\t\t\t\t<div class=\"elementor-column elementor-col-100 elementor-top-column elementor-element elementor-element-927ba2d\" data-id=\"927ba2d\" data-element_type=\"column\" data-settings=\"{&quot;background_background&quot;:&quot;classic&quot;}\">\n\t\t\t<div class=\"elementor-widget-wrap elementor-element-populated\">\n\t\t\t\t<div class=\"elementor-element elementor-element-5c1fc82 e-flex e-con-boxed e-con e-parent\" data-id=\"5c1fc82\" data-element_type=\"container\">\n\t\t\t\t\t<div class=\"e-con-inner\">\n\t\t\t\t<div class=\"elementor-element elementor-element-8937119 elementor-widget elementor-widget-heading\" data-id=\"8937119\" data-element_type=\"widget\" data-widget_type=\"heading.default\">\n\t\t\t\t<div class=\"elementor-widget-container\">\n\t\t\t\t\t<h2 class=\"elementor-heading-title elementor-size-default\">Domande pi\u00f9 frequenti (FAQ)<\/h2>\t\t\t\t<\/div>\n\t\t\t\t<\/div>\n\t\t\t\t<div class=\"elementor-element elementor-element-95fee5b elementor-widget elementor-widget-text-editor\" data-id=\"95fee5b\" data-element_type=\"widget\" data-widget_type=\"text-editor.default\">\n\t\t\t\t<div class=\"elementor-widget-container\">\n\t\t\t\t\t\t\t\t\t<p class=\"p1\">Avete domande da porci? <span style=\"color: #54aef2;\"><a style=\"color: #54aef2;\" href=\"https:\/\/www.bluecaribetours.com\/contact\/\" target=\"_blank\" rel=\"noopener\">Contattaci<\/a><\/span>, saremo felici di aiutarvi!<\/p>\n\t\t\t\t\t\t\t\t<\/div>\n\t\t\t\t<\/div>\n\t\t\t\t<div class=\"elementor-element elementor-element-8192f83 elementor-widget-divider--view-line elementor-widget elementor-widget-divider\" data-id=\"8192f83\" data-element_type=\"widget\" data-widget_type=\"divider.default\">\n\t\t\t\t<div class=\"elementor-widget-container\">\n\t\t\t\t\t\t\t<div class=\"elementor-divider\">\n\t\t\t<span class=\"elementor-divider-separator\">\n\t\t\t\t\t\t<\/span>\n\t\t<\/div>\n\t\t\t\t\t\t<\/div>\n\t\t\t\t<\/div>\n\t\t\t\t<div class=\"elementor-element elementor-element-a7f13ca elementor-widget elementor-widget-accordion\" data-id=\"a7f13ca\" data-element_type=\"widget\" data-widget_type=\"accordion.default\">\n\t\t\t\t<div class=\"elementor-widget-container\">\n\t\t\t\t\t\t\t<div class=\"elementor-accordion\">\n\t\t\t\t\t\t\t<div class=\"elementor-accordion-item\">\n\t\t\t\t\t<div id=\"elementor-tab-title-1761\" class=\"elementor-tab-title\" data-tab=\"1\" role=\"button\" aria-controls=\"elementor-tab-content-1761\" aria-expanded=\"false\">\n\t\t\t\t\t\t\t\t\t\t\t\t\t<span class=\"elementor-accordion-icon elementor-accordion-icon-right\" aria-hidden=\"true\">\n\t\t\t\t\t\t\t\t\t\t\t\t\t\t\t<span class=\"elementor-accordion-icon-closed\"><i class=\"fas fa-plus\"><\/i><\/span>\n\t\t\t\t\t\t\t\t<span class=\"elementor-accordion-icon-opened\"><i class=\"fas fa-minus\"><\/i><\/span>\n\t\t\t\t\t\t\t\t\t\t\t\t\t\t<\/span>\n\t\t\t\t\t\t\t\t\t\t\t\t<a class=\"elementor-accordion-title\" tabindex=\"0\">Da dove partono i tour?<\/a>\n\t\t\t\t\t<\/div>\n\t\t\t\t\t<div id=\"elementor-tab-content-1761\" class=\"elementor-tab-content elementor-clearfix\" data-tab=\"1\" role=\"region\" aria-labelledby=\"elementor-tab-title-1761\"><p class=\"p1\">Alcuni tour partono da localit\u00e0 differenti, ad esempio Cancun o Riviera Maya, seleziona quello che preferisci dalla lista dei Tour.<br \/>\nUna volta effettuata la prenotazione del tour verrete contattati dal nostro team per stabilire insieme il punto di partenza ideale per voi, con la possibilit\u00e0 di partire direttamente dall\u2019hotel\/airbnb o altro vostro luogo di residenza. In alternativa, \u00e8 possibile partire da punti di incontro prestabiliti.<\/p>\n<\/div>\n\t\t\t\t<\/div>\n\t\t\t\t\t\t\t<div class=\"elementor-accordion-item\">\n\t\t\t\t\t<div id=\"elementor-tab-title-1762\" class=\"elementor-tab-title\" data-tab=\"2\" role=\"button\" aria-controls=\"elementor-tab-content-1762\" aria-expanded=\"false\">\n\t\t\t\t\t\t\t\t\t\t\t\t\t<span class=\"elementor-accordion-icon elementor-accordion-icon-right\" aria-hidden=\"true\">\n\t\t\t\t\t\t\t\t\t\t\t\t\t\t\t<span class=\"elementor-accordion-icon-closed\"><i class=\"fas fa-plus\"><\/i><\/span>\n\t\t\t\t\t\t\t\t<span class=\"elementor-accordion-icon-opened\"><i class=\"fas fa-minus\"><\/i><\/span>\n\t\t\t\t\t\t\t\t\t\t\t\t\t\t<\/span>\n\t\t\t\t\t\t\t\t\t\t\t\t<a class=\"elementor-accordion-title\" tabindex=\"0\">Sicurezza dei tour<\/a>\n\t\t\t\t\t<\/div>\n\t\t\t\t\t<div id=\"elementor-tab-content-1762\" class=\"elementor-tab-content elementor-clearfix\" data-tab=\"2\" role=\"region\" aria-labelledby=\"elementor-tab-title-1762\"><p class=\"p1\">Il nostro obiettivo principale \u00e8 offrire un servizio all\u2019altezza delle aspettative, garantendo standard elevati di sicurezza e qualit\u00e0. All\u2019interno delle schede dei tour troverete indicato se un tour \u00e8 adatto a bambini, a donne in gravidanza o a persone con una mobilit\u00e0 ridotta. Per qualsiasi dubbio non esitare a contattarci.<\/p>\n<\/div>\n\t\t\t\t<\/div>\n\t\t\t\t\t\t\t<div class=\"elementor-accordion-item\">\n\t\t\t\t\t<div id=\"elementor-tab-title-1763\" class=\"elementor-tab-title\" data-tab=\"3\" role=\"button\" aria-controls=\"elementor-tab-content-1763\" aria-expanded=\"false\">\n\t\t\t\t\t\t\t\t\t\t\t\t\t<span class=\"elementor-accordion-icon elementor-accordion-icon-right\" aria-hidden=\"true\">\n\t\t\t\t\t\t\t\t\t\t\t\t\t\t\t<span class=\"elementor-accordion-icon-closed\"><i class=\"fas fa-plus\"><\/i><\/span>\n\t\t\t\t\t\t\t\t<span class=\"elementor-accordion-icon-opened\"><i class=\"fas fa-minus\"><\/i><\/span>\n\t\t\t\t\t\t\t\t\t\t\t\t\t\t<\/span>\n\t\t\t\t\t\t\t\t\t\t\t\t<a class=\"elementor-accordion-title\" tabindex=\"0\">In quale lingua verr\u00e0 svolto il tour?<\/a>\n\t\t\t\t\t<\/div>\n\t\t\t\t\t<div id=\"elementor-tab-content-1763\" class=\"elementor-tab-content elementor-clearfix\" data-tab=\"3\" role=\"region\" aria-labelledby=\"elementor-tab-title-1763\"><p class=\"p1\">Il nostro team pu\u00f2 contare su numerose guide altamente qualificate e multilingue. Garantiamo visite giornaliere in italiano, inglese, tedesco, spagnolo e francese. Potete anche richiedere un tour in un&#8217;altra lingua, faremo del nostro meglio per soddisfare la vostra richiesta.<\/p>\n<\/div>\n\t\t\t\t<\/div>\n\t\t\t\t\t\t\t<div class=\"elementor-accordion-item\">\n\t\t\t\t\t<div id=\"elementor-tab-title-1764\" class=\"elementor-tab-title\" data-tab=\"4\" role=\"button\" aria-controls=\"elementor-tab-content-1764\" aria-expanded=\"false\">\n\t\t\t\t\t\t\t\t\t\t\t\t\t<span class=\"elementor-accordion-icon elementor-accordion-icon-right\" aria-hidden=\"true\">\n\t\t\t\t\t\t\t\t\t\t\t\t\t\t\t<span class=\"elementor-accordion-icon-closed\"><i class=\"fas fa-plus\"><\/i><\/span>\n\t\t\t\t\t\t\t\t<span class=\"elementor-accordion-icon-opened\"><i class=\"fas fa-minus\"><\/i><\/span>\n\t\t\t\t\t\t\t\t\t\t\t\t\t\t<\/span>\n\t\t\t\t\t\t\t\t\t\t\t\t<a class=\"elementor-accordion-title\" tabindex=\"0\">Qual \u00e8 la differenza tra Tour e Tour privati?<\/a>\n\t\t\t\t\t<\/div>\n\t\t\t\t\t<div id=\"elementor-tab-content-1764\" class=\"elementor-tab-content elementor-clearfix\" data-tab=\"4\" role=\"region\" aria-labelledby=\"elementor-tab-title-1764\"><p class=\"p1\">I Tour si svolgono in giorni specifici seguendo itinerari precisi.<\/p>\n<p class=\"p1\">I Tour privati sono concordati con il cliente e possono essere personalizzati al 100%, per tipo di attivit\u00e0, durata, giorno e altro ancora.<\/p>\n<\/div>\n\t\t\t\t<\/div>\n\t\t\t\t\t\t\t<div class=\"elementor-accordion-item\">\n\t\t\t\t\t<div id=\"elementor-tab-title-1765\" class=\"elementor-tab-title\" data-tab=\"5\" role=\"button\" aria-controls=\"elementor-tab-content-1765\" aria-expanded=\"false\">\n\t\t\t\t\t\t\t\t\t\t\t\t\t<span class=\"elementor-accordion-icon elementor-accordion-icon-right\" aria-hidden=\"true\">\n\t\t\t\t\t\t\t\t\t\t\t\t\t\t\t<span class=\"elementor-accordion-icon-closed\"><i class=\"fas fa-plus\"><\/i><\/span>\n\t\t\t\t\t\t\t\t<span class=\"elementor-accordion-icon-opened\"><i class=\"fas fa-minus\"><\/i><\/span>\n\t\t\t\t\t\t\t\t\t\t\t\t\t\t<\/span>\n\t\t\t\t\t\t\t\t\t\t\t\t<a class=\"elementor-accordion-title\" tabindex=\"0\">Chi pu\u00f2 partecipare ai tour?<\/a>\n\t\t\t\t\t<\/div>\n\t\t\t\t\t<div id=\"elementor-tab-content-1765\" class=\"elementor-tab-content elementor-clearfix\" data-tab=\"5\" role=\"region\" aria-labelledby=\"elementor-tab-title-1765\"><p class=\"p1\">In ogni scheda dei tour troverete specificato a quali persone non \u00e8 consigliato svolgere determinati tour. Alcuni tour non possono essere svolti da persone con mobilit\u00e0 ridotta o con difficolt\u00e0 respiratorie, non posso parteciparvi bambini sotto i 3 anni di et\u00e0 o donne in gravidanza.<\/p>\n<p class=\"p1\">Al fine di garantire la sicurezza di tutti vi chiediamo di prestare molta attenzione a tali indicazioni.<\/p>\n<\/div>\n\t\t\t\t<\/div>\n\t\t\t\t\t\t\t<div class=\"elementor-accordion-item\">\n\t\t\t\t\t<div id=\"elementor-tab-title-1766\" class=\"elementor-tab-title\" data-tab=\"6\" role=\"button\" aria-controls=\"elementor-tab-content-1766\" aria-expanded=\"false\">\n\t\t\t\t\t\t\t\t\t\t\t\t\t<span class=\"elementor-accordion-icon elementor-accordion-icon-right\" aria-hidden=\"true\">\n\t\t\t\t\t\t\t\t\t\t\t\t\t\t\t<span class=\"elementor-accordion-icon-closed\"><i class=\"fas fa-plus\"><\/i><\/span>\n\t\t\t\t\t\t\t\t<span class=\"elementor-accordion-icon-opened\"><i class=\"fas fa-minus\"><\/i><\/span>\n\t\t\t\t\t\t\t\t\t\t\t\t\t\t<\/span>\n\t\t\t\t\t\t\t\t\t\t\t\t<a class=\"elementor-accordion-title\" tabindex=\"0\">Quanto durano i tour?<\/a>\n\t\t\t\t\t<\/div>\n\t\t\t\t\t<div id=\"elementor-tab-content-1766\" class=\"elementor-tab-content elementor-clearfix\" data-tab=\"6\" role=\"region\" aria-labelledby=\"elementor-tab-title-1766\"><p class=\"p1\">I tour indicati come &#8220;giornata intera&#8221; prevedono una partenza al mattino presto e un rientro a met\u00e0 pomeriggio (l&#8217;orario pu\u00f2 variare a seconda della localit\u00e0 scelta). Le visite di mezza giornata si svolgono di solito al mattino.<\/p>\n<\/div>\n\t\t\t\t<\/div>\n\t\t\t\t\t\t\t<div class=\"elementor-accordion-item\">\n\t\t\t\t\t<div id=\"elementor-tab-title-1767\" class=\"elementor-tab-title\" data-tab=\"7\" role=\"button\" aria-controls=\"elementor-tab-content-1767\" aria-expanded=\"false\">\n\t\t\t\t\t\t\t\t\t\t\t\t\t<span class=\"elementor-accordion-icon elementor-accordion-icon-right\" aria-hidden=\"true\">\n\t\t\t\t\t\t\t\t\t\t\t\t\t\t\t<span class=\"elementor-accordion-icon-closed\"><i class=\"fas fa-plus\"><\/i><\/span>\n\t\t\t\t\t\t\t\t<span class=\"elementor-accordion-icon-opened\"><i class=\"fas fa-minus\"><\/i><\/span>\n\t\t\t\t\t\t\t\t\t\t\t\t\t\t<\/span>\n\t\t\t\t\t\t\t\t\t\t\t\t<a class=\"elementor-accordion-title\" tabindex=\"0\">Cosa devo portare il giorno del tour?<\/a>\n\t\t\t\t\t<\/div>\n\t\t\t\t\t<div id=\"elementor-tab-content-1767\" class=\"elementor-tab-content elementor-clearfix\" data-tab=\"7\" role=\"region\" aria-labelledby=\"elementor-tab-title-1767\"><p class=\"p1\">Su ogni scheda del tour troverete elencati gli elementi essenziali da portare con voi a seconda dell&#8217;esperienza scelta. Al momento della prenotazione, indicare i nomi dei partecipanti al tour, presentarsi al tour con i documenti (o una copia) e l&#8217;e-mail (digitale o stampata) con la prenotazione.<\/p>\n<\/div>\n\t\t\t\t<\/div>\n\t\t\t\t\t\t\t<div class=\"elementor-accordion-item\">\n\t\t\t\t\t<div id=\"elementor-tab-title-1768\" class=\"elementor-tab-title\" data-tab=\"8\" role=\"button\" aria-controls=\"elementor-tab-content-1768\" aria-expanded=\"false\">\n\t\t\t\t\t\t\t\t\t\t\t\t\t<span class=\"elementor-accordion-icon elementor-accordion-icon-right\" aria-hidden=\"true\">\n\t\t\t\t\t\t\t\t\t\t\t\t\t\t\t<span class=\"elementor-accordion-icon-closed\"><i class=\"fas fa-plus\"><\/i><\/span>\n\t\t\t\t\t\t\t\t<span class=\"elementor-accordion-icon-opened\"><i class=\"fas fa-minus\"><\/i><\/span>\n\t\t\t\t\t\t\t\t\t\t\t\t\t\t<\/span>\n\t\t\t\t\t\t\t\t\t\t\t\t<a class=\"elementor-accordion-title\" tabindex=\"0\">Quali sono i metodi di pagamento accettati?<\/a>\n\t\t\t\t\t<\/div>\n\t\t\t\t\t<div id=\"elementor-tab-content-1768\" class=\"elementor-tab-content elementor-clearfix\" data-tab=\"8\" role=\"region\" aria-labelledby=\"elementor-tab-title-1768\"><p class=\"p1\">I tour possono essere pagati con carta di credito, PayPal e bonifico bancario.<\/p>\n<p class=\"p1\">I tour privati possono essere pagati solo tramite bonifico bancario.<\/p>\n<\/div>\n\t\t\t\t<\/div>\n\t\t\t\t\t\t\t<div class=\"elementor-accordion-item\">\n\t\t\t\t\t<div id=\"elementor-tab-title-1769\" class=\"elementor-tab-title\" data-tab=\"9\" role=\"button\" aria-controls=\"elementor-tab-content-1769\" aria-expanded=\"false\">\n\t\t\t\t\t\t\t\t\t\t\t\t\t<span class=\"elementor-accordion-icon elementor-accordion-icon-right\" aria-hidden=\"true\">\n\t\t\t\t\t\t\t\t\t\t\t\t\t\t\t<span class=\"elementor-accordion-icon-closed\"><i class=\"fas fa-plus\"><\/i><\/span>\n\t\t\t\t\t\t\t\t<span class=\"elementor-accordion-icon-opened\"><i class=\"fas fa-minus\"><\/i><\/span>\n\t\t\t\t\t\t\t\t\t\t\t\t\t\t<\/span>\n\t\t\t\t\t\t\t\t\t\t\t\t<a class=\"elementor-accordion-title\" tabindex=\"0\">Cosa succede in caso di maltempo?<\/a>\n\t\t\t\t\t<\/div>\n\t\t\t\t\t<div id=\"elementor-tab-content-1769\" class=\"elementor-tab-content elementor-clearfix\" data-tab=\"9\" role=\"region\" aria-labelledby=\"elementor-tab-title-1769\"><p class=\"p1\">Se Blue Caribe determina l&#8217;impossibilit\u00e0 di svolgere un&#8217;attivit\u00e0 (a causa del maltempo o per altri motivi), il tour sar\u00e0 rinviato e riprogrammato. Il nostro team si impegner\u00e0 al massimo per trovare la soluzione giusta per ogni cliente. In caso di impossibilit\u00e0 di riprogrammare il tour, il cliente ricever\u00e0 un rimborso.<\/p>\n<p class=\"p1\">Se il cliente non pretende di partecipare al tour prenotato o sceglie di non effettuare determinate esperienze, quest&#8217;ultima non pu\u00f2 garantire il diritto al rimborso.<\/p>\n<\/div>\n\t\t\t\t<\/div>\n\t\t\t\t\t\t\t\t<\/div>\n\t\t\t\t\t\t<\/div>\n\t\t\t\t<\/div>\n\t\t\t\t\t<\/div>\n\t\t\t\t<\/div>\n\t\t\t\t\t<\/div>\n\t\t<\/div>\n\t\t\t\t\t<\/div>\n\t\t<\/section>\n\t\t\t\t<\/div>\n\t\t","protected":false},"excerpt":{"rendered":"<p>Domande pi\u00f9 frequenti (FAQ) Avete domande da porci? Contattaci, saremo felici di aiutarvi! Da dove partono i tour? Alcuni tour partono da localit\u00e0 differenti, ad esempio Cancun o Riviera Maya, seleziona quello che preferisci dalla lista dei Tour. Una volta effettuata la prenotazione del tour verrete contattati dal nostro team per stabilire insieme il punto di partenza ideale per voi, con la possibilit\u00e0 di partire direttamente dall\u2019hotel\/airbnb o altro vostro luogo di residenza. In alternativa, \u00e8 possibile partire da punti di incontro prestabiliti. Sicurezza dei tour Il nostro obiettivo principale \u00e8 offrire un servizio all\u2019altezza delle aspettative, garantendo standard elevati di sicurezza e qualit\u00e0. All\u2019interno delle schede dei tour troverete indicato se un tour \u00e8 adatto a bambini, a donne in gravidanza o a persone con una mobilit\u00e0 ridotta. Per qualsiasi dubbio non esitare a contattarci. In quale lingua verr\u00e0 svolto il tour? Il nostro team pu\u00f2 contare su numerose guide altamente qualificate e multilingue. Garantiamo visite giornaliere in italiano, inglese, tedesco, spagnolo e francese. Potete anche richiedere un tour in un&#8217;altra lingua, faremo del nostro meglio per soddisfare la vostra richiesta. Qual \u00e8 la differenza tra Tour e Tour privati? I Tour si svolgono in giorni specifici seguendo itinerari precisi. I Tour privati sono concordati con il cliente e possono essere personalizzati al 100%, per tipo di attivit\u00e0, durata, giorno e altro ancora. Chi pu\u00f2 partecipare ai tour? In ogni scheda dei tour troverete specificato a quali persone non \u00e8 consigliato svolgere determinati tour. Alcuni tour non possono essere svolti da persone con mobilit\u00e0 ridotta o con difficolt\u00e0 respiratorie, non posso parteciparvi bambini sotto i 3 anni di et\u00e0 o donne in gravidanza. Al fine di garantire la sicurezza di tutti vi chiediamo di prestare molta attenzione a tali indicazioni. Quanto durano i tour? I tour indicati come &#8220;giornata intera&#8221; prevedono una partenza al mattino presto e un rientro a met\u00e0 pomeriggio (l&#8217;orario pu\u00f2 variare a seconda della localit\u00e0 scelta). Le visite di mezza giornata si svolgono di solito al mattino. Cosa devo portare il giorno del tour? Su ogni scheda del tour troverete elencati gli elementi essenziali da portare con voi a seconda dell&#8217;esperienza scelta. Al momento della prenotazione, indicare i nomi dei partecipanti al tour, presentarsi al tour con i documenti (o una copia) e l&#8217;e-mail (digitale o stampata) con la prenotazione. Quali sono i metodi di pagamento accettati? I tour possono essere pagati con carta di credito, PayPal e bonifico bancario. I tour privati possono essere pagati solo tramite bonifico bancario. Cosa succede in caso di maltempo? Se Blue Caribe determina l&#8217;impossibilit\u00e0 di svolgere un&#8217;attivit\u00e0 (a causa del maltempo o per altri motivi), il tour sar\u00e0 rinviato e riprogrammato. Il nostro team si impegner\u00e0 al massimo per trovare la soluzione giusta per ogni cliente. In caso di impossibilit\u00e0 di riprogrammare il tour, il cliente ricever\u00e0 un rimborso. Se il cliente non pretende di partecipare al tour prenotato o sceglie di non effettuare determinate esperienze, quest&#8217;ultima non pu\u00f2 garantire il diritto al rimborso.<\/p>\n","protected":false},"author":2,"featured_media":0,"parent":0,"menu_order":0,"comment_status":"closed","ping_status":"closed","template":"elementor_header_footer","meta":{"_acf_changed":false,"inline_featured_image":false,"footnotes":""},"class_list":["post-6303","page","type-page","status-publish","hentry"],"acf":[],"_links":{"self":[{"href":"https:\/\/www.bluecaribetours.com\/it\/wp-json\/wp\/v2\/pages\/6303"}],"collection":[{"href":"https:\/\/www.bluecaribetours.com\/it\/wp-json\/wp\/v2\/pages"}],"about":[{"href":"https:\/\/www.bluecaribetours.com\/it\/wp-json\/wp\/v2\/types\/page"}],"author":[{"embeddable":true,"href":"https:\/\/www.bluecaribetours.com\/it\/wp-json\/wp\/v2\/users\/2"}],"replies":[{"embeddable":true,"href":"https:\/\/www.bluecaribetours.com\/it\/wp-json\/wp\/v2\/comments?post=6303"}],"version-history":[{"count":0,"href":"https:\/\/www.bluecaribetours.com\/it\/wp-json\/wp\/v2\/pages\/6303\/revisions"}],"wp:attachment":[{"href":"https:\/\/www.bluecaribetours.com\/it\/wp-json\/wp\/v2\/media?parent=6303"}],"curies":[{"name":"wp","href":"https:\/\/api.w.org\/{rel}","templated":true}]}}