{"id":9868,"date":"2023-09-22T11:53:51","date_gmt":"2023-09-22T09:53:51","guid":{"rendered":"https:\/\/www.bluecaribetours.com\/termini-e-condizioni\/"},"modified":"2023-10-06T17:13:16","modified_gmt":"2023-10-06T15:13:16","slug":"termini-e-condizioni","status":"publish","type":"page","link":"https:\/\/www.bluecaribetours.com\/it\/termini-e-condizioni\/","title":{"rendered":"Termini e condizioni"},"content":{"rendered":"\t\t<div data-elementor-type=\"wp-page\" data-elementor-id=\"9868\" class=\"elementor elementor-9868 elementor-9414\">\n\t\t\t\t\t\t<section class=\"elementor-section elementor-top-section elementor-element elementor-element-9546982 elementor-section-boxed elementor-section-height-default elementor-section-height-default\" data-id=\"9546982\" data-element_type=\"section\">\n\t\t\t\t\t\t<div class=\"elementor-container elementor-column-gap-default\">\n\t\t\t\t\t<div class=\"elementor-column elementor-col-100 elementor-top-column elementor-element elementor-element-4c3cafd\" data-id=\"4c3cafd\" data-element_type=\"column\" data-settings=\"{&quot;background_background&quot;:&quot;classic&quot;}\">\n\t\t\t<div class=\"elementor-widget-wrap elementor-element-populated\">\n\t\t\t\t<div class=\"elementor-element elementor-element-0c5385a e-flex e-con-boxed e-con e-parent\" data-id=\"0c5385a\" data-element_type=\"container\">\n\t\t\t\t\t<div class=\"e-con-inner\">\n\t\t\t\t<div class=\"elementor-element elementor-element-c4d7110 elementor-widget elementor-widget-heading\" data-id=\"c4d7110\" data-element_type=\"widget\" data-widget_type=\"heading.default\">\n\t\t\t\t<div class=\"elementor-widget-container\">\n\t\t\t\t\t<h2 class=\"elementor-heading-title elementor-size-default\">Termini e condizioni<\/h2>\t\t\t\t<\/div>\n\t\t\t\t<\/div>\n\t\t\t\t<div class=\"elementor-element elementor-element-6089635 elementor-widget elementor-widget-text-editor\" data-id=\"6089635\" data-element_type=\"widget\" data-widget_type=\"text-editor.default\">\n\t\t\t\t<div class=\"elementor-widget-container\">\n\t\t\t\t\t\t\t\t\t<p class=\"p1\">\u00c8 molto importante che leggiate attentamente i termini e le condizioni prima di effettuare una prenotazione presso di noi.<\/p>\n\t\t\t\t\t\t\t\t<\/div>\n\t\t\t\t<\/div>\n\t\t\t\t<div class=\"elementor-element elementor-element-0cc99f5 elementor-widget-divider--view-line elementor-widget elementor-widget-divider\" data-id=\"0cc99f5\" data-element_type=\"widget\" data-widget_type=\"divider.default\">\n\t\t\t\t<div class=\"elementor-widget-container\">\n\t\t\t\t\t\t\t<div class=\"elementor-divider\">\n\t\t\t<span class=\"elementor-divider-separator\">\n\t\t\t\t\t\t<\/span>\n\t\t<\/div>\n\t\t\t\t\t\t<\/div>\n\t\t\t\t<\/div>\n\t\t\t\t<div class=\"elementor-element elementor-element-75da37a elementor-widget elementor-widget-text-editor\" data-id=\"75da37a\" data-element_type=\"widget\" data-widget_type=\"text-editor.default\">\n\t\t\t\t<div class=\"elementor-widget-container\">\n\t\t\t\t\t\t\t\t\t<p><strong>1. PAGAMENTO<\/strong><\/p>\n<ul>\n<li>Il 100% dell&#8217;importo sar\u00e0 addebitato sulla carta di credito al momento della prenotazione dell\u2019escursione.<\/li>\n<li>Pagamenti effettuati con carte di credito Visa o MasterCard saranno addebitati in dollari USA; l&#8217;eventuale conversione in un&#8217;altra valuta sar\u00e0 effettuata al tasso di cambio corrente della vostra banca..<\/li>\n<li>L&#8217;estratto conto riporter\u00e0 l&#8217;addebito a nome di Blue Caribe.<\/li>\n<\/ul>\n<p><strong>2. RESTRICTIONS<\/strong><\/p>\n<ul>\n<li>I bambini devono avere almeno 4 anni e i minorenni devono essere accompagnati da un adulto.<\/li>\n<li>Le donne incinte non possono partecipare ad escursioni che prevedono attivit\u00e0 in barca o in temazcal.<\/li>\n<li>Non \u00e8 consentita la partecipazione a persone sotto l&#8217;effetto di alcolici o di qualsiasi sostanza stupefacente.<\/li>\n<\/ul>\n<p><strong>3. CAMBIAMENTI E MODIFICHE<\/strong><br \/>\nTutte le modifiche devono essere effettuate almeno 48 ore prima dell\u2019escursione. Per modificare la prenotazione, si prega di inviare il numero di conferma e le nuove informazioni a<br \/>\n<a href=\"mailto:booking@bluecaribetours.com\">booking@bluecaribetours.com<\/a> in modo che il nostro personale addetto alle prenotazioni vi possa contattare. In alternativa, potete contattarci ai seguenti numeri:<\/p>\n<ul>\n<li>Messico: <a href=\"tel:+9842420098\">(984) 242 0098<\/a><\/li>\n<li>Resto del mondo: <a href=\"tel:+529842420098\">+52 (984) 242 0098<\/a><\/li>\n<\/ul>\n<p><strong>4. CANCELLAZIONI<\/strong><\/p>\n<ul>\n<li>In caso di cancellazione e al fine di recuperare il vostro denaro, \u00e8 necessario un preavviso di almeno 72 ore; addebiteremo il 6% del valore dell\u2019escursione (calcolato sull&#8217;importo totale pagato).<\/li>\n<li>Non sono previsti rimborsi per no-show o cancellazioni effettuate il giorno del tour.<\/li>\n<li>In caso di mancata presentazione il giorno del tour, il rimborso del 50% dell&#8217;importo totale versato potr\u00e0 essere effettuato SOLO dietro presentazione di un certificato medico di un ospedale locale che giustifichi la mancata presentazione.<\/li>\n<li>Rimborso del 100% in caso di cancellazione dovuta alle condizioni meteorologiche della regione.<\/li>\n<li>I cambi di data o le modifiche all&#8217;itinerario devono essere richiesti almeno 72 ore prima della data del tour.<\/li>\n<li>Tutte le cancellazioni, i cambi di data e le modifiche all&#8217;itinerario devono essere richieste per telefono (<a href=\"tel:+529842420098\">984 242 00 98<\/a>) o via e-mail a <a href=\"mailto:booking@bluecaribetours.com\">booking@bluecaribetours.com<\/a>.<\/li>\n<li>Eventuali rimborsi, autorizzati sulla vostra carta di credito o di debito, saranno processati per intero entro 15-20 giorni dalla data della richiesta.<\/li>\n<\/ul>\n<p>Blue Caribe si riserva il diritto di modificare o cancellare ogni tour per cause al di fuori del nostro controllo, tenendo sempre presente che la sicurezza dei nostri passeggeri \u00e8 la nostra massima priorit\u00e0. I prezzi sono soggetti a modifiche senza preavviso.<\/p>\n<p><strong>5. NO SHOW<\/strong><br \/>\nLa mancata presentazione non \u00e8 rimborsabile.<\/p>\n<p><strong>6. REQUISITI<\/strong><br \/>\nBlue Caribe offre escursioni sicure e interattive, che richiedono la partecipazione fisica del visitatore, che deve essere in buona salute e in grado di comprendere e seguire le istruzioni delle nostre guide. Se avete subito di recente un intervento chirurgico o se avete un disturbo che potrebbe limitare le vostre capacit\u00e0 fisiche, siete pregati di comunicarlo al nostro personale addetto alle prenotazioni prima di effettuare la prenotazione.<\/p>\n<p><strong>7. ASSISTENZA SPECIALE<\/strong><br \/>\nBlue Caribe si impegna al massimo per accogliere i visitatori con esigenze particolari. Tuttavia, \u00e8 necessario contattare il nostro personale addetto alle prenotazioni prima di effettuare la prenotazione per specificare l&#8217;assistenza richiesta e assicurarsi che saremo in grado di fornirla.<\/p>\n\t\t\t\t\t\t\t\t<\/div>\n\t\t\t\t<\/div>\n\t\t\t\t\t<\/div>\n\t\t\t\t<\/div>\n\t\t\t\t\t<\/div>\n\t\t<\/div>\n\t\t\t\t\t<\/div>\n\t\t<\/section>\n\t\t\t\t<\/div>\n\t\t","protected":false},"excerpt":{"rendered":"<p>Termini e condizioni \u00c8 molto importante che leggiate attentamente i termini e le condizioni prima di effettuare una prenotazione presso di noi. 1. PAGAMENTO Il 100% dell&#8217;importo sar\u00e0 addebitato sulla carta di credito al momento della prenotazione dell\u2019escursione. Pagamenti effettuati con carte di credito Visa o MasterCard saranno addebitati in dollari USA; l&#8217;eventuale conversione in un&#8217;altra valuta sar\u00e0 effettuata al tasso di cambio corrente della vostra banca.. L&#8217;estratto conto riporter\u00e0 l&#8217;addebito a nome di Blue Caribe. 2. RESTRICTIONS I bambini devono avere almeno 4 anni e i minorenni devono essere accompagnati da un adulto. Le donne incinte non possono partecipare ad escursioni che prevedono attivit\u00e0 in barca o in temazcal. Non \u00e8 consentita la partecipazione a persone sotto l&#8217;effetto di alcolici o di qualsiasi sostanza stupefacente. 3. CAMBIAMENTI E MODIFICHE Tutte le modifiche devono essere effettuate almeno 48 ore prima dell\u2019escursione. Per modificare la prenotazione, si prega di inviare il numero di conferma e le nuove informazioni a booking@bluecaribetours.com in modo che il nostro personale addetto alle prenotazioni vi possa contattare. In alternativa, potete contattarci ai seguenti numeri: Messico: (984) 242 0098 Resto del mondo: +52 (984) 242 0098 4. CANCELLAZIONI In caso di cancellazione e al fine di recuperare il vostro denaro, \u00e8 necessario un preavviso di almeno 72 ore; addebiteremo il 6% del valore dell\u2019escursione (calcolato sull&#8217;importo totale pagato). Non sono previsti rimborsi per no-show o cancellazioni effettuate il giorno del tour. In caso di mancata presentazione il giorno del tour, il rimborso del 50% dell&#8217;importo totale versato potr\u00e0 essere effettuato SOLO dietro presentazione di un certificato medico di un ospedale locale che giustifichi la mancata presentazione. Rimborso del 100% in caso di cancellazione dovuta alle condizioni meteorologiche della regione. I cambi di data o le modifiche all&#8217;itinerario devono essere richiesti almeno 72 ore prima della data del tour. Tutte le cancellazioni, i cambi di data e le modifiche all&#8217;itinerario devono essere richieste per telefono (984 242 00 98) o via e-mail a booking@bluecaribetours.com. Eventuali rimborsi, autorizzati sulla vostra carta di credito o di debito, saranno processati per intero entro 15-20 giorni dalla data della richiesta. Blue Caribe si riserva il diritto di modificare o cancellare ogni tour per cause al di fuori del nostro controllo, tenendo sempre presente che la sicurezza dei nostri passeggeri \u00e8 la nostra massima priorit\u00e0. I prezzi sono soggetti a modifiche senza preavviso. 5. NO SHOW La mancata presentazione non \u00e8 rimborsabile. 6. REQUISITI Blue Caribe offre escursioni sicure e interattive, che richiedono la partecipazione fisica del visitatore, che deve essere in buona salute e in grado di comprendere e seguire le istruzioni delle nostre guide. Se avete subito di recente un intervento chirurgico o se avete un disturbo che potrebbe limitare le vostre capacit\u00e0 fisiche, siete pregati di comunicarlo al nostro personale addetto alle prenotazioni prima di effettuare la prenotazione. 7. ASSISTENZA SPECIALE Blue Caribe si impegna al massimo per accogliere i visitatori con esigenze particolari. Tuttavia, \u00e8 necessario contattare il nostro personale addetto alle prenotazioni prima di effettuare la prenotazione per specificare l&#8217;assistenza richiesta e assicurarsi che saremo in grado di fornirla.<\/p>\n","protected":false},"author":2,"featured_media":0,"parent":0,"menu_order":0,"comment_status":"closed","ping_status":"closed","template":"","meta":{"_acf_changed":false,"inline_featured_image":false,"footnotes":""},"class_list":["post-9868","page","type-page","status-publish","hentry"],"acf":[],"_links":{"self":[{"href":"https:\/\/www.bluecaribetours.com\/it\/wp-json\/wp\/v2\/pages\/9868"}],"collection":[{"href":"https:\/\/www.bluecaribetours.com\/it\/wp-json\/wp\/v2\/pages"}],"about":[{"href":"https:\/\/www.bluecaribetours.com\/it\/wp-json\/wp\/v2\/types\/page"}],"author":[{"embeddable":true,"href":"https:\/\/www.bluecaribetours.com\/it\/wp-json\/wp\/v2\/users\/2"}],"replies":[{"embeddable":true,"href":"https:\/\/www.bluecaribetours.com\/it\/wp-json\/wp\/v2\/comments?post=9868"}],"version-history":[{"count":0,"href":"https:\/\/www.bluecaribetours.com\/it\/wp-json\/wp\/v2\/pages\/9868\/revisions"}],"wp:attachment":[{"href":"https:\/\/www.bluecaribetours.com\/it\/wp-json\/wp\/v2\/media?parent=9868"}],"curies":[{"name":"wp","href":"https:\/\/api.w.org\/{rel}","templated":true}]}}