{"id":6646,"date":"2023-05-03T12:33:47","date_gmt":"2023-05-03T10:33:47","guid":{"rendered":"https:\/\/bluecaribe.inol3.com\/tour\/merida-izamal-private\/"},"modified":"2023-09-13T11:30:35","modified_gmt":"2023-09-13T09:30:35","slug":"merida-izamal-private","status":"publish","type":"product","link":"https:\/\/www.bluecaribetours.com\/it\/tour\/merida-izamal-private\/","title":{"rendered":"MERIDA &amp; IZAMAL"},"content":{"rendered":"\t\t<div data-elementor-type=\"wp-post\" data-elementor-id=\"6646\" class=\"elementor elementor-6646 elementor-4773\">\n\t\t\t\t\t\t<section class=\"elementor-section elementor-top-section elementor-element elementor-element-2c69d09 elementor-section-boxed elementor-section-height-default elementor-section-height-default\" data-id=\"2c69d09\" data-element_type=\"section\">\n\t\t\t\t\t\t<div class=\"elementor-container elementor-column-gap-default\">\n\t\t\t\t\t<div class=\"elementor-column elementor-col-100 elementor-top-column elementor-element elementor-element-6e0617a\" data-id=\"6e0617a\" data-element_type=\"column\">\n\t\t\t<div class=\"elementor-widget-wrap elementor-element-populated\">\n\t\t\t\t\t\t<div class=\"elementor-element elementor-element-ac3a611 elementor-widget elementor-widget-ovabrw_product_images\" data-id=\"ac3a611\" data-element_type=\"widget\" data-widget_type=\"ovabrw_product_images.default\">\n\t\t\t\t<div class=\"elementor-widget-container\">\n\t\t\t\t\t\t\t\t\t<div class=\"elementor-product-image ovabrw-modern-product\">\n\t\t\t\t\t\t<div class=\"ovabrw-product-images\">\n\t\t<div class=\"featured-img\">\n\t\t\t<a class=\"gallery-fancybox\" data-index='0' href=\"javascript:;\">\n\t\t\t\t<img decoding=\"async\" data-src=\"https:\/\/www.bluecaribetours.com\/wp-content\/uploads\/2023\/05\/merida.jpg\" alt=\"merida\" src=\"data:image\/svg+xml;base64,PHN2ZyB3aWR0aD0iMSIgaGVpZ2h0PSIxIiB4bWxucz0iaHR0cDovL3d3dy53My5vcmcvMjAwMC9zdmciPjwvc3ZnPg==\" class=\"lazyload\" style=\"--smush-placeholder-width: 2560px; --smush-placeholder-aspect-ratio: 2560\/1707;\">\n\t\t\t<\/a>\n\t\t<\/div>\n\t\t\t\t<div class=\"data-gallery\" data-gallery=\"[{&quot;src&quot;:&quot;https:\\\/\\\/www.bluecaribetours.com\\\/wp-content\\\/uploads\\\/2023\\\/05\\\/merida.jpg&quot;,&quot;caption&quot;:&quot;merida&quot;,&quot;thumb&quot;:&quot;https:\\\/\\\/www.bluecaribetours.com\\\/wp-content\\\/uploads\\\/2023\\\/05\\\/merida.jpg&quot;}]\"><\/div>\n\t<\/div>\n\t\t\t\t\t\n\t\t\t\t<\/div>\n\t\t\t\t\t\t\t<\/div>\n\t\t\t\t<\/div>\n\t\t\t\t\t<\/div>\n\t\t<\/div>\n\t\t\t\t\t<\/div>\n\t\t<\/section>\n\t\t\t\t<section class=\"elementor-section elementor-top-section elementor-element elementor-element-46975da elementor-section-boxed elementor-section-height-default elementor-section-height-default\" data-id=\"46975da\" data-element_type=\"section\">\n\t\t\t\t\t\t<div class=\"elementor-container elementor-column-gap-default\">\n\t\t\t\t\t<div class=\"elementor-column elementor-col-50 elementor-top-column elementor-element elementor-element-4853206\" data-id=\"4853206\" data-element_type=\"column\">\n\t\t\t<div class=\"elementor-widget-wrap elementor-element-populated\">\n\t\t\t\t\t\t<div class=\"elementor-element elementor-element-44b05e2 elementor-widget elementor-widget-ovabrw_product_features\" data-id=\"44b05e2\" data-element_type=\"widget\" data-widget_type=\"ovabrw_product_features.default\">\n\t\t\t\t<div class=\"elementor-widget-container\">\n\t\t\t\t\t\t\t\t\t<div class=\"ovabrw-modern-product\">\n\t\t\t\t\t\n\t\t\t\t<\/div>\n\t\t\t\t\t\t\t<\/div>\n\t\t\t\t<\/div>\n\t\t\t\t\t<\/div>\n\t\t<\/div>\n\t\t\t\t<div class=\"elementor-column elementor-col-50 elementor-top-column elementor-element elementor-element-449a13b\" data-id=\"449a13b\" data-element_type=\"column\">\n\t\t\t<div class=\"elementor-widget-wrap elementor-element-populated\">\n\t\t\t\t\t\t<div class=\"elementor-element elementor-element-bf6b491 elementor-widget elementor-widget-heading\" data-id=\"bf6b491\" data-element_type=\"widget\" data-widget_type=\"heading.default\">\n\t\t\t\t<div class=\"elementor-widget-container\">\n\t\t\t\t\t<h2 class=\"elementor-heading-title elementor-size-default\">test<\/h2>\t\t\t\t<\/div>\n\t\t\t\t<\/div>\n\t\t\t\t<div class=\"elementor-element elementor-element-8c9b687 elementor-widget elementor-widget-shortcode\" data-id=\"8c9b687\" data-element_type=\"widget\" data-widget_type=\"shortcode.default\">\n\t\t\t\t<div class=\"elementor-widget-container\">\n\t\t\t\t\t\t\t<div class=\"elementor-shortcode\"><div class=\" ovabrw-modern-product\">\n\t\n<div class=\"ovabrw-product-calendar\">\n\t<h2 class=\"title\">Calendar<\/h2>\n\t<div class=\"wrap_calendar\">\n\t\t<div  \n\t\t\tclass=\"ovabrw__product_calendar ova-hide-time-calendar\" \n\t\t\tdata-number_limit=\"9997\" \n\t\t\tdata-lang=\"it\" \n\t\t\tdata-nav=\"\" \n\t\t\tdata-default_view=\"dayGridMonth\" \n\t\t\tdata-first-day=\"0\" \n\t\t\tdata-special-time='[]' \n\t\t\tdata-background-day='#c4c4c4' \n\t\t\tdata-disable_week_day='' \n\t\t\tdefault_hour_start=\"7:00 AM\"  \n\t\t\ttime_to_book_start=\"07:00, 07:30, 08:00, 08:30, 09:00, 09:30, 10:00, 10:30, 11:00, 11:30, 12:00, 12:30, 13:00, 13:30, 14:00, 14:30, 15:00, 15:30, 16:00, 16:30, 17:00, 17:30, 18:00\" \n\t\t\tprice_calendar='[]' \n\t\t\ttype_price='period_time' \n\t\t\torder_time=''\n\t\t\tdata_event_number=\"2\">\n\t\t<\/div>\n\t<\/div>\n\t<ul class=\"intruction_calendar\">\n\t\t<li>\n\t\t\t<span class=\"ovabrw-box ovabrw-available\"><\/span>\n\t\t\t<span>Available<\/span>\t\t\n\t\t<\/li>\n\t\t<li>\n\t\t\t<span class=\"ovabrw-box ovabrw-unavailable\"><\/span>\n\t\t\t<span>Unavailable<\/span>\n\t\t<\/li>\n\t<\/ul>\n<\/div><\/div>  <\/div>\n\t\t\t\t\t\t<\/div>\n\t\t\t\t<\/div>\n\t\t\t\t\t<\/div>\n\t\t<\/div>\n\t\t\t\t\t<\/div>\n\t\t<\/section>\n\t\t\t\t<section class=\"elementor-section elementor-top-section elementor-element elementor-element-564df59a elementor-section-boxed elementor-section-height-default elementor-section-height-default\" data-id=\"564df59a\" data-element_type=\"section\">\n\t\t\t\t\t\t<div class=\"elementor-container elementor-column-gap-default\">\n\t\t\t\t\t<div class=\"elementor-column elementor-col-100 elementor-top-column elementor-element elementor-element-6c794b4b\" data-id=\"6c794b4b\" data-element_type=\"column\">\n\t\t\t<div class=\"elementor-widget-wrap elementor-element-populated\">\n\t\t\t\t\t\t\t<\/div>\n\t\t<\/div>\n\t\t\t\t\t<\/div>\n\t\t<\/section>\n\t\t\t\t<section class=\"elementor-section elementor-top-section elementor-element elementor-element-2fc597c elementor-section-boxed elementor-section-height-default elementor-section-height-default\" data-id=\"2fc597c\" data-element_type=\"section\">\n\t\t\t\t\t\t<div class=\"elementor-container elementor-column-gap-default\">\n\t\t\t\t\t<div class=\"elementor-column elementor-col-100 elementor-top-column elementor-element elementor-element-71d3f7c\" data-id=\"71d3f7c\" data-element_type=\"column\">\n\t\t\t<div class=\"elementor-widget-wrap elementor-element-populated\">\n\t\t\t\t\t\t<div class=\"elementor-element elementor-element-fdf20ef elementor-widget elementor-widget-ovabrw_product_rating\" data-id=\"fdf20ef\" data-element_type=\"widget\" data-widget_type=\"ovabrw_product_rating.default\">\n\t\t\t\t<div class=\"elementor-widget-container\">\n\t\t\t\t\t\t\t\t\t<div class=\"ovabrw-modern-product\">\n\t\t\t\t\t<div class=\"pdfTour\">\n\t\n\t<button title=\"Add to Wishlist\" class=\"shopengine_add_to_list_action shopengine-wishlist badge inactive\" data-pid=\"6646\">\n\t\t\t\t<i class=\"shopengine-icon-add_to_favourite_1\"><\/i>\n\t\t\t<\/button>\n\n\t\t<\/div>\n\t\t\t\t<\/div>\n\t\t\t\t\t\t\t<\/div>\n\t\t\t\t<\/div>\n\t\t\t\t<div class=\"elementor-element elementor-element-028b9b3 elementor-widget elementor-widget-ovabrw_unavailable_time\" data-id=\"028b9b3\" data-element_type=\"widget\" data-widget_type=\"ovabrw_unavailable_time.default\">\n\t\t\t\t<div class=\"elementor-widget-container\">\n\t\t\t\t\t\t\t\t\t<div class=\"ovabrw-modern-product\">\n\t\t\t\t\t\t\t\t\t<\/div>\n\t\t\t\t\t\t\t<\/div>\n\t\t\t\t<\/div>\n\t\t\t\t<div class=\"elementor-element elementor-element-9387ccf elementor-widget elementor-widget-ovabrw_product_table_price\" data-id=\"9387ccf\" data-element_type=\"widget\" data-widget_type=\"ovabrw_product_table_price.default\">\n\t\t\t\t<div class=\"elementor-widget-container\">\n\t\t\t\t\t\t\t\t\t<div class=\"ovabrw-modern-product\">\n\t\t\t\t\t\t\t\t\t<\/div>\n\t\t\t\t\t\t\t<\/div>\n\t\t\t\t<\/div>\n\t\t\t\t<div class=\"elementor-element elementor-element-6a8a2f8 elementor-widget elementor-widget-ovabrw_product_price\" data-id=\"6a8a2f8\" data-element_type=\"widget\" data-widget_type=\"ovabrw_product_price.default\">\n\t\t\t\t<div class=\"elementor-widget-container\">\n\t\t\t\t\t\t\t\t\t<div class=\"ovabrw-modern-product\">\n\t\t\t\t\t<div class=\"ovabrw-product-price boxPrezzi\">\n\t<!-- modifica per prezzi scheda prodotto pubblici INOL3-->\n\t        <span class=\"unit textPrezzo\">Adulto<\/span>\n\t\t<span class=\"amount prezzo\"><span class=\"woocommerce-Price-amount amount\"><bdi><span class=\"custom-prc\">129.00<\/span><span class=\"woocommerce-Price-currencySymbol\">&#36;<\/span><\/bdi><\/span><\/span>\n\t<\/div>\t\t\t\t<\/div>\n\t\t\t\t\t\t\t<\/div>\n\t\t\t\t<\/div>\n\t\t\t\t<div class=\"elementor-element elementor-element-85f818e elementor-widget elementor-widget-ovabrw_product_booking_form\" data-id=\"85f818e\" data-element_type=\"widget\" data-widget_type=\"ovabrw_product_booking_form.default\">\n\t\t\t\t<div class=\"elementor-widget-container\">\n\t\t\t\t\t\t\t\t\t<div class=\"ovabrw-modern-product\">\n\t\t\t\t\t\t<div class=\"ovabrw-product-form-tabs\">\n\t\t<div class=\"ovabrw-tab-content\">\n\t\t\t\t\t\t<div class=\"item-content active ovabrw_booking_form\" id=\"modern-booking\">\n\t\t\t\t\t\n<style type=\"text\/css\">#booking-box .elementor-widget-text-editor { display: none !important; }<\/style><a class=\"btn_tran contact\" href=\"https:\/\/www.bluecaribetours.com\/contact\/\">Contattaci<\/a><!-- PASSA DI QUI inol3-->\n\t\t\t\t<\/div>\n\t\t\t\t\t<\/div>\n\t<\/div>\n\t\t\t\t<\/div>\n\t\t\t\t\t\t\t<\/div>\n\t\t\t\t<\/div>\n\t\t\t\t\t<\/div>\n\t\t<\/div>\n\t\t\t\t\t<\/div>\n\t\t<\/section>\n\t\t\t\t<\/div>\n\t\t","protected":false},"excerpt":{"rendered":"<h6>IL TOUR<\/h6>\n<p class=\"p1\">Merida, meglio conosciuta come la &#8220;citt\u00e0 bianca&#8221;, si distingue per la tranquillit\u00e0 e la cordialit\u00e0 dei suoi abitanti. \u00c8 una citt\u00e0 che permette di ammirare la sua architettura ricca di dettagli e le finiture di pregio delle sue facciate di influenza neoclassica. La Cattedrale del centro storico, il Paseo Montejo e altri edifici in stile europeo come il Palacio Cant\u00f3n, le ex-haciendas Henequ\u00e9n, sono alcuni dei siti che vedremo durante il nostro tour nel centro storico della citt\u00e0.<\/p>\n<p>In questo tour visiteremo anche la bellissima citt\u00e0 di Izamal, una delle pi\u00f9 antiche e importanti citt\u00e0 del mondo Maya, caratterizzata dal colore delle sue strade e dalle sue strutture in stile coloniale che risalgono al XVI secolo circa. Attualmente, Izamal conserva molte strade, quartieri e mercati tradizionali, oltre a case coloniali.<\/p>\n<p>Personalizzate il vostro tour in base alle vostre esigenze. Noi di Blue Caribe siamo esperti nel creare soluzioni su misura, quindi non esitate a informarvi su tutte le opzioni per sviluppare il vostro prodotto con la migliore qualit\u00e0 e attenzione.<\/p>\n<p>&nbsp;<\/p>\n<h6>INFORMAZIONI SUI BIGLIETTI<\/h6>\n<p class=\"p1\">Neonati 0-3 anni: Biglietto gratuito*<br \/>\nBambini 4-11 anni: Biglietto ridotto*<br \/>\nAdulti a partire da 12 anni: Biglietto intero<\/p>\n<p class=\"p1\">*Verifica insieme ad un esperto Blue Caribe se il tour prescelto \u00e8 adatto a neonati e bambini.<\/p>\n","protected":false},"featured_media":4853,"comment_status":"open","ping_status":"closed","template":"","meta":{"_acf_changed":false,"inline_featured_image":false},"product_cat":[119],"product_tag":[158],"operation-days":[239,236,233,234,235,238,237],"class_list":{"0":"post-6646","1":"product","2":"type-product","3":"status-publish","4":"has-post-thumbnail","6":"product_cat-tour-privati-it","7":"product_tag-culturale","8":"operation-days-domenica","9":"operation-days-giovedi","10":"operation-days-lunedi","11":"operation-days-martedi","12":"operation-days-mercoledi","13":"operation-days-sabato","14":"operation-days-venerdi","16":"first","17":"instock","18":"shipping-taxable","19":"purchasable","20":"product-type-ovabrw_car_rental"},"acf":[],"_links":{"self":[{"href":"https:\/\/www.bluecaribetours.com\/it\/wp-json\/wp\/v2\/product\/6646"}],"collection":[{"href":"https:\/\/www.bluecaribetours.com\/it\/wp-json\/wp\/v2\/product"}],"about":[{"href":"https:\/\/www.bluecaribetours.com\/it\/wp-json\/wp\/v2\/types\/product"}],"replies":[{"embeddable":true,"href":"https:\/\/www.bluecaribetours.com\/it\/wp-json\/wp\/v2\/comments?post=6646"}],"version-history":[{"count":0,"href":"https:\/\/www.bluecaribetours.com\/it\/wp-json\/wp\/v2\/product\/6646\/revisions"}],"wp:featuredmedia":[{"embeddable":true,"href":"https:\/\/www.bluecaribetours.com\/it\/wp-json\/wp\/v2\/media\/4853"}],"wp:attachment":[{"href":"https:\/\/www.bluecaribetours.com\/it\/wp-json\/wp\/v2\/media?parent=6646"}],"wp:term":[{"taxonomy":"product_cat","embeddable":true,"href":"https:\/\/www.bluecaribetours.com\/it\/wp-json\/wp\/v2\/product_cat?post=6646"},{"taxonomy":"product_tag","embeddable":true,"href":"https:\/\/www.bluecaribetours.com\/it\/wp-json\/wp\/v2\/product_tag?post=6646"},{"taxonomy":"operation-days","embeddable":true,"href":"https:\/\/www.bluecaribetours.com\/it\/wp-json\/wp\/v2\/operation-days?post=6646"}],"curies":[{"name":"wp","href":"https:\/\/api.w.org\/{rel}","templated":true}]}}