{"id":6648,"date":"2023-05-03T12:59:33","date_gmt":"2023-05-03T10:59:33","guid":{"rendered":"https:\/\/bluecaribe.inol3.com\/tour\/mayan-wedding-private\/"},"modified":"2025-05-22T17:19:21","modified_gmt":"2025-05-22T15:19:21","slug":"mayan-wedding-private","status":"publish","type":"product","link":"https:\/\/www.bluecaribetours.com\/it\/tour\/mayan-wedding-private\/","title":{"rendered":"MATRIMONIO MAYA"},"content":{"rendered":"\t\t<div data-elementor-type=\"wp-post\" data-elementor-id=\"6648\" class=\"elementor elementor-6648 elementor-4793\">\n\t\t\t\t\t\t<section class=\"elementor-section elementor-top-section elementor-element elementor-element-2c69d09 elementor-section-boxed elementor-section-height-default elementor-section-height-default\" data-id=\"2c69d09\" data-element_type=\"section\">\n\t\t\t\t\t\t<div class=\"elementor-container elementor-column-gap-default\">\n\t\t\t\t\t<div class=\"elementor-column elementor-col-100 elementor-top-column elementor-element elementor-element-6e0617a\" data-id=\"6e0617a\" data-element_type=\"column\">\n\t\t\t<div class=\"elementor-widget-wrap elementor-element-populated\">\n\t\t\t\t\t\t<div class=\"elementor-element elementor-element-ac3a611 elementor-widget elementor-widget-ovabrw_product_images\" data-id=\"ac3a611\" data-element_type=\"widget\" data-widget_type=\"ovabrw_product_images.default\">\n\t\t\t\t<div class=\"elementor-widget-container\">\n\t\t\t\t\t\t\t\t\t<div class=\"elementor-product-image ovabrw-modern-product\">\n\t\t\t\t\t\t<div class=\"ovabrw-product-images\">\n\t\t<div class=\"featured-img\">\n\t\t\t<a class=\"gallery-fancybox\" data-index='0' href=\"javascript:;\">\n\t\t\t\t<img decoding=\"async\" data-src=\"https:\/\/www.bluecaribetours.com\/wp-content\/uploads\/2023\/05\/Mayan-Wedding-1.jpg\" alt=\"Mayan-Wedding-1\" src=\"data:image\/svg+xml;base64,PHN2ZyB3aWR0aD0iMSIgaGVpZ2h0PSIxIiB4bWxucz0iaHR0cDovL3d3dy53My5vcmcvMjAwMC9zdmciPjwvc3ZnPg==\" class=\"lazyload\" style=\"--smush-placeholder-width: 2560px; --smush-placeholder-aspect-ratio: 2560\/1707;\">\n\t\t\t<\/a>\n\t\t<\/div>\n\t\t\t\t<div class=\"gallery\">\n\t\t\t<div class=\"product-gallery owl-carousel owl-theme\" \n\t\t\t\tdata-options=\"{&quot;items&quot;:3,&quot;items_tablet&quot;:2,&quot;items_mobile&quot;:2,&quot;slideBy&quot;:1,&quot;margin&quot;:25,&quot;autoWidth&quot;:false,&quot;autoplayHoverPause&quot;:true,&quot;loop&quot;:true,&quot;autoplay&quot;:true,&quot;autoplayTimeout&quot;:3000,&quot;smartSpeed&quot;:500,&quot;nav&quot;:false,&quot;rtl&quot;:false}\">\n\t\t\t\t\t\t\t\t\t<div class=\"gallery-item\">\n\t\t\t\t\t\t<a class=\"gallery-fancybox\" data-index=\"1\" href=\"javascript:;\">\n\t\t  \t\t\t\t\t<img decoding=\"async\" data-src=\"https:\/\/www.bluecaribetours.com\/wp-content\/uploads\/2023\/05\/Mayan-Wedding-2.jpg\" alt=\"Mayan-Wedding-2\" src=\"data:image\/svg+xml;base64,PHN2ZyB3aWR0aD0iMSIgaGVpZ2h0PSIxIiB4bWxucz0iaHR0cDovL3d3dy53My5vcmcvMjAwMC9zdmciPjwvc3ZnPg==\" class=\"lazyload\" style=\"--smush-placeholder-width: 2560px; --smush-placeholder-aspect-ratio: 2560\/1707;\">\n\t\t  \t\t\t\t<\/a>\n\t\t\t\t\t<\/div>\n\t\t\t\t\t\t\t\t\t<div class=\"gallery-item\">\n\t\t\t\t\t\t<a class=\"gallery-fancybox\" data-index=\"2\" href=\"javascript:;\">\n\t\t  \t\t\t\t\t<img decoding=\"async\" data-src=\"https:\/\/www.bluecaribetours.com\/wp-content\/uploads\/2023\/05\/Mayan-Wedding-3.jpg\" alt=\"Mayan-Wedding-3\" src=\"data:image\/svg+xml;base64,PHN2ZyB3aWR0aD0iMSIgaGVpZ2h0PSIxIiB4bWxucz0iaHR0cDovL3d3dy53My5vcmcvMjAwMC9zdmciPjwvc3ZnPg==\" class=\"lazyload\" style=\"--smush-placeholder-width: 2560px; --smush-placeholder-aspect-ratio: 2560\/1707;\">\n\t\t  \t\t\t\t<\/a>\n\t\t\t\t\t<\/div>\n\t\t\t\t\t\t\t\t\t<div class=\"gallery-item\">\n\t\t\t\t\t\t<a class=\"gallery-fancybox\" data-index=\"3\" href=\"javascript:;\">\n\t\t  \t\t\t\t\t<img decoding=\"async\" data-src=\"https:\/\/www.bluecaribetours.com\/wp-content\/uploads\/2023\/05\/Mayan-Wedding-5.jpg\" alt=\"Mayan-Wedding-5\" src=\"data:image\/svg+xml;base64,PHN2ZyB3aWR0aD0iMSIgaGVpZ2h0PSIxIiB4bWxucz0iaHR0cDovL3d3dy53My5vcmcvMjAwMC9zdmciPjwvc3ZnPg==\" class=\"lazyload\" style=\"--smush-placeholder-width: 2560px; --smush-placeholder-aspect-ratio: 2560\/1707;\">\n\t\t  \t\t\t\t<\/a>\n\t\t\t\t\t<\/div>\n\t\t\t\t\t\t\t\t\t<div class=\"gallery-item\">\n\t\t\t\t\t\t<a class=\"gallery-fancybox\" data-index=\"4\" href=\"javascript:;\">\n\t\t  \t\t\t\t\t<img decoding=\"async\" data-src=\"https:\/\/www.bluecaribetours.com\/wp-content\/uploads\/2023\/05\/Mayan-Wedding-4.jpg\" alt=\"Mayan-Wedding-4\" src=\"data:image\/svg+xml;base64,PHN2ZyB3aWR0aD0iMSIgaGVpZ2h0PSIxIiB4bWxucz0iaHR0cDovL3d3dy53My5vcmcvMjAwMC9zdmciPjwvc3ZnPg==\" class=\"lazyload\" style=\"--smush-placeholder-width: 2560px; --smush-placeholder-aspect-ratio: 2560\/1707;\">\n\t\t  \t\t\t\t<\/a>\n\t\t\t\t\t<\/div>\n\t\t\t\t\t\t\t\t\t<div class=\"gallery-item\">\n\t\t\t\t\t\t<a class=\"gallery-fancybox\" data-index=\"5\" href=\"javascript:;\">\n\t\t  \t\t\t\t\t<img decoding=\"async\" data-src=\"https:\/\/www.bluecaribetours.com\/wp-content\/uploads\/2023\/05\/Mayan-Wedding-6.jpg\" alt=\"Mayan-Wedding-6\" src=\"data:image\/svg+xml;base64,PHN2ZyB3aWR0aD0iMSIgaGVpZ2h0PSIxIiB4bWxucz0iaHR0cDovL3d3dy53My5vcmcvMjAwMC9zdmciPjwvc3ZnPg==\" class=\"lazyload\" style=\"--smush-placeholder-width: 2560px; --smush-placeholder-aspect-ratio: 2560\/1707;\">\n\t\t  \t\t\t\t<\/a>\n\t\t\t\t\t<\/div>\n\t\t\t\t\t\t\t\t\t<div class=\"gallery-item\">\n\t\t\t\t\t\t<a class=\"gallery-fancybox\" data-index=\"6\" href=\"javascript:;\">\n\t\t  \t\t\t\t\t<img decoding=\"async\" data-src=\"https:\/\/www.bluecaribetours.com\/wp-content\/uploads\/2023\/05\/Mayan-Wedding-7.jpg\" alt=\"Mayan-Wedding-7\" src=\"data:image\/svg+xml;base64,PHN2ZyB3aWR0aD0iMSIgaGVpZ2h0PSIxIiB4bWxucz0iaHR0cDovL3d3dy53My5vcmcvMjAwMC9zdmciPjwvc3ZnPg==\" class=\"lazyload\" style=\"--smush-placeholder-width: 2560px; --smush-placeholder-aspect-ratio: 2560\/1707;\">\n\t\t  \t\t\t\t<\/a>\n\t\t\t\t\t<\/div>\n\t\t\t\t\t\t\t\t\t<div class=\"gallery-item\">\n\t\t\t\t\t\t<a class=\"gallery-fancybox\" data-index=\"7\" href=\"javascript:;\">\n\t\t  \t\t\t\t\t<img decoding=\"async\" data-src=\"https:\/\/www.bluecaribetours.com\/wp-content\/uploads\/2023\/05\/Mayan-Wedding-8.jpg\" alt=\"Mayan-Wedding-8\" src=\"data:image\/svg+xml;base64,PHN2ZyB3aWR0aD0iMSIgaGVpZ2h0PSIxIiB4bWxucz0iaHR0cDovL3d3dy53My5vcmcvMjAwMC9zdmciPjwvc3ZnPg==\" class=\"lazyload\" style=\"--smush-placeholder-width: 2560px; --smush-placeholder-aspect-ratio: 2560\/1707;\">\n\t\t  \t\t\t\t<\/a>\n\t\t\t\t\t<\/div>\n\t\t\t\t\t\t\t\t\t<div class=\"gallery-item\">\n\t\t\t\t\t\t<a class=\"gallery-fancybox\" data-index=\"8\" href=\"javascript:;\">\n\t\t  \t\t\t\t\t<img decoding=\"async\" data-src=\"https:\/\/www.bluecaribetours.com\/wp-content\/uploads\/2023\/05\/Mayan-Wedding-9.jpg\" alt=\"Mayan-Wedding-9\" src=\"data:image\/svg+xml;base64,PHN2ZyB3aWR0aD0iMSIgaGVpZ2h0PSIxIiB4bWxucz0iaHR0cDovL3d3dy53My5vcmcvMjAwMC9zdmciPjwvc3ZnPg==\" class=\"lazyload\" style=\"--smush-placeholder-width: 2560px; --smush-placeholder-aspect-ratio: 2560\/1707;\">\n\t\t  \t\t\t\t<\/a>\n\t\t\t\t\t<\/div>\n\t\t\t\t\t\t\t<\/div>\n\t\t<\/div>\n\t\t\t\t<div class=\"data-gallery\" data-gallery=\"[{&quot;src&quot;:&quot;https:\\\/\\\/www.bluecaribetours.com\\\/wp-content\\\/uploads\\\/2023\\\/05\\\/Mayan-Wedding-1.jpg&quot;,&quot;caption&quot;:&quot;Mayan-Wedding-1&quot;,&quot;thumb&quot;:&quot;https:\\\/\\\/www.bluecaribetours.com\\\/wp-content\\\/uploads\\\/2023\\\/05\\\/Mayan-Wedding-1.jpg&quot;},{&quot;src&quot;:&quot;https:\\\/\\\/www.bluecaribetours.com\\\/wp-content\\\/uploads\\\/2023\\\/05\\\/Mayan-Wedding-2.jpg&quot;,&quot;caption&quot;:&quot;Mayan-Wedding-2&quot;,&quot;thumb&quot;:&quot;https:\\\/\\\/www.bluecaribetours.com\\\/wp-content\\\/uploads\\\/2023\\\/05\\\/Mayan-Wedding-2.jpg&quot;},{&quot;src&quot;:&quot;https:\\\/\\\/www.bluecaribetours.com\\\/wp-content\\\/uploads\\\/2023\\\/05\\\/Mayan-Wedding-3.jpg&quot;,&quot;caption&quot;:&quot;Mayan-Wedding-3&quot;,&quot;thumb&quot;:&quot;https:\\\/\\\/www.bluecaribetours.com\\\/wp-content\\\/uploads\\\/2023\\\/05\\\/Mayan-Wedding-3.jpg&quot;},{&quot;src&quot;:&quot;https:\\\/\\\/www.bluecaribetours.com\\\/wp-content\\\/uploads\\\/2023\\\/05\\\/Mayan-Wedding-5.jpg&quot;,&quot;caption&quot;:&quot;Mayan-Wedding-5&quot;,&quot;thumb&quot;:&quot;https:\\\/\\\/www.bluecaribetours.com\\\/wp-content\\\/uploads\\\/2023\\\/05\\\/Mayan-Wedding-5.jpg&quot;},{&quot;src&quot;:&quot;https:\\\/\\\/www.bluecaribetours.com\\\/wp-content\\\/uploads\\\/2023\\\/05\\\/Mayan-Wedding-4.jpg&quot;,&quot;caption&quot;:&quot;Mayan-Wedding-4&quot;,&quot;thumb&quot;:&quot;https:\\\/\\\/www.bluecaribetours.com\\\/wp-content\\\/uploads\\\/2023\\\/05\\\/Mayan-Wedding-4.jpg&quot;},{&quot;src&quot;:&quot;https:\\\/\\\/www.bluecaribetours.com\\\/wp-content\\\/uploads\\\/2023\\\/05\\\/Mayan-Wedding-6.jpg&quot;,&quot;caption&quot;:&quot;Mayan-Wedding-6&quot;,&quot;thumb&quot;:&quot;https:\\\/\\\/www.bluecaribetours.com\\\/wp-content\\\/uploads\\\/2023\\\/05\\\/Mayan-Wedding-6.jpg&quot;},{&quot;src&quot;:&quot;https:\\\/\\\/www.bluecaribetours.com\\\/wp-content\\\/uploads\\\/2023\\\/05\\\/Mayan-Wedding-7.jpg&quot;,&quot;caption&quot;:&quot;Mayan-Wedding-7&quot;,&quot;thumb&quot;:&quot;https:\\\/\\\/www.bluecaribetours.com\\\/wp-content\\\/uploads\\\/2023\\\/05\\\/Mayan-Wedding-7.jpg&quot;},{&quot;src&quot;:&quot;https:\\\/\\\/www.bluecaribetours.com\\\/wp-content\\\/uploads\\\/2023\\\/05\\\/Mayan-Wedding-8.jpg&quot;,&quot;caption&quot;:&quot;Mayan-Wedding-8&quot;,&quot;thumb&quot;:&quot;https:\\\/\\\/www.bluecaribetours.com\\\/wp-content\\\/uploads\\\/2023\\\/05\\\/Mayan-Wedding-8.jpg&quot;},{&quot;src&quot;:&quot;https:\\\/\\\/www.bluecaribetours.com\\\/wp-content\\\/uploads\\\/2023\\\/05\\\/Mayan-Wedding-9.jpg&quot;,&quot;caption&quot;:&quot;Mayan-Wedding-9&quot;,&quot;thumb&quot;:&quot;https:\\\/\\\/www.bluecaribetours.com\\\/wp-content\\\/uploads\\\/2023\\\/05\\\/Mayan-Wedding-9.jpg&quot;}]\"><\/div>\n\t<\/div>\n\t\t\t\t\t\n\t\t\t\t<\/div>\n\t\t\t\t\t\t\t<\/div>\n\t\t\t\t<\/div>\n\t\t\t\t\t<\/div>\n\t\t<\/div>\n\t\t\t\t\t<\/div>\n\t\t<\/section>\n\t\t\t\t<section class=\"elementor-section elementor-top-section elementor-element elementor-element-46975da elementor-section-boxed elementor-section-height-default elementor-section-height-default\" data-id=\"46975da\" data-element_type=\"section\">\n\t\t\t\t\t\t<div class=\"elementor-container elementor-column-gap-default\">\n\t\t\t\t\t<div class=\"elementor-column elementor-col-50 elementor-top-column elementor-element elementor-element-4853206\" data-id=\"4853206\" data-element_type=\"column\">\n\t\t\t<div class=\"elementor-widget-wrap elementor-element-populated\">\n\t\t\t\t\t\t<div class=\"elementor-element elementor-element-44b05e2 elementor-widget elementor-widget-ovabrw_product_features\" data-id=\"44b05e2\" data-element_type=\"widget\" data-widget_type=\"ovabrw_product_features.default\">\n\t\t\t\t<div class=\"elementor-widget-container\">\n\t\t\t\t\t\t\t\t\t<div class=\"ovabrw-modern-product\">\n\t\t\t\t\t\n\t\t\t\t<\/div>\n\t\t\t\t\t\t\t<\/div>\n\t\t\t\t<\/div>\n\t\t\t\t\t<\/div>\n\t\t<\/div>\n\t\t\t\t<div class=\"elementor-column elementor-col-50 elementor-top-column elementor-element elementor-element-449a13b\" data-id=\"449a13b\" data-element_type=\"column\">\n\t\t\t<div class=\"elementor-widget-wrap elementor-element-populated\">\n\t\t\t\t\t\t<div class=\"elementor-element elementor-element-bf6b491 elementor-widget elementor-widget-heading\" data-id=\"bf6b491\" data-element_type=\"widget\" data-widget_type=\"heading.default\">\n\t\t\t\t<div class=\"elementor-widget-container\">\n\t\t\t\t\t<h2 class=\"elementor-heading-title elementor-size-default\">test<\/h2>\t\t\t\t<\/div>\n\t\t\t\t<\/div>\n\t\t\t\t<div class=\"elementor-element elementor-element-8c9b687 elementor-widget elementor-widget-shortcode\" data-id=\"8c9b687\" data-element_type=\"widget\" data-widget_type=\"shortcode.default\">\n\t\t\t\t<div class=\"elementor-widget-container\">\n\t\t\t\t\t\t\t<div class=\"elementor-shortcode\"><div class=\" ovabrw-modern-product\">\n\t\n<div class=\"ovabrw-product-calendar\">\n\t<h2 class=\"title\">Calendar<\/h2>\n\t<div class=\"wrap_calendar\">\n\t\t<div  \n\t\t\tclass=\"ovabrw__product_calendar ova-hide-time-calendar\" \n\t\t\tdata-number_limit=\"9997\" \n\t\t\tdata-lang=\"it\" \n\t\t\tdata-nav=\"\" \n\t\t\tdata-default_view=\"dayGridMonth\" \n\t\t\tdata-first-day=\"0\" \n\t\t\tdata-special-time='[]' \n\t\t\tdata-background-day='#c4c4c4' \n\t\t\tdata-disable_week_day='' \n\t\t\tdefault_hour_start=\"7:00 AM\"  \n\t\t\ttime_to_book_start=\"07:00, 07:30, 08:00, 08:30, 09:00, 09:30, 10:00, 10:30, 11:00, 11:30, 12:00, 12:30, 13:00, 13:30, 14:00, 14:30, 15:00, 15:30, 16:00, 16:30, 17:00, 17:30, 18:00\" \n\t\t\tprice_calendar='[]' \n\t\t\ttype_price='period_time' \n\t\t\torder_time=''\n\t\t\tdata_event_number=\"2\">\n\t\t<\/div>\n\t<\/div>\n\t<ul class=\"intruction_calendar\">\n\t\t<li>\n\t\t\t<span class=\"ovabrw-box ovabrw-available\"><\/span>\n\t\t\t<span>Available<\/span>\t\t\n\t\t<\/li>\n\t\t<li>\n\t\t\t<span class=\"ovabrw-box ovabrw-unavailable\"><\/span>\n\t\t\t<span>Unavailable<\/span>\n\t\t<\/li>\n\t<\/ul>\n<\/div><\/div>  <\/div>\n\t\t\t\t\t\t<\/div>\n\t\t\t\t<\/div>\n\t\t\t\t\t<\/div>\n\t\t<\/div>\n\t\t\t\t\t<\/div>\n\t\t<\/section>\n\t\t\t\t<section class=\"elementor-section elementor-top-section elementor-element elementor-element-564df59a elementor-section-boxed elementor-section-height-default elementor-section-height-default\" data-id=\"564df59a\" data-element_type=\"section\">\n\t\t\t\t\t\t<div class=\"elementor-container elementor-column-gap-default\">\n\t\t\t\t\t<div class=\"elementor-column elementor-col-100 elementor-top-column elementor-element elementor-element-6c794b4b\" data-id=\"6c794b4b\" data-element_type=\"column\">\n\t\t\t<div class=\"elementor-widget-wrap elementor-element-populated\">\n\t\t\t\t\t\t\t<\/div>\n\t\t<\/div>\n\t\t\t\t\t<\/div>\n\t\t<\/section>\n\t\t\t\t<section class=\"elementor-section elementor-top-section elementor-element elementor-element-2fc597c elementor-section-boxed elementor-section-height-default elementor-section-height-default\" data-id=\"2fc597c\" data-element_type=\"section\">\n\t\t\t\t\t\t<div class=\"elementor-container elementor-column-gap-default\">\n\t\t\t\t\t<div class=\"elementor-column elementor-col-100 elementor-top-column elementor-element elementor-element-71d3f7c\" data-id=\"71d3f7c\" data-element_type=\"column\">\n\t\t\t<div class=\"elementor-widget-wrap elementor-element-populated\">\n\t\t\t\t\t\t<div class=\"elementor-element elementor-element-fdf20ef elementor-widget elementor-widget-ovabrw_product_rating\" data-id=\"fdf20ef\" data-element_type=\"widget\" data-widget_type=\"ovabrw_product_rating.default\">\n\t\t\t\t<div class=\"elementor-widget-container\">\n\t\t\t\t\t\t\t\t\t<div class=\"ovabrw-modern-product\">\n\t\t\t\t\t<div class=\"pdfTour\">\n\t\n\t<button title=\"Add to Wishlist\" class=\"shopengine_add_to_list_action shopengine-wishlist badge inactive\" data-pid=\"6648\">\n\t\t\t\t<i class=\"shopengine-icon-add_to_favourite_1\"><\/i>\n\t\t\t<\/button>\n\n\t\t<\/div>\n\t\t\t\t<\/div>\n\t\t\t\t\t\t\t<\/div>\n\t\t\t\t<\/div>\n\t\t\t\t<div class=\"elementor-element elementor-element-028b9b3 elementor-widget elementor-widget-ovabrw_unavailable_time\" data-id=\"028b9b3\" data-element_type=\"widget\" data-widget_type=\"ovabrw_unavailable_time.default\">\n\t\t\t\t<div class=\"elementor-widget-container\">\n\t\t\t\t\t\t\t\t\t<div class=\"ovabrw-modern-product\">\n\t\t\t\t\t\t\t\t\t<\/div>\n\t\t\t\t\t\t\t<\/div>\n\t\t\t\t<\/div>\n\t\t\t\t<div class=\"elementor-element elementor-element-9387ccf elementor-widget elementor-widget-ovabrw_product_table_price\" data-id=\"9387ccf\" data-element_type=\"widget\" data-widget_type=\"ovabrw_product_table_price.default\">\n\t\t\t\t<div class=\"elementor-widget-container\">\n\t\t\t\t\t\t\t\t\t<div class=\"ovabrw-modern-product\">\n\t\t\t\t\t\t\t\t\t<\/div>\n\t\t\t\t\t\t\t<\/div>\n\t\t\t\t<\/div>\n\t\t\t\t<div class=\"elementor-element elementor-element-6a8a2f8 elementor-widget elementor-widget-ovabrw_product_price\" data-id=\"6a8a2f8\" data-element_type=\"widget\" data-widget_type=\"ovabrw_product_price.default\">\n\t\t\t\t<div class=\"elementor-widget-container\">\n\t\t\t\t\t\t\t\t\t<div class=\"ovabrw-modern-product\">\n\t\t\t\t\t<div class=\"ovabrw-product-price boxPrezzi\">\n\t<!-- modifica per prezzi scheda prodotto pubblici INOL3-->\n\t        <span class=\"unit textPrezzo\">Adulto<\/span>\n\t\t<span class=\"amount prezzo\"><span class=\"woocommerce-Price-amount amount\"><bdi><span class=\"custom-prc\">89.00<\/span><span class=\"woocommerce-Price-currencySymbol\">&#36;<\/span><\/bdi><\/span><\/span>\n\t<\/div>\t\t\t\t<\/div>\n\t\t\t\t\t\t\t<\/div>\n\t\t\t\t<\/div>\n\t\t\t\t<div class=\"elementor-element elementor-element-85f818e elementor-widget elementor-widget-ovabrw_product_booking_form\" data-id=\"85f818e\" data-element_type=\"widget\" data-widget_type=\"ovabrw_product_booking_form.default\">\n\t\t\t\t<div class=\"elementor-widget-container\">\n\t\t\t\t\t\t\t\t\t<div class=\"ovabrw-modern-product\">\n\t\t\t\t\t\t<div class=\"ovabrw-product-form-tabs\">\n\t\t<div class=\"ovabrw-tab-content\">\n\t\t\t\t\t\t<div class=\"item-content active ovabrw_booking_form\" id=\"modern-booking\">\n\t\t\t\t\t\n<style type=\"text\/css\">#booking-box .elementor-widget-text-editor { display: none !important; }<\/style><a class=\"btn_tran contact\" href=\"https:\/\/www.bluecaribetours.com\/contact\/\">Contattaci<\/a><!-- PASSA DI QUI inol3-->\n\t\t\t\t<\/div>\n\t\t\t\t\t<\/div>\n\t<\/div>\n\t\t\t\t<\/div>\n\t\t\t\t\t\t\t<\/div>\n\t\t\t\t<\/div>\n\t\t\t\t\t<\/div>\n\t\t<\/div>\n\t\t\t\t\t<\/div>\n\t\t<\/section>\n\t\t\t\t<\/div>\n\t\t","protected":false},"excerpt":{"rendered":"<h6>IL TOUR<\/h6>\n<p class=\"p1\">Se voi e il vostro partner state cercando di unire le vostre vite in modo spirituale, in connessione con l&#8217;universo e gli elementi della Madre Terra, la cerimonia Maya pre-ispanica \u00e8 la scelta ideale per voi.La cerimonia sacra che vi unir\u00e0 nel corpo e nello spirito \u00e8 condotta da uno sciamano maya che, attraverso la sua connessione con la madre terra, chieder\u00e0 in modo simbolico di essere sincronizzato con l&#8217;universo, invocando i quattro elementi per realizzare l&#8217;unione.<\/p>\n<p>Durante questa cerimonia, verranno utilizzate offerte di scambio per simboleggiare che riceveranno il frutto della terra e che si trasformer\u00e0 in sostentamento, cos\u00ec come l&#8217;unione e la prosperit\u00e0 che verranno in futuro.<br \/>\nSeguendo la tradizione, verranno lette le promesse matrimoniali e la coppia far\u00e0 un&#8217;offerta di fiori, semi, frutti e incenso che fanno riferimento ai quattro elementi della natura, che simboleggiano l&#8217;inizio della vita di coppia, oltre al cacao che simboleggia ricchezza, unione e prosperit\u00e0.<\/p>\n<p>&nbsp;<\/p>\n<h6 class=\"p1\">COSA INCLUDE?<\/h6>\n<p>\u2022 Cerimonia maya o preispanica<br \/>\n\u2022 Altare<br \/>\n\u2022 Offerte<br \/>\n\u2022 Pulizia di copale Rituale ai quattro punti cardinali<br \/>\n\u2022 Cascata di petali di rosa<br \/>\n\u2022 Vino e torta per due persone<br \/>\n\u2022 Coordinatore di nozze per l&#8217;intero evento<\/p>\n<p>&nbsp;<\/p>\n<h6 class=\"p1\">SERVIZI AGGIUNTIVI NON INCLUSI<\/h6>\n<p>\u2022 Trasporto privato<br \/>\n\u2022 Servizio fotografico<br \/>\n\u2022 Pasti e bevande (messicani, yucatechi, italiani&#8230;)<br \/>\n\u2022 Spettacolo del fuoco o rappresentazione preispanica<br \/>\n\u2022 Autentica danza preispanica<br \/>\n\u2022 Musica ancestrale<\/p>\n<p>Personalizzate il vostro tour in base alle vostre esigenze. Noi di Blue Caribe siamo esperti nella creazione di soluzioni su misura, quindi non esitate a chiedere informazioni su tutte le opzioni per sviluppare il vostro prodotto con la migliore qualit\u00e0 e attenzione.<\/p>\n<p class=\"p1\">\n","protected":false},"featured_media":6486,"comment_status":"open","ping_status":"closed","template":"","meta":{"_acf_changed":false,"inline_featured_image":false},"product_cat":[119],"product_tag":[125,124],"operation-days":[239,236,233,234,235,238,237],"class_list":{"0":"post-6648","1":"product","2":"type-product","3":"status-publish","4":"has-post-thumbnail","6":"product_cat-tour-privati-it","7":"product_tag-osservazione-della-natura","8":"product_tag-cenote-it","9":"operation-days-domenica","10":"operation-days-giovedi","11":"operation-days-lunedi","12":"operation-days-martedi","13":"operation-days-mercoledi","14":"operation-days-sabato","15":"operation-days-venerdi","17":"first","18":"instock","19":"shipping-taxable","20":"purchasable","21":"product-type-ovabrw_car_rental"},"acf":[],"_links":{"self":[{"href":"https:\/\/www.bluecaribetours.com\/it\/wp-json\/wp\/v2\/product\/6648"}],"collection":[{"href":"https:\/\/www.bluecaribetours.com\/it\/wp-json\/wp\/v2\/product"}],"about":[{"href":"https:\/\/www.bluecaribetours.com\/it\/wp-json\/wp\/v2\/types\/product"}],"replies":[{"embeddable":true,"href":"https:\/\/www.bluecaribetours.com\/it\/wp-json\/wp\/v2\/comments?post=6648"}],"version-history":[{"count":0,"href":"https:\/\/www.bluecaribetours.com\/it\/wp-json\/wp\/v2\/product\/6648\/revisions"}],"wp:featuredmedia":[{"embeddable":true,"href":"https:\/\/www.bluecaribetours.com\/it\/wp-json\/wp\/v2\/media\/6486"}],"wp:attachment":[{"href":"https:\/\/www.bluecaribetours.com\/it\/wp-json\/wp\/v2\/media?parent=6648"}],"wp:term":[{"taxonomy":"product_cat","embeddable":true,"href":"https:\/\/www.bluecaribetours.com\/it\/wp-json\/wp\/v2\/product_cat?post=6648"},{"taxonomy":"product_tag","embeddable":true,"href":"https:\/\/www.bluecaribetours.com\/it\/wp-json\/wp\/v2\/product_tag?post=6648"},{"taxonomy":"operation-days","embeddable":true,"href":"https:\/\/www.bluecaribetours.com\/it\/wp-json\/wp\/v2\/operation-days?post=6648"}],"curies":[{"name":"wp","href":"https:\/\/api.w.org\/{rel}","templated":true}]}}